{"id":20888,"date":"2025-07-22T19:05:29","date_gmt":"2025-07-22T17:05:29","guid":{"rendered":"https:\/\/uj.adatbank.ro\/lexikon\/termek\/strompel-istvan-%c2%a7\/"},"modified":"2025-07-22T19:05:29","modified_gmt":"2025-07-22T17:05:29","slug":"strompel-istvan-%c2%a7","status":"publish","type":"product","link":"https:\/\/uj.adatbank.ro\/lexikon\/termek\/strompel-istvan-%c2%a7\/","title":{"rendered":"STR\u00d6MPEL Istv\u00e1n, \u00a7"},"content":{"rendered":"<p>Balav\u00e1s\u00e1r, 1916. m\u00e1rc. 23., \u2020\u00a0Mv., 1995. aug. 9.: orvos, vit\u00e9z. \u2013 K\u00f6rorvos volt Szentdemeteren, Balav\u00e1s\u00e1ron \u00e9s feles\u00e9g\u00e9vel seg\u00edtette munk\u00e1j\u00e1ban P\u00e1l Gyula pl\u00e9b\u00e1nost. A II. vh.-ban tart. z\u00e1szl\u00f3si rangban vett r\u00e9szt. \u00c1tk\u00e9pz\u00e9sre a mv.-i 27\/ III. z\u00e1szl\u00f3aljhoz h\u00edvt\u00e1k be (1942. \u00e1pr. 23.\u2013). Leszerelt\u00e9k (1942. okt. 1.). K\u00f6rorvos az Erd\u0151szentgy\u00f6rgyi j\u00e1r\u00e1sban. Tartal\u00e9kos z\u00e1szl\u00f3ss\u00e1 l\u00e9ptett\u00e9k el\u0151 (1943. m\u00e1j. 1.), hadiszolg\u00e1latra h\u00edvt\u00e1k be, hadm\u0171veleti ter\u00fcletre mint a 27\/ III. szakaszparancsnoka vett r\u00e9szt, megsebes\u00fclt (1944. j\u00fan. 28.), majd leszerelt\u00e9k. <br \/><strong>Irod.:<\/strong> Berekm\u00e9ri; Berekm\u00e9ri\u2013Nemes; Berekm\u00e9ri: A mv.-i 27. hadoszt\u00e1ly; Maros-k\u00fck\u00fcll\u0151i f\u0151esp.<\/br><\/p>\n","protected":false},"excerpt":{"rendered":"<p>Balav\u00e1s\u00e1r, 1916. m\u00e1rc. 23., \u2020\u00a0Mv., 1995. aug. 9.: orvos, vit\u00e9z. \u2013 K\u00f6rorvos volt Szentdemeteren, Balav\u00e1s\u00e1ron \u00e9s feles\u00e9g\u00e9vel seg\u00edtette munk\u00e1j\u00e1ban P\u00e1l Gyula pl\u00e9b\u00e1nost. A II. vh.-ban tart. z\u00e1szl\u00f3si rangban vett r\u00e9szt. \u00c1tk\u00e9pz\u00e9sre a mv.-i 27\/ III. z\u00e1szl\u00f3aljhoz h\u00edvt\u00e1k be (1942. \u00e1pr. 23.\u2013). Leszerelt\u00e9k (1942. okt. 1.). K\u00f6rorvos az Erd\u0151szentgy\u00f6rgyi j\u00e1r\u00e1sban. Tartal\u00e9kos z\u00e1szl\u00f3ss\u00e1 l\u00e9ptett\u00e9k el\u0151 (1943. m\u00e1j. [&hellip;]<\/p>\n","protected":false},"featured_media":0,"comment_status":"open","ping_status":"closed","template":"","meta":[],"product_brand":[],"product_cat":[137],"product_tag":[],"class_list":{"0":"post-20888","1":"product","2":"type-product","3":"status-publish","5":"product_cat-maros-megyei-eletrajzi-lexikon","7":"first","8":"instock","9":"shipping-taxable","10":"product-type-simple"},"_links":{"self":[{"href":"https:\/\/uj.adatbank.ro\/lexikon\/wp-json\/wp\/v2\/product\/20888","targetHints":{"allow":["GET"]}}],"collection":[{"href":"https:\/\/uj.adatbank.ro\/lexikon\/wp-json\/wp\/v2\/product"}],"about":[{"href":"https:\/\/uj.adatbank.ro\/lexikon\/wp-json\/wp\/v2\/types\/product"}],"replies":[{"embeddable":true,"href":"https:\/\/uj.adatbank.ro\/lexikon\/wp-json\/wp\/v2\/comments?post=20888"}],"wp:attachment":[{"href":"https:\/\/uj.adatbank.ro\/lexikon\/wp-json\/wp\/v2\/media?parent=20888"}],"wp:term":[{"taxonomy":"product_brand","embeddable":true,"href":"https:\/\/uj.adatbank.ro\/lexikon\/wp-json\/wp\/v2\/product_brand?post=20888"},{"taxonomy":"product_cat","embeddable":true,"href":"https:\/\/uj.adatbank.ro\/lexikon\/wp-json\/wp\/v2\/product_cat?post=20888"},{"taxonomy":"product_tag","embeddable":true,"href":"https:\/\/uj.adatbank.ro\/lexikon\/wp-json\/wp\/v2\/product_tag?post=20888"}],"curies":[{"name":"wp","href":"https:\/\/api.w.org\/{rel}","templated":true}]}}