{"id":2089,"date":"2025-06-28T12:03:28","date_gmt":"2025-06-28T10:03:28","guid":{"rendered":"https:\/\/uj.adatbank.ro\/lexikon\/termek\/balogh-laszlo-%c2%a7\/"},"modified":"2025-06-28T12:03:28","modified_gmt":"2025-06-28T10:03:28","slug":"balogh-laszlo-%c2%a7","status":"publish","type":"product","link":"https:\/\/uj.adatbank.ro\/lexikon\/termek\/balogh-laszlo-%c2%a7\/","title":{"rendered":"BALOGH L\u00e1szl\u00f3, \u00a7"},"content":{"rendered":"<p>Bar\u00e1tos, 1914. m\u00e1j. 13., \u2020 Mv., 1976. szept. 24.: fizikus, egyetemi el\u0151ad\u00f3 tan\u00e1r. \u2013 Helyettes tan\u00e1r a mv.-i Ref. Koll.-ban (1939\u201340). A kv.-i egyetemen szerzett fizika \u00e9s k\u00e9mia tan\u00e1ri oklevelet (1944) \u00e9s doktor\u00e1tust. Tan\u00e1rseg\u00e9d a kv.-i egyetemen az \u00c9lettani, majd a Biok\u00e9miai tansz\u00e9ken. Mv.-en az OGYI el\u0151ad\u00f3 tan\u00e1ra az Orvosi Kar Fizika tansz\u00e9k\u00e9nek vezet\u00e9s\u00e9vel b\u00edzt\u00e1k meg (1947\u2013), m. nyelven oktatta a gy\u00f3gyszer\u00e9szeti fizik\u00e1t (1952\u201361), a MOGYI Orvosi Biofizika tansz\u00e9kvezet\u0151 el\u0151ad\u00f3tan\u00e1ra (1948\u201362), majd a biofizikai kar\u00e1t vezette (1962\u2013), a Gy\u00f3gyszer\u00e9szeti kar prod\u00e9k\u00e1nja (1950. okt. 1. \u2013 1953. \u00e1pr. 30.). K\u00f6z\u00f6l az Orvosi Szeml\u00e9ben, Studii \u015fi cercet\u0103ri de chimie, Studii \u015fi cercet\u0103ri de fizic\u0103 \u015fi \u015ftiin\u0163e tehnice, Archives de l`Union Medical Balcanique c. lapokban. \u2013 <strong>F. m.:<\/strong> Fizika orvostanhallgat\u00f3k r\u00e9sz\u00e9re (Mv., 1951, 1954); <strong>t\u00e1rssz.:<\/strong> Fizika gyakorlati jegyzet orvostanhallgat\u00f3k \u00e9s gy\u00f3gyszer\u00e9szhallgat\u00f3k r\u00e9sz\u00e9re (Barab\u00e1s B\u00e9l\u00e1val, Szab\u00f3 Endr\u00e9vel; Mv., 1954); Mechanika (Mv., 1954); H\u0151tan (Mv., 1954); Elektromoss\u00e1gtan orvostanhallgat\u00f3k r\u00e9sz\u00e9re (Mv., 1954); Fizika (Mv., 1958); <br \/><strong>Irod.:<\/strong> Barab\u00e1s-P\u00e9ter M.-P\u00e9ter H. M.; Dezs\u0151 Istv\u00e1n; Facultatea de Farmacie; Genersich; Id\u0151t\u00e1r 4.; Mv. t\u00f6rt. 2.; Nagy L; P\u00e9ter H. M.; P\u00e9ter H. M.; P. H. M.: Eml\u00e9kez\u00e9s dr. Balogh L\u00e1szl\u00f3ra. (N\u00fa., 2021. febr. 18.); RMIL1.; Sk\u00f3la; Todea\u2013F\u00fcl\u00f6p\u2013Avram; T\u0151k\u00e9s<\/br><\/p>\n","protected":false},"excerpt":{"rendered":"<p>Bar\u00e1tos, 1914. m\u00e1j. 13., \u2020 Mv., 1976. szept. 24.: fizikus, egyetemi el\u0151ad\u00f3 tan\u00e1r. \u2013 Helyettes tan\u00e1r a mv.-i Ref. Koll.-ban (1939\u201340). A kv.-i egyetemen szerzett fizika \u00e9s k\u00e9mia tan\u00e1ri oklevelet (1944) \u00e9s doktor\u00e1tust. Tan\u00e1rseg\u00e9d a kv.-i egyetemen az \u00c9lettani, majd a Biok\u00e9miai tansz\u00e9ken. Mv.-en az OGYI el\u0151ad\u00f3 tan\u00e1ra az Orvosi Kar Fizika tansz\u00e9k\u00e9nek vezet\u00e9s\u00e9vel b\u00edzt\u00e1k [&hellip;]<\/p>\n","protected":false},"featured_media":0,"comment_status":"open","ping_status":"closed","template":"","meta":[],"product_brand":[],"product_cat":[137],"product_tag":[],"class_list":{"0":"post-2089","1":"product","2":"type-product","3":"status-publish","5":"product_cat-maros-megyei-eletrajzi-lexikon","7":"first","8":"instock","9":"shipping-taxable","10":"product-type-simple"},"_links":{"self":[{"href":"https:\/\/uj.adatbank.ro\/lexikon\/wp-json\/wp\/v2\/product\/2089","targetHints":{"allow":["GET"]}}],"collection":[{"href":"https:\/\/uj.adatbank.ro\/lexikon\/wp-json\/wp\/v2\/product"}],"about":[{"href":"https:\/\/uj.adatbank.ro\/lexikon\/wp-json\/wp\/v2\/types\/product"}],"replies":[{"embeddable":true,"href":"https:\/\/uj.adatbank.ro\/lexikon\/wp-json\/wp\/v2\/comments?post=2089"}],"wp:attachment":[{"href":"https:\/\/uj.adatbank.ro\/lexikon\/wp-json\/wp\/v2\/media?parent=2089"}],"wp:term":[{"taxonomy":"product_brand","embeddable":true,"href":"https:\/\/uj.adatbank.ro\/lexikon\/wp-json\/wp\/v2\/product_brand?post=2089"},{"taxonomy":"product_cat","embeddable":true,"href":"https:\/\/uj.adatbank.ro\/lexikon\/wp-json\/wp\/v2\/product_cat?post=2089"},{"taxonomy":"product_tag","embeddable":true,"href":"https:\/\/uj.adatbank.ro\/lexikon\/wp-json\/wp\/v2\/product_tag?post=2089"}],"curies":[{"name":"wp","href":"https:\/\/api.w.org\/{rel}","templated":true}]}}