{"id":20892,"date":"2025-07-22T19:05:37","date_gmt":"2025-07-22T17:05:37","guid":{"rendered":"https:\/\/uj.adatbank.ro\/lexikon\/termek\/stugren-bogdan-%c2%a7\/"},"modified":"2025-07-22T19:05:37","modified_gmt":"2025-07-22T17:05:37","slug":"stugren-bogdan-%c2%a7","status":"publish","type":"product","link":"https:\/\/uj.adatbank.ro\/lexikon\/termek\/stugren-bogdan-%c2%a7\/","title":{"rendered":"STUGREN, Bogdan, \u00a7"},"content":{"rendered":"<p>Sz\u00e1szr\u00e9gen, 1928. szept. 9., \u2020 Kv., 1993. m\u00e1rc. 17: biol\u00f3gus, zool\u00f3gus, ekol\u00f3gus. \u2013 Ifj\u00fas\u00e1g\u00e1t Bukovin\u00e1ban t\u00f6lt\u00f6tte. Az egyetemet Kv.-on v\u00e9gezte a Term\u00e9szettudom\u00e1nyi Karon \u00c1llattan szakon (1948\u2013); doktor\u00e1lt (1962). A kv.-i egyetemen kezdte p\u00e1ly\u00e1j\u00e1t mint gyakornok, tan\u00e1rseg\u00e9d, prof.-i c\u00edmet csak 1989-ben kapta meg, \u00e9lete utols\u00f3 szakasz\u00e1ban a gerincesek \u00e1llattan\u00e1t tan\u00edtotta. Kutat\u00e1si ter\u00fclete: h\u00fcll\u0151k \u00e9s k\u00e9t\u00e9lt\u0171ek, \u00faj\u00edt\u00e1snak sz\u00e1m\u00edt a statisztika \u00e9s biostatisztika bevezet\u00e9se az \u00e1llattani kutat\u00e1sokba. Gyalogt\u00far\u00e1kat v\u00e9gzett megfigyel\u00e9si \u00e9s kutat\u00e1si c\u00e9llal a Kelemen\u2013G\u00f6rg\u00e9nyi Havasokban, Hargita, Cs\u00edki-hegyekben, Nyugati K\u00e1rp\u00e1tokban, Vasl\u00e1bon, Cs\u00edkszentkir\u00e1lyon, a Lucs \u00e9s a Marosv\u00f6lgy\u00e9ben. T\u00f6bb mint 60 tudom\u00e1nyos dolgozatot \u00edrt az \u00f6kol\u00f3gia, herpetol\u00f3gia, evol\u00faci\u00f3 elm\u00e9let ter\u00fclet\u00e9r\u0151l \u00e9s t\u00f6bb tank\u00f6nyvet adott ki. Az \u00f6kol\u00f3gia megalap\u00edt\u00f3j\u00e1nak tekinti a rom\u00e1n szakirodalom. A mv.-i Vatra c. foly\u00f3iratban \u00edrt. Sz\u00e1mos hazai \u00e9s nemzetk\u00f6zi tudom\u00e1nyos tan\u00e1cskoz\u00e1son vett r\u00e9szt. <strong>Kit\u00fcntet\u00e9sei:<\/strong> Tudom\u00e1nyos \u00c9rdemrend; a RTA Emil Teodorescu d\u00edja. T\u00f6bb nemzetk\u00f6zi t\u00e1rsas\u00e1g tagja: H\u00fcll\u0151ket \u00e9s k\u00e9t\u00e9lt\u0171eket kutat\u00f3 t\u00e1rsas\u00e1g, Kansas, a Nemzetk\u00f6zi Term\u00e9szetv\u00e9d\u0151 T\u00e1rsas\u00e1g (Uniunea Internat. pentru Conservarea Naturii). \u2013 <strong>F. m.<\/strong>: Ecologie general\u0103 (Buc., 1960, 1975); Ecologie general\u0103: cu elemente de ocrotirea naturii. (Buc., 1965.); \u015etiin\u0163a evolu\u0163iei: probleme, dispute, perspective (Buc., 1965); Evolu\u0163ionismul \u00een secolul 20: certitudini, divergen\u0163e, idealuri (Buc., 1969.); Maimu\u0163a \u00een\u0163eleapt\u0103: eseuri literar \u015ftiin\u0163ifice (Cluj-N., 1971); Grundlagen der allgemeinen \u00d6kologie. (Jena, 1972, 1974, 1978, 1986. (lengyel\u00fcl \u2013 1976; rom\u00e1nul \u2013 1982, 1994); Elemente de ecologie general\u0103. (Buc., 1975); Bazele ecologiei generale (Buc., 1982, 1986.); Ocrotirea naturii (1988.); <strong>t\u00e1rssz.:<\/strong> Biologie general\u0103, genetic\u0103 \u015fi ameliorare (Buican, Dumitruval; Buc., 1969); Ecologie: Probleme generale \u015fi de tehnologie didactic\u0103 (Killyen,Hansgeorg-gal; Buc., 1975); Mic\u0103 enciclopedie de biologie \u015fi medicin\u0103 (S\u0103hleanu Victorral; Buc., 1976); Personalit\u0103\u0163i ale \u015ftiin\u0163ei: mic dic\u0163ionar (Buc., 1977); Probleme moderne de ecologie (1982.); Handbuch der Reptilien und Asmphibien Europas (Bonn, Wiesbaden, 1985.); Ecologie (1988.); Dic\u0163ionar enciclopedic. Vol. 1. (Buc., 1993.), Istoria biologiei in date (Buc., 1996); <strong>szerk.:<\/strong> Ocrotirea naturii: Tradi\u0163ii, actualitate, perspective (cikkek; Cluj, 1988). <br \/><strong>Irod.:<\/strong> Fornade; Husar; Profiluri reghinene; Todea.<\/br><\/p>\n","protected":false},"excerpt":{"rendered":"<p>Sz\u00e1szr\u00e9gen, 1928. szept. 9., \u2020 Kv., 1993. m\u00e1rc. 17: biol\u00f3gus, zool\u00f3gus, ekol\u00f3gus. \u2013 Ifj\u00fas\u00e1g\u00e1t Bukovin\u00e1ban t\u00f6lt\u00f6tte. Az egyetemet Kv.-on v\u00e9gezte a Term\u00e9szettudom\u00e1nyi Karon \u00c1llattan szakon (1948\u2013); doktor\u00e1lt (1962). A kv.-i egyetemen kezdte p\u00e1ly\u00e1j\u00e1t mint gyakornok, tan\u00e1rseg\u00e9d, prof.-i c\u00edmet csak 1989-ben kapta meg, \u00e9lete utols\u00f3 szakasz\u00e1ban a gerincesek \u00e1llattan\u00e1t tan\u00edtotta. Kutat\u00e1si ter\u00fclete: h\u00fcll\u0151k \u00e9s k\u00e9t\u00e9lt\u0171ek, \u00faj\u00edt\u00e1snak [&hellip;]<\/p>\n","protected":false},"featured_media":0,"comment_status":"open","ping_status":"closed","template":"","meta":[],"product_brand":[],"product_cat":[137],"product_tag":[],"class_list":{"0":"post-20892","1":"product","2":"type-product","3":"status-publish","5":"product_cat-maros-megyei-eletrajzi-lexikon","7":"first","8":"instock","9":"shipping-taxable","10":"product-type-simple"},"_links":{"self":[{"href":"https:\/\/uj.adatbank.ro\/lexikon\/wp-json\/wp\/v2\/product\/20892","targetHints":{"allow":["GET"]}}],"collection":[{"href":"https:\/\/uj.adatbank.ro\/lexikon\/wp-json\/wp\/v2\/product"}],"about":[{"href":"https:\/\/uj.adatbank.ro\/lexikon\/wp-json\/wp\/v2\/types\/product"}],"replies":[{"embeddable":true,"href":"https:\/\/uj.adatbank.ro\/lexikon\/wp-json\/wp\/v2\/comments?post=20892"}],"wp:attachment":[{"href":"https:\/\/uj.adatbank.ro\/lexikon\/wp-json\/wp\/v2\/media?parent=20892"}],"wp:term":[{"taxonomy":"product_brand","embeddable":true,"href":"https:\/\/uj.adatbank.ro\/lexikon\/wp-json\/wp\/v2\/product_brand?post=20892"},{"taxonomy":"product_cat","embeddable":true,"href":"https:\/\/uj.adatbank.ro\/lexikon\/wp-json\/wp\/v2\/product_cat?post=20892"},{"taxonomy":"product_tag","embeddable":true,"href":"https:\/\/uj.adatbank.ro\/lexikon\/wp-json\/wp\/v2\/product_tag?post=20892"}],"curies":[{"name":"wp","href":"https:\/\/api.w.org\/{rel}","templated":true}]}}