{"id":20895,"date":"2025-07-22T19:05:42","date_gmt":"2025-07-22T17:05:42","guid":{"rendered":"https:\/\/uj.adatbank.ro\/lexikon\/termek\/stupineanu-constantin\/"},"modified":"2025-07-22T19:05:42","modified_gmt":"2025-07-22T17:05:42","slug":"stupineanu-constantin","status":"publish","type":"product","link":"https:\/\/uj.adatbank.ro\/lexikon\/termek\/stupineanu-constantin\/","title":{"rendered":"STUPINEANU, Constantin"},"content":{"rendered":"<p>1924. jan. 16., \u2020?: k\u00e1pl\u00e1n. R\u00e9geni lakos. \u2013 A 34. ezredben szolg\u00e1lt C\u0103l\u0103ra\u015fiban. A rom\u00e1n hadsereggel r\u00e9szt vett a nyugati hadj\u00e1ratban (1944. aug. 23. \u2013 45. m\u00e1j. 9.). Kit\u00fcntet\u00e9se: B\u0103rb\u0103\u0163ie \u015fi credin\u0163\u0103. <br \/><strong>Irod.:<\/strong> Reghin, militari.<\/br><\/p>\n","protected":false},"excerpt":{"rendered":"<p>1924. jan. 16., \u2020?: k\u00e1pl\u00e1n. R\u00e9geni lakos. \u2013 A 34. ezredben szolg\u00e1lt C\u0103l\u0103ra\u015fiban. A rom\u00e1n hadsereggel r\u00e9szt vett a nyugati hadj\u00e1ratban (1944. aug. 23. \u2013 45. m\u00e1j. 9.). Kit\u00fcntet\u00e9se: B\u0103rb\u0103\u0163ie \u015fi credin\u0163\u0103. Irod.: Reghin, militari.<\/p>\n","protected":false},"featured_media":0,"comment_status":"open","ping_status":"closed","template":"","meta":[],"product_brand":[],"product_cat":[137],"product_tag":[],"class_list":{"0":"post-20895","1":"product","2":"type-product","3":"status-publish","5":"product_cat-maros-megyei-eletrajzi-lexikon","7":"first","8":"instock","9":"shipping-taxable","10":"product-type-simple"},"_links":{"self":[{"href":"https:\/\/uj.adatbank.ro\/lexikon\/wp-json\/wp\/v2\/product\/20895","targetHints":{"allow":["GET"]}}],"collection":[{"href":"https:\/\/uj.adatbank.ro\/lexikon\/wp-json\/wp\/v2\/product"}],"about":[{"href":"https:\/\/uj.adatbank.ro\/lexikon\/wp-json\/wp\/v2\/types\/product"}],"replies":[{"embeddable":true,"href":"https:\/\/uj.adatbank.ro\/lexikon\/wp-json\/wp\/v2\/comments?post=20895"}],"wp:attachment":[{"href":"https:\/\/uj.adatbank.ro\/lexikon\/wp-json\/wp\/v2\/media?parent=20895"}],"wp:term":[{"taxonomy":"product_brand","embeddable":true,"href":"https:\/\/uj.adatbank.ro\/lexikon\/wp-json\/wp\/v2\/product_brand?post=20895"},{"taxonomy":"product_cat","embeddable":true,"href":"https:\/\/uj.adatbank.ro\/lexikon\/wp-json\/wp\/v2\/product_cat?post=20895"},{"taxonomy":"product_tag","embeddable":true,"href":"https:\/\/uj.adatbank.ro\/lexikon\/wp-json\/wp\/v2\/product_tag?post=20895"}],"curies":[{"name":"wp","href":"https:\/\/api.w.org\/{rel}","templated":true}]}}