{"id":20902,"date":"2025-07-22T19:05:58","date_gmt":"2025-07-22T17:05:58","guid":{"rendered":"https:\/\/uj.adatbank.ro\/lexikon\/termek\/sturzer-daniel\/"},"modified":"2025-07-22T19:05:58","modified_gmt":"2025-07-22T17:05:58","slug":"sturzer-daniel","status":"publish","type":"product","link":"https:\/\/uj.adatbank.ro\/lexikon\/termek\/sturzer-daniel\/","title":{"rendered":"ST\u00dcRZER, D\u00e1niel"},"content":{"rendered":"<p>? \u2020\u00a0Segesv\u00e1r, 1737,: gy\u00f3gyszer\u00e9sz. \u2013 Segesv\u00e1ron a v\u00e1rosi gy\u00f3gyszert\u00e1rban (1720\u2013) volt gy\u00f3gyszer\u00e9sz, amit megvett \u00e9s Oroszl\u00e1n n\u00e9ven m\u0171k\u00f6dtette hall\u00e1l\u00e1ig (1732\u201337). A gy\u00f3gyszert\u00e1rt fia, ifj. St. D\u00e1niel m\u0171k\u00f6dtette tov\u00e1bb. <br \/><strong>Irod.:<\/strong> P\u00e9ter H. M.<\/br><\/p>\n","protected":false},"excerpt":{"rendered":"<p>? \u2020\u00a0Segesv\u00e1r, 1737,: gy\u00f3gyszer\u00e9sz. \u2013 Segesv\u00e1ron a v\u00e1rosi gy\u00f3gyszert\u00e1rban (1720\u2013) volt gy\u00f3gyszer\u00e9sz, amit megvett \u00e9s Oroszl\u00e1n n\u00e9ven m\u0171k\u00f6dtette hall\u00e1l\u00e1ig (1732\u201337). A gy\u00f3gyszert\u00e1rt fia, ifj. St. D\u00e1niel m\u0171k\u00f6dtette tov\u00e1bb. Irod.: P\u00e9ter H. M.<\/p>\n","protected":false},"featured_media":0,"comment_status":"open","ping_status":"closed","template":"","meta":[],"product_brand":[],"product_cat":[137],"product_tag":[],"class_list":{"0":"post-20902","1":"product","2":"type-product","3":"status-publish","5":"product_cat-maros-megyei-eletrajzi-lexikon","7":"first","8":"instock","9":"shipping-taxable","10":"product-type-simple"},"_links":{"self":[{"href":"https:\/\/uj.adatbank.ro\/lexikon\/wp-json\/wp\/v2\/product\/20902","targetHints":{"allow":["GET"]}}],"collection":[{"href":"https:\/\/uj.adatbank.ro\/lexikon\/wp-json\/wp\/v2\/product"}],"about":[{"href":"https:\/\/uj.adatbank.ro\/lexikon\/wp-json\/wp\/v2\/types\/product"}],"replies":[{"embeddable":true,"href":"https:\/\/uj.adatbank.ro\/lexikon\/wp-json\/wp\/v2\/comments?post=20902"}],"wp:attachment":[{"href":"https:\/\/uj.adatbank.ro\/lexikon\/wp-json\/wp\/v2\/media?parent=20902"}],"wp:term":[{"taxonomy":"product_brand","embeddable":true,"href":"https:\/\/uj.adatbank.ro\/lexikon\/wp-json\/wp\/v2\/product_brand?post=20902"},{"taxonomy":"product_cat","embeddable":true,"href":"https:\/\/uj.adatbank.ro\/lexikon\/wp-json\/wp\/v2\/product_cat?post=20902"},{"taxonomy":"product_tag","embeddable":true,"href":"https:\/\/uj.adatbank.ro\/lexikon\/wp-json\/wp\/v2\/product_tag?post=20902"}],"curies":[{"name":"wp","href":"https:\/\/api.w.org\/{rel}","templated":true}]}}