{"id":20906,"date":"2025-07-22T19:06:07","date_gmt":"2025-07-22T17:06:07","guid":{"rendered":"https:\/\/uj.adatbank.ro\/lexikon\/termek\/sturzu-olivia\/"},"modified":"2025-07-22T19:06:07","modified_gmt":"2025-07-22T17:06:07","slug":"sturzu-olivia","status":"publish","type":"product","link":"https:\/\/uj.adatbank.ro\/lexikon\/termek\/sturzu-olivia\/","title":{"rendered":"STURZU, Olivia"},"content":{"rendered":"<p>Erd\u0151alja, 1897., \u2020 T\u00e2rzia, 1964. \u00e1pr. 11.: tan\u00edt\u00f3n\u0151, n\u00e9pk\u00f6lt\u00e9szeti gy\u0171jt\u0151. \u2013 Elemi iskol\u00e1t a sz\u00fcl\u0151faluban v\u00e9gezte (1904\u20131911), mag\u00e1n\u00faton tett le 4 oszt\u00e1lyt (1911\u20131915), 3 \u00e9vet tanult Ia\u015fiban, tan\u00edt\u00f3i oklevelet szerzett (1920). T\u00e2rzia (Neam\u0163) faluban tan\u00edt\u00f3n\u0151k\u00e9nt dolgozott (1920\u201350). Munkat\u00e1rsa volt az Arhiva de folclor foly\u00f3iratnak Kv.-on. Kit\u00fcntett\u00e9k. \u2013 <strong>F. m.<\/strong>: <strong>t\u00e1rssz.:<\/strong> Strig\u0103turi \u015fi c\u00e2ntece populare culese din satele T\u00e2rzia \u015fi Moi\u015fa, jude\u0163ul Baia (Afia Apetroaie-val; F\u0103lticeni, 1944). <br \/><strong>Irod.:<\/strong> Cosma; Datcu.<\/br><\/p>\n","protected":false},"excerpt":{"rendered":"<p>Erd\u0151alja, 1897., \u2020 T\u00e2rzia, 1964. \u00e1pr. 11.: tan\u00edt\u00f3n\u0151, n\u00e9pk\u00f6lt\u00e9szeti gy\u0171jt\u0151. \u2013 Elemi iskol\u00e1t a sz\u00fcl\u0151faluban v\u00e9gezte (1904\u20131911), mag\u00e1n\u00faton tett le 4 oszt\u00e1lyt (1911\u20131915), 3 \u00e9vet tanult Ia\u015fiban, tan\u00edt\u00f3i oklevelet szerzett (1920). T\u00e2rzia (Neam\u0163) faluban tan\u00edt\u00f3n\u0151k\u00e9nt dolgozott (1920\u201350). Munkat\u00e1rsa volt az Arhiva de folclor foly\u00f3iratnak Kv.-on. Kit\u00fcntett\u00e9k. \u2013 F. m.: t\u00e1rssz.: Strig\u0103turi \u015fi c\u00e2ntece populare culese [&hellip;]<\/p>\n","protected":false},"featured_media":0,"comment_status":"open","ping_status":"closed","template":"","meta":[],"product_brand":[],"product_cat":[137],"product_tag":[],"class_list":{"0":"post-20906","1":"product","2":"type-product","3":"status-publish","5":"product_cat-maros-megyei-eletrajzi-lexikon","7":"first","8":"instock","9":"shipping-taxable","10":"product-type-simple"},"_links":{"self":[{"href":"https:\/\/uj.adatbank.ro\/lexikon\/wp-json\/wp\/v2\/product\/20906","targetHints":{"allow":["GET"]}}],"collection":[{"href":"https:\/\/uj.adatbank.ro\/lexikon\/wp-json\/wp\/v2\/product"}],"about":[{"href":"https:\/\/uj.adatbank.ro\/lexikon\/wp-json\/wp\/v2\/types\/product"}],"replies":[{"embeddable":true,"href":"https:\/\/uj.adatbank.ro\/lexikon\/wp-json\/wp\/v2\/comments?post=20906"}],"wp:attachment":[{"href":"https:\/\/uj.adatbank.ro\/lexikon\/wp-json\/wp\/v2\/media?parent=20906"}],"wp:term":[{"taxonomy":"product_brand","embeddable":true,"href":"https:\/\/uj.adatbank.ro\/lexikon\/wp-json\/wp\/v2\/product_brand?post=20906"},{"taxonomy":"product_cat","embeddable":true,"href":"https:\/\/uj.adatbank.ro\/lexikon\/wp-json\/wp\/v2\/product_cat?post=20906"},{"taxonomy":"product_tag","embeddable":true,"href":"https:\/\/uj.adatbank.ro\/lexikon\/wp-json\/wp\/v2\/product_tag?post=20906"}],"curies":[{"name":"wp","href":"https:\/\/api.w.org\/{rel}","templated":true}]}}