{"id":20907,"date":"2025-07-22T19:06:09","date_gmt":"2025-07-22T17:06:09","guid":{"rendered":"https:\/\/uj.adatbank.ro\/lexikon\/termek\/stutz-leonard-mihaly-fr\/"},"modified":"2025-07-22T19:06:09","modified_gmt":"2025-07-22T17:06:09","slug":"stutz-leonard-mihaly-fr","status":"publish","type":"product","link":"https:\/\/uj.adatbank.ro\/lexikon\/termek\/stutz-leonard-mihaly-fr\/","title":{"rendered":"ST\u00dcTZ Leon\u00e1rd Mih\u00e1ly, Fr."},"content":{"rendered":"<p>Pozsony, 1753., \u2020 Mikh\u00e1za, 1807. j\u00fal. 18.: laikus ferences szerzetes. Be\u00f6lt\u00f6z\u00f6tt (1775. dec. 7.) lakatos mesterember. <br \/><strong>Irod.:<\/strong> Gy\u00f6rgy: A ferencrendiek.<\/br><\/p>\n","protected":false},"excerpt":{"rendered":"<p>Pozsony, 1753., \u2020 Mikh\u00e1za, 1807. j\u00fal. 18.: laikus ferences szerzetes. Be\u00f6lt\u00f6z\u00f6tt (1775. dec. 7.) lakatos mesterember. Irod.: Gy\u00f6rgy: A ferencrendiek.<\/p>\n","protected":false},"featured_media":0,"comment_status":"open","ping_status":"closed","template":"","meta":[],"product_brand":[],"product_cat":[137],"product_tag":[],"class_list":{"0":"post-20907","1":"product","2":"type-product","3":"status-publish","5":"product_cat-maros-megyei-eletrajzi-lexikon","7":"first","8":"instock","9":"shipping-taxable","10":"product-type-simple"},"_links":{"self":[{"href":"https:\/\/uj.adatbank.ro\/lexikon\/wp-json\/wp\/v2\/product\/20907","targetHints":{"allow":["GET"]}}],"collection":[{"href":"https:\/\/uj.adatbank.ro\/lexikon\/wp-json\/wp\/v2\/product"}],"about":[{"href":"https:\/\/uj.adatbank.ro\/lexikon\/wp-json\/wp\/v2\/types\/product"}],"replies":[{"embeddable":true,"href":"https:\/\/uj.adatbank.ro\/lexikon\/wp-json\/wp\/v2\/comments?post=20907"}],"wp:attachment":[{"href":"https:\/\/uj.adatbank.ro\/lexikon\/wp-json\/wp\/v2\/media?parent=20907"}],"wp:term":[{"taxonomy":"product_brand","embeddable":true,"href":"https:\/\/uj.adatbank.ro\/lexikon\/wp-json\/wp\/v2\/product_brand?post=20907"},{"taxonomy":"product_cat","embeddable":true,"href":"https:\/\/uj.adatbank.ro\/lexikon\/wp-json\/wp\/v2\/product_cat?post=20907"},{"taxonomy":"product_tag","embeddable":true,"href":"https:\/\/uj.adatbank.ro\/lexikon\/wp-json\/wp\/v2\/product_tag?post=20907"}],"curies":[{"name":"wp","href":"https:\/\/api.w.org\/{rel}","templated":true}]}}