{"id":2091,"date":"2025-06-28T12:03:31","date_gmt":"2025-06-28T10:03:31","guid":{"rendered":"https:\/\/uj.adatbank.ro\/lexikon\/termek\/balogh-mihaly\/"},"modified":"2025-06-28T12:03:31","modified_gmt":"2025-06-28T10:03:31","slug":"balogh-mihaly","status":"publish","type":"product","link":"https:\/\/uj.adatbank.ro\/lexikon\/termek\/balogh-mihaly\/","title":{"rendered":"BALOGH Mih\u00e1ly"},"content":{"rendered":"<p>? \u2020\u00a0? : kir. ad\u00f3t\u00e1rnok. \u2013 C. n. l. nyert (1761. jan. 26.). Mv.-en tan\u00e1csos (1796\u201397), aki igazgat\u00e1si feladatk\u00e9nt ad\u00f3t\u00e1rnok. <br \/><strong>Irod.:<\/strong> P\u00e1l-Antal 2009; P\u00e1lmay<\/br><\/p>\n","protected":false},"excerpt":{"rendered":"<p>? \u2020\u00a0? : kir. ad\u00f3t\u00e1rnok. \u2013 C. n. l. nyert (1761. jan. 26.). Mv.-en tan\u00e1csos (1796\u201397), aki igazgat\u00e1si feladatk\u00e9nt ad\u00f3t\u00e1rnok. Irod.: P\u00e1l-Antal 2009; P\u00e1lmay<\/p>\n","protected":false},"featured_media":0,"comment_status":"open","ping_status":"closed","template":"","meta":[],"product_brand":[],"product_cat":[137],"product_tag":[],"class_list":{"0":"post-2091","1":"product","2":"type-product","3":"status-publish","5":"product_cat-maros-megyei-eletrajzi-lexikon","7":"first","8":"instock","9":"shipping-taxable","10":"product-type-simple"},"_links":{"self":[{"href":"https:\/\/uj.adatbank.ro\/lexikon\/wp-json\/wp\/v2\/product\/2091","targetHints":{"allow":["GET"]}}],"collection":[{"href":"https:\/\/uj.adatbank.ro\/lexikon\/wp-json\/wp\/v2\/product"}],"about":[{"href":"https:\/\/uj.adatbank.ro\/lexikon\/wp-json\/wp\/v2\/types\/product"}],"replies":[{"embeddable":true,"href":"https:\/\/uj.adatbank.ro\/lexikon\/wp-json\/wp\/v2\/comments?post=2091"}],"wp:attachment":[{"href":"https:\/\/uj.adatbank.ro\/lexikon\/wp-json\/wp\/v2\/media?parent=2091"}],"wp:term":[{"taxonomy":"product_brand","embeddable":true,"href":"https:\/\/uj.adatbank.ro\/lexikon\/wp-json\/wp\/v2\/product_brand?post=2091"},{"taxonomy":"product_cat","embeddable":true,"href":"https:\/\/uj.adatbank.ro\/lexikon\/wp-json\/wp\/v2\/product_cat?post=2091"},{"taxonomy":"product_tag","embeddable":true,"href":"https:\/\/uj.adatbank.ro\/lexikon\/wp-json\/wp\/v2\/product_tag?post=2091"}],"curies":[{"name":"wp","href":"https:\/\/api.w.org\/{rel}","templated":true}]}}