{"id":20911,"date":"2025-07-22T19:06:19","date_gmt":"2025-07-22T17:06:19","guid":{"rendered":"https:\/\/uj.adatbank.ro\/lexikon\/termek\/suba-jozsef\/"},"modified":"2025-07-22T19:06:19","modified_gmt":"2025-07-22T17:06:19","slug":"suba-jozsef","status":"publish","type":"product","link":"https:\/\/uj.adatbank.ro\/lexikon\/termek\/suba-jozsef\/","title":{"rendered":"SUBA J\u00f3zsef"},"content":{"rendered":"<p>Geges, 1922. dec.12. \u2020\u00a01944. szept. 24.: honv\u00e9d. \u2013 Anyja S\u00e1nta R\u00f3za. \u2013 A 27\/II. t\u00e1bori t\u00fcz\u00e9roszt\u00e1ly, 5. \u00fcteg. Aknarepesz \u00e9rte az Idecspatak d\u00e9l, 587-es magass\u00e1gi ponton, uo. temett\u00e9k. <br \/><strong>Irod.:<\/strong> Berekm\u00e9ri 2015.<\/br><\/p>\n","protected":false},"excerpt":{"rendered":"<p>Geges, 1922. dec.12. \u2020\u00a01944. szept. 24.: honv\u00e9d. \u2013 Anyja S\u00e1nta R\u00f3za. \u2013 A 27\/II. t\u00e1bori t\u00fcz\u00e9roszt\u00e1ly, 5. \u00fcteg. Aknarepesz \u00e9rte az Idecspatak d\u00e9l, 587-es magass\u00e1gi ponton, uo. temett\u00e9k. Irod.: Berekm\u00e9ri 2015.<\/p>\n","protected":false},"featured_media":0,"comment_status":"open","ping_status":"closed","template":"","meta":[],"product_brand":[],"product_cat":[137],"product_tag":[],"class_list":{"0":"post-20911","1":"product","2":"type-product","3":"status-publish","5":"product_cat-maros-megyei-eletrajzi-lexikon","7":"first","8":"instock","9":"shipping-taxable","10":"product-type-simple"},"_links":{"self":[{"href":"https:\/\/uj.adatbank.ro\/lexikon\/wp-json\/wp\/v2\/product\/20911","targetHints":{"allow":["GET"]}}],"collection":[{"href":"https:\/\/uj.adatbank.ro\/lexikon\/wp-json\/wp\/v2\/product"}],"about":[{"href":"https:\/\/uj.adatbank.ro\/lexikon\/wp-json\/wp\/v2\/types\/product"}],"replies":[{"embeddable":true,"href":"https:\/\/uj.adatbank.ro\/lexikon\/wp-json\/wp\/v2\/comments?post=20911"}],"wp:attachment":[{"href":"https:\/\/uj.adatbank.ro\/lexikon\/wp-json\/wp\/v2\/media?parent=20911"}],"wp:term":[{"taxonomy":"product_brand","embeddable":true,"href":"https:\/\/uj.adatbank.ro\/lexikon\/wp-json\/wp\/v2\/product_brand?post=20911"},{"taxonomy":"product_cat","embeddable":true,"href":"https:\/\/uj.adatbank.ro\/lexikon\/wp-json\/wp\/v2\/product_cat?post=20911"},{"taxonomy":"product_tag","embeddable":true,"href":"https:\/\/uj.adatbank.ro\/lexikon\/wp-json\/wp\/v2\/product_tag?post=20911"}],"curies":[{"name":"wp","href":"https:\/\/api.w.org\/{rel}","templated":true}]}}