{"id":20912,"date":"2025-07-22T19:06:21","date_gmt":"2025-07-22T17:06:21","guid":{"rendered":"https:\/\/uj.adatbank.ro\/lexikon\/termek\/suba-klara-gegesi\/"},"modified":"2025-07-22T19:06:21","modified_gmt":"2025-07-22T17:06:21","slug":"suba-klara-gegesi","status":"publish","type":"product","link":"https:\/\/uj.adatbank.ro\/lexikon\/termek\/suba-klara-gegesi\/","title":{"rendered":"SUBA Kl\u00e1ra, gegesi"},"content":{"rendered":"<p>1945, \u2020 Mv., 2018. aug. 18.: tan\u00e1rn\u0151. \u2013 A sz\u00e9kelyk\u00e1li iskola igazgat\u00f3n\u0151je volt. Hossz\u00fa betegs\u00e9g ut\u00e1n hunyt el. <br \/><strong>Irod.:<\/strong> Nekrol\u00f3g N\u00fa.<\/br><\/p>\n","protected":false},"excerpt":{"rendered":"<p>1945, \u2020 Mv., 2018. aug. 18.: tan\u00e1rn\u0151. \u2013 A sz\u00e9kelyk\u00e1li iskola igazgat\u00f3n\u0151je volt. Hossz\u00fa betegs\u00e9g ut\u00e1n hunyt el. Irod.: Nekrol\u00f3g N\u00fa.<\/p>\n","protected":false},"featured_media":0,"comment_status":"open","ping_status":"closed","template":"","meta":[],"product_brand":[],"product_cat":[137],"product_tag":[],"class_list":{"0":"post-20912","1":"product","2":"type-product","3":"status-publish","5":"product_cat-maros-megyei-eletrajzi-lexikon","7":"first","8":"instock","9":"shipping-taxable","10":"product-type-simple"},"_links":{"self":[{"href":"https:\/\/uj.adatbank.ro\/lexikon\/wp-json\/wp\/v2\/product\/20912","targetHints":{"allow":["GET"]}}],"collection":[{"href":"https:\/\/uj.adatbank.ro\/lexikon\/wp-json\/wp\/v2\/product"}],"about":[{"href":"https:\/\/uj.adatbank.ro\/lexikon\/wp-json\/wp\/v2\/types\/product"}],"replies":[{"embeddable":true,"href":"https:\/\/uj.adatbank.ro\/lexikon\/wp-json\/wp\/v2\/comments?post=20912"}],"wp:attachment":[{"href":"https:\/\/uj.adatbank.ro\/lexikon\/wp-json\/wp\/v2\/media?parent=20912"}],"wp:term":[{"taxonomy":"product_brand","embeddable":true,"href":"https:\/\/uj.adatbank.ro\/lexikon\/wp-json\/wp\/v2\/product_brand?post=20912"},{"taxonomy":"product_cat","embeddable":true,"href":"https:\/\/uj.adatbank.ro\/lexikon\/wp-json\/wp\/v2\/product_cat?post=20912"},{"taxonomy":"product_tag","embeddable":true,"href":"https:\/\/uj.adatbank.ro\/lexikon\/wp-json\/wp\/v2\/product_tag?post=20912"}],"curies":[{"name":"wp","href":"https:\/\/api.w.org\/{rel}","templated":true}]}}