{"id":20913,"date":"2025-07-22T19:06:23","date_gmt":"2025-07-22T17:06:23","guid":{"rendered":"https:\/\/uj.adatbank.ro\/lexikon\/termek\/suciu-adela-suciune-draghici-adela\/"},"modified":"2025-07-22T19:06:23","modified_gmt":"2025-07-22T17:06:23","slug":"suciu-adela-suciune-draghici-adela","status":"publish","type":"product","link":"https:\/\/uj.adatbank.ro\/lexikon\/termek\/suciu-adela-suciune-draghici-adela\/","title":{"rendered":"SUCIU, Adela, Suciun\u00e9 Dr\u0103ghici Adela"},"content":{"rendered":"<p>Marosszentkir\u00e1ly, 1912. okt. 4., \u2020\u00a0Mv., 2003. \u00e1pr. 17.: gy\u00f3gyszer\u00e9sz. \u2013 Buk.-ben v\u00e9gezte az egyetemet, gy\u00f3gyszer\u00e9sz diplom\u00e1t kapott (1935. febr. 18.). Mv.-en a Betegseg\u00e9lyz\u0151 P\u00e9nzt\u00e1r gy\u00f3gyszert\u00e1r\u00e1nak alkalmazottja (1935. aug. \u2013 1940. okt.), a D\u00e1vid J\u00e1nos drog\u00e9ri\u00e1j\u00e1ban dolgozott, majd C\u00e2mpulungon gy\u00f3gyszert\u00e1rt alap\u00edtott (1942\u2013). Mv.-en D\u00e1vid-gy\u00f3gyszert\u00e1r vezet\u00e9s\u00e9re kapott enged\u00e9lyt (1944\u201346. okt.), amig a Magyaro.-b\u00f3l visszat\u00e9rt D\u00e1vid J\u00e1nos visszakapta a gy\u00f3gyszert\u00e1r\u00e1t. Enged\u00e9lyezt\u00e9k a bukovinai gy\u00f3gyszert\u00e1r\u00e1nak \u00e1thelyez\u00e9s\u00e9t Mv.-re (1947. szept. 1. \u2013 1949. \u00e1pr.2.). Az \u00e1llamos\u00edt\u00e1s ut\u00e1n a 3. sz. gy\u00f3gyszert\u00e1r vezet\u0151je lett nyugd\u00edjaz\u00e1s\u00e1ig (1969. dec. 1.), tov\u00e1bb dolgozott helyettes\u00edt\u0151k\u00e9nt (1974. dec. 31-ig). A Mv.-i Polg\u00e1rmesteri Hivatalt\u00f3l a Mv. munic\u00edpium Rangid\u0151s Polg\u00e1ra kit\u00fcntet\u00e9st kapta. <br \/><strong>Irod.:<\/strong> [Nekrol\u00f3g] (N\u00fa., 2003. \u00e1pr. 19.); P\u00e9ter H. M.<\/br><\/p>\n","protected":false},"excerpt":{"rendered":"<p>Marosszentkir\u00e1ly, 1912. okt. 4., \u2020\u00a0Mv., 2003. \u00e1pr. 17.: gy\u00f3gyszer\u00e9sz. \u2013 Buk.-ben v\u00e9gezte az egyetemet, gy\u00f3gyszer\u00e9sz diplom\u00e1t kapott (1935. febr. 18.). Mv.-en a Betegseg\u00e9lyz\u0151 P\u00e9nzt\u00e1r gy\u00f3gyszert\u00e1r\u00e1nak alkalmazottja (1935. aug. \u2013 1940. okt.), a D\u00e1vid J\u00e1nos drog\u00e9ri\u00e1j\u00e1ban dolgozott, majd C\u00e2mpulungon gy\u00f3gyszert\u00e1rt alap\u00edtott (1942\u2013). Mv.-en D\u00e1vid-gy\u00f3gyszert\u00e1r vezet\u00e9s\u00e9re kapott enged\u00e9lyt (1944\u201346. okt.), amig a Magyaro.-b\u00f3l visszat\u00e9rt D\u00e1vid J\u00e1nos visszakapta [&hellip;]<\/p>\n","protected":false},"featured_media":0,"comment_status":"open","ping_status":"closed","template":"","meta":[],"product_brand":[],"product_cat":[137],"product_tag":[],"class_list":{"0":"post-20913","1":"product","2":"type-product","3":"status-publish","5":"product_cat-maros-megyei-eletrajzi-lexikon","7":"first","8":"instock","9":"shipping-taxable","10":"product-type-simple"},"_links":{"self":[{"href":"https:\/\/uj.adatbank.ro\/lexikon\/wp-json\/wp\/v2\/product\/20913","targetHints":{"allow":["GET"]}}],"collection":[{"href":"https:\/\/uj.adatbank.ro\/lexikon\/wp-json\/wp\/v2\/product"}],"about":[{"href":"https:\/\/uj.adatbank.ro\/lexikon\/wp-json\/wp\/v2\/types\/product"}],"replies":[{"embeddable":true,"href":"https:\/\/uj.adatbank.ro\/lexikon\/wp-json\/wp\/v2\/comments?post=20913"}],"wp:attachment":[{"href":"https:\/\/uj.adatbank.ro\/lexikon\/wp-json\/wp\/v2\/media?parent=20913"}],"wp:term":[{"taxonomy":"product_brand","embeddable":true,"href":"https:\/\/uj.adatbank.ro\/lexikon\/wp-json\/wp\/v2\/product_brand?post=20913"},{"taxonomy":"product_cat","embeddable":true,"href":"https:\/\/uj.adatbank.ro\/lexikon\/wp-json\/wp\/v2\/product_cat?post=20913"},{"taxonomy":"product_tag","embeddable":true,"href":"https:\/\/uj.adatbank.ro\/lexikon\/wp-json\/wp\/v2\/product_tag?post=20913"}],"curies":[{"name":"wp","href":"https:\/\/api.w.org\/{rel}","templated":true}]}}