{"id":20914,"date":"2025-07-22T19:06:25","date_gmt":"2025-07-22T17:06:25","guid":{"rendered":"https:\/\/uj.adatbank.ro\/lexikon\/termek\/suciu-agripina\/"},"modified":"2025-07-22T19:06:25","modified_gmt":"2025-07-22T17:06:25","slug":"suciu-agripina","status":"publish","type":"product","link":"https:\/\/uj.adatbank.ro\/lexikon\/termek\/suciu-agripina\/","title":{"rendered":"SUCIU, Agripina"},"content":{"rendered":"<p>Ob\u00e2r\u015feni-R\u0103ze\u015fti, 1916. jan. 16., \u2020??: \u00f3v\u00f3n\u0151, tan\u00edt\u00f3n\u0151. \u2013 D\u00e1noson tan\u00edtott. \u00c9ltan\u00edt\u00f3i c\u00edmet kapott \u00e9s \u00c9rdem fokozatot. <br \/><strong>Irod.:<\/strong> Omagiu.<\/br><\/p>\n","protected":false},"excerpt":{"rendered":"<p>Ob\u00e2r\u015feni-R\u0103ze\u015fti, 1916. jan. 16., \u2020??: \u00f3v\u00f3n\u0151, tan\u00edt\u00f3n\u0151. \u2013 D\u00e1noson tan\u00edtott. \u00c9ltan\u00edt\u00f3i c\u00edmet kapott \u00e9s \u00c9rdem fokozatot. Irod.: Omagiu.<\/p>\n","protected":false},"featured_media":0,"comment_status":"open","ping_status":"closed","template":"","meta":[],"product_brand":[],"product_cat":[137],"product_tag":[],"class_list":{"0":"post-20914","1":"product","2":"type-product","3":"status-publish","5":"product_cat-maros-megyei-eletrajzi-lexikon","7":"first","8":"instock","9":"shipping-taxable","10":"product-type-simple"},"_links":{"self":[{"href":"https:\/\/uj.adatbank.ro\/lexikon\/wp-json\/wp\/v2\/product\/20914","targetHints":{"allow":["GET"]}}],"collection":[{"href":"https:\/\/uj.adatbank.ro\/lexikon\/wp-json\/wp\/v2\/product"}],"about":[{"href":"https:\/\/uj.adatbank.ro\/lexikon\/wp-json\/wp\/v2\/types\/product"}],"replies":[{"embeddable":true,"href":"https:\/\/uj.adatbank.ro\/lexikon\/wp-json\/wp\/v2\/comments?post=20914"}],"wp:attachment":[{"href":"https:\/\/uj.adatbank.ro\/lexikon\/wp-json\/wp\/v2\/media?parent=20914"}],"wp:term":[{"taxonomy":"product_brand","embeddable":true,"href":"https:\/\/uj.adatbank.ro\/lexikon\/wp-json\/wp\/v2\/product_brand?post=20914"},{"taxonomy":"product_cat","embeddable":true,"href":"https:\/\/uj.adatbank.ro\/lexikon\/wp-json\/wp\/v2\/product_cat?post=20914"},{"taxonomy":"product_tag","embeddable":true,"href":"https:\/\/uj.adatbank.ro\/lexikon\/wp-json\/wp\/v2\/product_tag?post=20914"}],"curies":[{"name":"wp","href":"https:\/\/api.w.org\/{rel}","templated":true}]}}