{"id":20916,"date":"2025-07-22T19:06:29","date_gmt":"2025-07-22T17:06:29","guid":{"rendered":"https:\/\/uj.adatbank.ro\/lexikon\/termek\/suciu-ana\/"},"modified":"2025-07-22T19:06:29","modified_gmt":"2025-07-22T17:06:29","slug":"suciu-ana","status":"publish","type":"product","link":"https:\/\/uj.adatbank.ro\/lexikon\/termek\/suciu-ana\/","title":{"rendered":"SUCIU, Ana"},"content":{"rendered":"<p>Als\u00f3oroszi, 1929. aug. 20., \u2020 Sz\u00e1szr\u00e9gen, 1995. j\u00fal. 24., eltemetve Fels\u0151orosziban: tan\u00edt\u00f3n\u0151. \u2013 Elemi iskol\u00e1t a sz\u00fcl\u0151faluj\u00e1ban, majd n\u00e9h\u00e1ny h\u00e1bor\u00fas \u00e9v ut\u00e1n G\u00f6rg\u00e9nyben tanult \u00e9s R\u00e9genben a Tan\u00edt\u00f3k\u00e9pz\u0151ben szerzett tan\u00edt\u00f3i okl.-et (1954). Fels\u0151orosziban tan\u00edt\u00f3n\u0151, majd Soroph\u00e1z\u00e1n \u00f3v\u00f3n\u0151; tan\u00edt\u00f3n\u0151 Als\u00f3orosziban (1963\u201382). Ott N\u0151sz\u00f6vets\u00e9gi titk\u00e1r, szakszervezeti vezet\u0151, n\u00e9ptan\u00e1csi k\u00e9pvisel\u0151 \u00e9s kult\u00farigazgat\u00f3. Nyugd\u00edjaz\u00e1sa ut\u00e1n (1982), R\u00e9genben telepedett le. <br \/><strong>Irod.:<\/strong> Dasc\u0103li mure\u015feni, 5.<\/br><\/p>\n","protected":false},"excerpt":{"rendered":"<p>Als\u00f3oroszi, 1929. aug. 20., \u2020 Sz\u00e1szr\u00e9gen, 1995. j\u00fal. 24., eltemetve Fels\u0151orosziban: tan\u00edt\u00f3n\u0151. \u2013 Elemi iskol\u00e1t a sz\u00fcl\u0151faluj\u00e1ban, majd n\u00e9h\u00e1ny h\u00e1bor\u00fas \u00e9v ut\u00e1n G\u00f6rg\u00e9nyben tanult \u00e9s R\u00e9genben a Tan\u00edt\u00f3k\u00e9pz\u0151ben szerzett tan\u00edt\u00f3i okl.-et (1954). Fels\u0151orosziban tan\u00edt\u00f3n\u0151, majd Soroph\u00e1z\u00e1n \u00f3v\u00f3n\u0151; tan\u00edt\u00f3n\u0151 Als\u00f3orosziban (1963\u201382). Ott N\u0151sz\u00f6vets\u00e9gi titk\u00e1r, szakszervezeti vezet\u0151, n\u00e9ptan\u00e1csi k\u00e9pvisel\u0151 \u00e9s kult\u00farigazgat\u00f3. Nyugd\u00edjaz\u00e1sa ut\u00e1n (1982), R\u00e9genben telepedett le. [&hellip;]<\/p>\n","protected":false},"featured_media":0,"comment_status":"open","ping_status":"closed","template":"","meta":[],"product_brand":[],"product_cat":[137],"product_tag":[],"class_list":{"0":"post-20916","1":"product","2":"type-product","3":"status-publish","5":"product_cat-maros-megyei-eletrajzi-lexikon","7":"first","8":"instock","9":"shipping-taxable","10":"product-type-simple"},"_links":{"self":[{"href":"https:\/\/uj.adatbank.ro\/lexikon\/wp-json\/wp\/v2\/product\/20916","targetHints":{"allow":["GET"]}}],"collection":[{"href":"https:\/\/uj.adatbank.ro\/lexikon\/wp-json\/wp\/v2\/product"}],"about":[{"href":"https:\/\/uj.adatbank.ro\/lexikon\/wp-json\/wp\/v2\/types\/product"}],"replies":[{"embeddable":true,"href":"https:\/\/uj.adatbank.ro\/lexikon\/wp-json\/wp\/v2\/comments?post=20916"}],"wp:attachment":[{"href":"https:\/\/uj.adatbank.ro\/lexikon\/wp-json\/wp\/v2\/media?parent=20916"}],"wp:term":[{"taxonomy":"product_brand","embeddable":true,"href":"https:\/\/uj.adatbank.ro\/lexikon\/wp-json\/wp\/v2\/product_brand?post=20916"},{"taxonomy":"product_cat","embeddable":true,"href":"https:\/\/uj.adatbank.ro\/lexikon\/wp-json\/wp\/v2\/product_cat?post=20916"},{"taxonomy":"product_tag","embeddable":true,"href":"https:\/\/uj.adatbank.ro\/lexikon\/wp-json\/wp\/v2\/product_tag?post=20916"}],"curies":[{"name":"wp","href":"https:\/\/api.w.org\/{rel}","templated":true}]}}