{"id":20919,"date":"2025-07-22T19:06:36","date_gmt":"2025-07-22T17:06:36","guid":{"rendered":"https:\/\/uj.adatbank.ro\/lexikon\/termek\/suciu-dumitru\/"},"modified":"2025-07-22T19:06:36","modified_gmt":"2025-07-22T17:06:36","slug":"suciu-dumitru","status":"publish","type":"product","link":"https:\/\/uj.adatbank.ro\/lexikon\/termek\/suciu-dumitru\/","title":{"rendered":"SUCIU, Dumitru"},"content":{"rendered":"<p>Ny\u00e1r\u00e1dt\u0151, 1901. szept. 18., \u2020 Mv., 1980. jan. 10.: tan\u00e1r, kat.-i gy\u00f3gyszer\u00e9sz. \u2013 Mv.-en a Papiu Ilarian L\u00edc.-ban, majd a Mihai Viteazul L\u00edc.-ban j\u00e1rt. Tiszti iskol\u00e1t \u00e9s az Orvosi \u00e9s Gy\u00f3gyszer\u00e9szeti Egyetemet Kv.-on v\u00e9gezte. A mv.-i 82. gyalogezred egy r\u00e9sz\u00e9vel el\u0151bb Dics\u0151be, majd C\u00e2mpulung Moldovenescba menek\u00fcltek. Id\u0151k\u00f6zben mv.-i Plafar nev\u0171 patik\u00e1j\u00e1t \u00e9s saj\u00e1t h\u00e1z\u00e1t kifosztott\u00e1k, katonai c\u00e9lokra haszn\u00e1lt\u00e1k. K\u00e9s\u0151bb \u00e1llamos\u00edtottak mindent (1948. j\u00fan.11.). <br \/><strong>Irod.:<\/strong> Suciu.<\/br><\/p>\n","protected":false},"excerpt":{"rendered":"<p>Ny\u00e1r\u00e1dt\u0151, 1901. szept. 18., \u2020 Mv., 1980. jan. 10.: tan\u00e1r, kat.-i gy\u00f3gyszer\u00e9sz. \u2013 Mv.-en a Papiu Ilarian L\u00edc.-ban, majd a Mihai Viteazul L\u00edc.-ban j\u00e1rt. Tiszti iskol\u00e1t \u00e9s az Orvosi \u00e9s Gy\u00f3gyszer\u00e9szeti Egyetemet Kv.-on v\u00e9gezte. A mv.-i 82. gyalogezred egy r\u00e9sz\u00e9vel el\u0151bb Dics\u0151be, majd C\u00e2mpulung Moldovenescba menek\u00fcltek. Id\u0151k\u00f6zben mv.-i Plafar nev\u0171 patik\u00e1j\u00e1t \u00e9s saj\u00e1t h\u00e1z\u00e1t kifosztott\u00e1k, [&hellip;]<\/p>\n","protected":false},"featured_media":0,"comment_status":"open","ping_status":"closed","template":"","meta":[],"product_brand":[],"product_cat":[137],"product_tag":[],"class_list":{"0":"post-20919","1":"product","2":"type-product","3":"status-publish","5":"product_cat-maros-megyei-eletrajzi-lexikon","7":"first","8":"instock","9":"shipping-taxable","10":"product-type-simple"},"_links":{"self":[{"href":"https:\/\/uj.adatbank.ro\/lexikon\/wp-json\/wp\/v2\/product\/20919","targetHints":{"allow":["GET"]}}],"collection":[{"href":"https:\/\/uj.adatbank.ro\/lexikon\/wp-json\/wp\/v2\/product"}],"about":[{"href":"https:\/\/uj.adatbank.ro\/lexikon\/wp-json\/wp\/v2\/types\/product"}],"replies":[{"embeddable":true,"href":"https:\/\/uj.adatbank.ro\/lexikon\/wp-json\/wp\/v2\/comments?post=20919"}],"wp:attachment":[{"href":"https:\/\/uj.adatbank.ro\/lexikon\/wp-json\/wp\/v2\/media?parent=20919"}],"wp:term":[{"taxonomy":"product_brand","embeddable":true,"href":"https:\/\/uj.adatbank.ro\/lexikon\/wp-json\/wp\/v2\/product_brand?post=20919"},{"taxonomy":"product_cat","embeddable":true,"href":"https:\/\/uj.adatbank.ro\/lexikon\/wp-json\/wp\/v2\/product_cat?post=20919"},{"taxonomy":"product_tag","embeddable":true,"href":"https:\/\/uj.adatbank.ro\/lexikon\/wp-json\/wp\/v2\/product_tag?post=20919"}],"curies":[{"name":"wp","href":"https:\/\/api.w.org\/{rel}","templated":true}]}}