{"id":20921,"date":"2025-07-22T19:06:42","date_gmt":"2025-07-22T17:06:42","guid":{"rendered":"https:\/\/uj.adatbank.ro\/lexikon\/termek\/suciu-dumitru-%c2%a7\/"},"modified":"2025-07-22T19:06:42","modified_gmt":"2025-07-22T17:06:42","slug":"suciu-dumitru-%c2%a7","status":"publish","type":"product","link":"https:\/\/uj.adatbank.ro\/lexikon\/termek\/suciu-dumitru-%c2%a7\/","title":{"rendered":"SUCIU, Dumitru, \u00a7"},"content":{"rendered":"<p>Lib\u00e1nfalva, 1928. \u00e1pr. 7., \u2020 Lib\u00e1nfalva, 1993. okt. 27.: tan\u00e1r. \u2013 Kor\u00e1n elvesztette \u00e9desanyj\u00e1t, anyai nagyanyja nevelte. Elemi isk.-t a sz\u00fcl\u0151faluj\u00e1ban v\u00e9gzett (1938\u201342), majd Erzs\u00e9betv\u00e1rosba menek\u00fcltek, ahol k\u00e9t \u00e9vet v\u00e9gzett a l\u00edc.-b\u00f3l (1942\u201344), majd Mv.-en a Papiu L\u00edc.-ban \u00e9retts\u00e9gizett (1949). A katonas\u00e1got a tenger\u00e9szekn\u00e9l tette le (1949. nov. \u2013 1952). Leszerel\u00e9se ut\u00e1n L\u00f6v\u00e9ren kezdett tan\u00edtani (1952\u201357), majd ugyanott n\u00e9ptan\u00e1cstitk\u00e1r lett (1957\u201362). Hazak\u00f6lt\u00f6z\u00f6tt Lib\u00e1nfalv\u00e1ra, ahol nyugd\u00edjaz\u00e1s\u00e1ig taner\u0151k\u00e9nt, kult\u00farigazgat\u00f3k\u00e9nt (1968. szept. 1.\u201374. aug. 31.) dolgozott. Brass\u00f3ban mag\u00e1n\u00faton elv\u00e9gezte a biol\u00f3giatan\u00e1ri egyetemet (1972), v\u00e9gleges\u00edt\u0151 vizsg\u00e1t tett (1975). K\u00f6rzeti iskolaigazgat\u00f3v\u00e1 nevezt\u00e9k ki (1974. szept. 1.\u20131977. nov.), azut\u00e1n nyugd\u00edjaz\u00e1s\u00e1ig biol\u00f3giatan\u00e1rk\u00e9nt tan\u00edtott (1988. szept. 1.). Korszer\u0171 biol\u00f3giakabinetet hozott l\u00e9tre, amely ma is megfelel rendeltet\u00e9s\u00e9nek. <br \/><strong>Irod.:<\/strong> Dasc\u0103li mure\u015feni, 5.<\/br><\/p>\n","protected":false},"excerpt":{"rendered":"<p>Lib\u00e1nfalva, 1928. \u00e1pr. 7., \u2020 Lib\u00e1nfalva, 1993. okt. 27.: tan\u00e1r. \u2013 Kor\u00e1n elvesztette \u00e9desanyj\u00e1t, anyai nagyanyja nevelte. Elemi isk.-t a sz\u00fcl\u0151faluj\u00e1ban v\u00e9gzett (1938\u201342), majd Erzs\u00e9betv\u00e1rosba menek\u00fcltek, ahol k\u00e9t \u00e9vet v\u00e9gzett a l\u00edc.-b\u00f3l (1942\u201344), majd Mv.-en a Papiu L\u00edc.-ban \u00e9retts\u00e9gizett (1949). A katonas\u00e1got a tenger\u00e9szekn\u00e9l tette le (1949. nov. \u2013 1952). Leszerel\u00e9se ut\u00e1n L\u00f6v\u00e9ren kezdett tan\u00edtani [&hellip;]<\/p>\n","protected":false},"featured_media":0,"comment_status":"open","ping_status":"closed","template":"","meta":[],"product_brand":[],"product_cat":[137],"product_tag":[],"class_list":{"0":"post-20921","1":"product","2":"type-product","3":"status-publish","5":"product_cat-maros-megyei-eletrajzi-lexikon","7":"first","8":"instock","9":"shipping-taxable","10":"product-type-simple"},"_links":{"self":[{"href":"https:\/\/uj.adatbank.ro\/lexikon\/wp-json\/wp\/v2\/product\/20921","targetHints":{"allow":["GET"]}}],"collection":[{"href":"https:\/\/uj.adatbank.ro\/lexikon\/wp-json\/wp\/v2\/product"}],"about":[{"href":"https:\/\/uj.adatbank.ro\/lexikon\/wp-json\/wp\/v2\/types\/product"}],"replies":[{"embeddable":true,"href":"https:\/\/uj.adatbank.ro\/lexikon\/wp-json\/wp\/v2\/comments?post=20921"}],"wp:attachment":[{"href":"https:\/\/uj.adatbank.ro\/lexikon\/wp-json\/wp\/v2\/media?parent=20921"}],"wp:term":[{"taxonomy":"product_brand","embeddable":true,"href":"https:\/\/uj.adatbank.ro\/lexikon\/wp-json\/wp\/v2\/product_brand?post=20921"},{"taxonomy":"product_cat","embeddable":true,"href":"https:\/\/uj.adatbank.ro\/lexikon\/wp-json\/wp\/v2\/product_cat?post=20921"},{"taxonomy":"product_tag","embeddable":true,"href":"https:\/\/uj.adatbank.ro\/lexikon\/wp-json\/wp\/v2\/product_tag?post=20921"}],"curies":[{"name":"wp","href":"https:\/\/api.w.org\/{rel}","templated":true}]}}