{"id":20922,"date":"2025-07-22T19:06:44","date_gmt":"2025-07-22T17:06:44","guid":{"rendered":"https:\/\/uj.adatbank.ro\/lexikon\/termek\/suciu-gabriela-aurelia\/"},"modified":"2025-07-22T19:06:44","modified_gmt":"2025-07-22T17:06:44","slug":"suciu-gabriela-aurelia","status":"publish","type":"product","link":"https:\/\/uj.adatbank.ro\/lexikon\/termek\/suciu-gabriela-aurelia\/","title":{"rendered":"SUCIU, Gabriela Aurelia"},"content":{"rendered":"<p>Ploie\u015fti, 1943. okt. 10., \u2020 Mv., 2005. febr. 21.: k\u00e9mikus, egyetemi el\u0151ad\u00f3tan\u00e1r. \u2013 A k\u00f6z\u00e9piskol\u00e1t sz\u00fcl\u0151v\u00e1ros\u00e1ban az egyetemet Ia\u015fiban v\u00e9gezte a k\u00e9mia szakon (1926\u201367), doktor\u00e1lt (1979). Mv.-en a MOGYI-n tan\u00edtott fizikai k\u00e9mi\u00e1t mint gyakornok (1968\u201371), tan\u00e1rseg\u00e9d (1971\u201390), adjunktus (1990\u201395), el\u0151ad\u00f3tant\u00e1r (1995\u2013); katedra f\u0151n\u00f6k (1996\u2013). Kutat\u00e1si ter\u00fclete: elektrok\u00e9mia. T\u00f6bb tanulm\u00e1ny, k\u00f6zlem\u00e9ny szerz\u0151je, amelyek szakfoly\u00f3iratokban jelentek meg: Farmacia; Revista de Chimie; Revista de Medicin\u0103 \u015fi Farmacie TgM; Die Pharmazie. Tagja a Rom\u00e1n Tud\u00f3sok Akad\u00e9mi\u00e1ja (AO\u015eR), Rom\u00e1niai Sejtbiol\u00f3giai T\u00e1rsas\u00e1g; Nemzetk\u00f6zi Sejtbiol\u00f3giai T\u00e1rsas\u00e1g-nak. \u2013 <strong>F. m.<\/strong>: Curs de chimie fizic\u0103: structura materiei. Vol. 1. (TgM, 2000); Chimie coloidal\u0103 pentru farmaci\u015fti. (TgM., 2004.); <strong>t\u00e1rssz.:<\/strong> Reologia formelor farmaceutice. (Buc., 1985.); Chimie fizic\u0103. Termodinamica chimic\u0103 (Tg.M., 1994.); Teste de chimie anorganic\u0103 (1995.); Bazele teoretice ale tehnologiei farmaceutice (Timi\u015foara, 1998.). <br \/><strong>Irod.:<\/strong> Facultatea de Farmacie; P\u00e9ter; Todea.<\/br><\/p>\n","protected":false},"excerpt":{"rendered":"<p>Ploie\u015fti, 1943. okt. 10., \u2020 Mv., 2005. febr. 21.: k\u00e9mikus, egyetemi el\u0151ad\u00f3tan\u00e1r. \u2013 A k\u00f6z\u00e9piskol\u00e1t sz\u00fcl\u0151v\u00e1ros\u00e1ban az egyetemet Ia\u015fiban v\u00e9gezte a k\u00e9mia szakon (1926\u201367), doktor\u00e1lt (1979). Mv.-en a MOGYI-n tan\u00edtott fizikai k\u00e9mi\u00e1t mint gyakornok (1968\u201371), tan\u00e1rseg\u00e9d (1971\u201390), adjunktus (1990\u201395), el\u0151ad\u00f3tant\u00e1r (1995\u2013); katedra f\u0151n\u00f6k (1996\u2013). Kutat\u00e1si ter\u00fclete: elektrok\u00e9mia. T\u00f6bb tanulm\u00e1ny, k\u00f6zlem\u00e9ny szerz\u0151je, amelyek szakfoly\u00f3iratokban jelentek meg: [&hellip;]<\/p>\n","protected":false},"featured_media":0,"comment_status":"open","ping_status":"closed","template":"","meta":[],"product_brand":[],"product_cat":[137],"product_tag":[],"class_list":{"0":"post-20922","1":"product","2":"type-product","3":"status-publish","5":"product_cat-maros-megyei-eletrajzi-lexikon","7":"first","8":"instock","9":"shipping-taxable","10":"product-type-simple"},"_links":{"self":[{"href":"https:\/\/uj.adatbank.ro\/lexikon\/wp-json\/wp\/v2\/product\/20922","targetHints":{"allow":["GET"]}}],"collection":[{"href":"https:\/\/uj.adatbank.ro\/lexikon\/wp-json\/wp\/v2\/product"}],"about":[{"href":"https:\/\/uj.adatbank.ro\/lexikon\/wp-json\/wp\/v2\/types\/product"}],"replies":[{"embeddable":true,"href":"https:\/\/uj.adatbank.ro\/lexikon\/wp-json\/wp\/v2\/comments?post=20922"}],"wp:attachment":[{"href":"https:\/\/uj.adatbank.ro\/lexikon\/wp-json\/wp\/v2\/media?parent=20922"}],"wp:term":[{"taxonomy":"product_brand","embeddable":true,"href":"https:\/\/uj.adatbank.ro\/lexikon\/wp-json\/wp\/v2\/product_brand?post=20922"},{"taxonomy":"product_cat","embeddable":true,"href":"https:\/\/uj.adatbank.ro\/lexikon\/wp-json\/wp\/v2\/product_cat?post=20922"},{"taxonomy":"product_tag","embeddable":true,"href":"https:\/\/uj.adatbank.ro\/lexikon\/wp-json\/wp\/v2\/product_tag?post=20922"}],"curies":[{"name":"wp","href":"https:\/\/api.w.org\/{rel}","templated":true}]}}