{"id":20925,"date":"2025-07-22T19:06:51","date_gmt":"2025-07-22T17:06:51","guid":{"rendered":"https:\/\/uj.adatbank.ro\/lexikon\/termek\/suciu-ioan\/"},"modified":"2025-07-22T19:06:51","modified_gmt":"2025-07-22T17:06:51","slug":"suciu-ioan","status":"publish","type":"product","link":"https:\/\/uj.adatbank.ro\/lexikon\/termek\/suciu-ioan\/","title":{"rendered":"SUCIU Ioan"},"content":{"rendered":"<p>? \u2020?: tan\u00edt\u00f3. \u2013 Bal\u00e1zsfalv\u00e1n szerzett tan\u00edt\u00f3i okl.-t, \u00e9s els\u0151 munkahelye az akkor l\u00e9tes\u00edtett mez\u0151kapusi g. kat. rom\u00e1n egyh\u00e1zi iskol\u00e1ban, amely egy fa\u00e9p\u00edtm\u00e9ny volt (1787. m\u00e1rc. 7.\u2013). Ez volt Erd\u00e9ly els\u0151 rom\u00e1n tannyelv\u0171 iskol\u00e1ja, amelyet Gh. \u015eincai l\u00e9tes\u00edtett a t\u00f6bbi 376 rom\u00e1n iskol\u00e1val egy\u00fctt (1784\u201396). <br \/><strong>Irod.:<\/strong> C\u0103pu\u015ful de C\u00e2mpie.<\/br><\/p>\n","protected":false},"excerpt":{"rendered":"<p>? \u2020?: tan\u00edt\u00f3. \u2013 Bal\u00e1zsfalv\u00e1n szerzett tan\u00edt\u00f3i okl.-t, \u00e9s els\u0151 munkahelye az akkor l\u00e9tes\u00edtett mez\u0151kapusi g. kat. rom\u00e1n egyh\u00e1zi iskol\u00e1ban, amely egy fa\u00e9p\u00edtm\u00e9ny volt (1787. m\u00e1rc. 7.\u2013). Ez volt Erd\u00e9ly els\u0151 rom\u00e1n tannyelv\u0171 iskol\u00e1ja, amelyet Gh. \u015eincai l\u00e9tes\u00edtett a t\u00f6bbi 376 rom\u00e1n iskol\u00e1val egy\u00fctt (1784\u201396). Irod.: C\u0103pu\u015ful de C\u00e2mpie.<\/p>\n","protected":false},"featured_media":0,"comment_status":"open","ping_status":"closed","template":"","meta":[],"product_brand":[],"product_cat":[137],"product_tag":[],"class_list":{"0":"post-20925","1":"product","2":"type-product","3":"status-publish","5":"product_cat-maros-megyei-eletrajzi-lexikon","7":"first","8":"instock","9":"shipping-taxable","10":"product-type-simple"},"_links":{"self":[{"href":"https:\/\/uj.adatbank.ro\/lexikon\/wp-json\/wp\/v2\/product\/20925","targetHints":{"allow":["GET"]}}],"collection":[{"href":"https:\/\/uj.adatbank.ro\/lexikon\/wp-json\/wp\/v2\/product"}],"about":[{"href":"https:\/\/uj.adatbank.ro\/lexikon\/wp-json\/wp\/v2\/types\/product"}],"replies":[{"embeddable":true,"href":"https:\/\/uj.adatbank.ro\/lexikon\/wp-json\/wp\/v2\/comments?post=20925"}],"wp:attachment":[{"href":"https:\/\/uj.adatbank.ro\/lexikon\/wp-json\/wp\/v2\/media?parent=20925"}],"wp:term":[{"taxonomy":"product_brand","embeddable":true,"href":"https:\/\/uj.adatbank.ro\/lexikon\/wp-json\/wp\/v2\/product_brand?post=20925"},{"taxonomy":"product_cat","embeddable":true,"href":"https:\/\/uj.adatbank.ro\/lexikon\/wp-json\/wp\/v2\/product_cat?post=20925"},{"taxonomy":"product_tag","embeddable":true,"href":"https:\/\/uj.adatbank.ro\/lexikon\/wp-json\/wp\/v2\/product_tag?post=20925"}],"curies":[{"name":"wp","href":"https:\/\/api.w.org\/{rel}","templated":true}]}}