{"id":20929,"date":"2025-07-22T19:06:59","date_gmt":"2025-07-22T17:06:59","guid":{"rendered":"https:\/\/uj.adatbank.ro\/lexikon\/termek\/suciu-ioan-5\/"},"modified":"2025-07-22T19:06:59","modified_gmt":"2025-07-22T17:06:59","slug":"suciu-ioan-5","status":"publish","type":"product","link":"https:\/\/uj.adatbank.ro\/lexikon\/termek\/suciu-ioan-5\/","title":{"rendered":"SUCIU, Ioan"},"content":{"rendered":"<p>Mez\u0151s\u00e1msond, 1914, \u00e1pr. 16 \u2020?: k\u00f6nyvel\u0151. \u2013 Kereskedelmi l\u00edceumot v\u00e9gzett. Mv.-en k\u00f6nyvel\u0151 volt. Letart\u00f3ztatt\u00e1k (1957. febr 3). A v\u00e1d nyilv\u00e1nos izgat\u00e1s. Levelet \u00edrt a korm\u00e1nynak, amelyben k\u00f6vetelte a beszolg\u00e1ltat\u00e1si kv\u00f3tarendszer \u00e9s az ad\u00f3k megsz\u00fcntet\u00e9s\u00e9t, a mez\u0151gazdas\u00e1gi sz\u00f6vetkezetek felsz\u00e1mol\u00e1s\u00e1t, az \u00e1llamos\u00edtott h\u00e1zak visszaad\u00e1s\u00e1t. <br \/><strong>Irod.:<\/strong> \u00c1ldozatok.<\/br><\/p>\n","protected":false},"excerpt":{"rendered":"<p>Mez\u0151s\u00e1msond, 1914, \u00e1pr. 16 \u2020?: k\u00f6nyvel\u0151. \u2013 Kereskedelmi l\u00edceumot v\u00e9gzett. Mv.-en k\u00f6nyvel\u0151 volt. Letart\u00f3ztatt\u00e1k (1957. febr 3). A v\u00e1d nyilv\u00e1nos izgat\u00e1s. Levelet \u00edrt a korm\u00e1nynak, amelyben k\u00f6vetelte a beszolg\u00e1ltat\u00e1si kv\u00f3tarendszer \u00e9s az ad\u00f3k megsz\u00fcntet\u00e9s\u00e9t, a mez\u0151gazdas\u00e1gi sz\u00f6vetkezetek felsz\u00e1mol\u00e1s\u00e1t, az \u00e1llamos\u00edtott h\u00e1zak visszaad\u00e1s\u00e1t. Irod.: \u00c1ldozatok.<\/p>\n","protected":false},"featured_media":0,"comment_status":"open","ping_status":"closed","template":"","meta":[],"product_brand":[],"product_cat":[137],"product_tag":[],"class_list":{"0":"post-20929","1":"product","2":"type-product","3":"status-publish","5":"product_cat-maros-megyei-eletrajzi-lexikon","7":"first","8":"instock","9":"shipping-taxable","10":"product-type-simple"},"_links":{"self":[{"href":"https:\/\/uj.adatbank.ro\/lexikon\/wp-json\/wp\/v2\/product\/20929","targetHints":{"allow":["GET"]}}],"collection":[{"href":"https:\/\/uj.adatbank.ro\/lexikon\/wp-json\/wp\/v2\/product"}],"about":[{"href":"https:\/\/uj.adatbank.ro\/lexikon\/wp-json\/wp\/v2\/types\/product"}],"replies":[{"embeddable":true,"href":"https:\/\/uj.adatbank.ro\/lexikon\/wp-json\/wp\/v2\/comments?post=20929"}],"wp:attachment":[{"href":"https:\/\/uj.adatbank.ro\/lexikon\/wp-json\/wp\/v2\/media?parent=20929"}],"wp:term":[{"taxonomy":"product_brand","embeddable":true,"href":"https:\/\/uj.adatbank.ro\/lexikon\/wp-json\/wp\/v2\/product_brand?post=20929"},{"taxonomy":"product_cat","embeddable":true,"href":"https:\/\/uj.adatbank.ro\/lexikon\/wp-json\/wp\/v2\/product_cat?post=20929"},{"taxonomy":"product_tag","embeddable":true,"href":"https:\/\/uj.adatbank.ro\/lexikon\/wp-json\/wp\/v2\/product_tag?post=20929"}],"curies":[{"name":"wp","href":"https:\/\/api.w.org\/{rel}","templated":true}]}}