{"id":2093,"date":"2025-06-28T12:03:36","date_gmt":"2025-06-28T10:03:36","guid":{"rendered":"https:\/\/uj.adatbank.ro\/lexikon\/termek\/balogh-mihaly-nyaradszentimrei\/"},"modified":"2025-06-28T12:03:36","modified_gmt":"2025-06-28T10:03:36","slug":"balogh-mihaly-nyaradszentimrei","status":"publish","type":"product","link":"https:\/\/uj.adatbank.ro\/lexikon\/termek\/balogh-mihaly-nyaradszentimrei\/","title":{"rendered":"BALOGH Mih\u00e1ly, ny\u00e1r\u00e1dszentimrei"},"content":{"rendered":"<p>1799.? \u2020\u00a0Mv., 1884. h\u00f3?. 27.: \u00fcgyv\u00e9d. \u2013 Gyermekei: B. K\u00e1rolina, Dark\u00f3 Lajosn\u00e9; B. P\u00f3li, Imreh Domokosn\u00e9; B. Albert. \u2013 Mv.-en kir. t\u00e1bl\u00e1n\u00e1l iktat\u00f3 \u00e9s hites \u00fcgyv\u00e9d. <br \/><strong>Irod.:<\/strong> Gy\u00e1szjelent\u0151<\/br><\/p>\n","protected":false},"excerpt":{"rendered":"<p>1799.? \u2020\u00a0Mv., 1884. h\u00f3?. 27.: \u00fcgyv\u00e9d. \u2013 Gyermekei: B. K\u00e1rolina, Dark\u00f3 Lajosn\u00e9; B. P\u00f3li, Imreh Domokosn\u00e9; B. Albert. \u2013 Mv.-en kir. t\u00e1bl\u00e1n\u00e1l iktat\u00f3 \u00e9s hites \u00fcgyv\u00e9d. Irod.: Gy\u00e1szjelent\u0151<\/p>\n","protected":false},"featured_media":0,"comment_status":"open","ping_status":"closed","template":"","meta":[],"product_brand":[],"product_cat":[137],"product_tag":[],"class_list":{"0":"post-2093","1":"product","2":"type-product","3":"status-publish","5":"product_cat-maros-megyei-eletrajzi-lexikon","7":"first","8":"instock","9":"shipping-taxable","10":"product-type-simple"},"_links":{"self":[{"href":"https:\/\/uj.adatbank.ro\/lexikon\/wp-json\/wp\/v2\/product\/2093","targetHints":{"allow":["GET"]}}],"collection":[{"href":"https:\/\/uj.adatbank.ro\/lexikon\/wp-json\/wp\/v2\/product"}],"about":[{"href":"https:\/\/uj.adatbank.ro\/lexikon\/wp-json\/wp\/v2\/types\/product"}],"replies":[{"embeddable":true,"href":"https:\/\/uj.adatbank.ro\/lexikon\/wp-json\/wp\/v2\/comments?post=2093"}],"wp:attachment":[{"href":"https:\/\/uj.adatbank.ro\/lexikon\/wp-json\/wp\/v2\/media?parent=2093"}],"wp:term":[{"taxonomy":"product_brand","embeddable":true,"href":"https:\/\/uj.adatbank.ro\/lexikon\/wp-json\/wp\/v2\/product_brand?post=2093"},{"taxonomy":"product_cat","embeddable":true,"href":"https:\/\/uj.adatbank.ro\/lexikon\/wp-json\/wp\/v2\/product_cat?post=2093"},{"taxonomy":"product_tag","embeddable":true,"href":"https:\/\/uj.adatbank.ro\/lexikon\/wp-json\/wp\/v2\/product_tag?post=2093"}],"curies":[{"name":"wp","href":"https:\/\/api.w.org\/{rel}","templated":true}]}}