{"id":20933,"date":"2025-07-22T19:07:07","date_gmt":"2025-07-22T17:07:07","guid":{"rendered":"https:\/\/uj.adatbank.ro\/lexikon\/termek\/suciu-maxim\/"},"modified":"2025-07-22T19:07:07","modified_gmt":"2025-07-22T17:07:07","slug":"suciu-maxim","status":"publish","type":"product","link":"https:\/\/uj.adatbank.ro\/lexikon\/termek\/suciu-maxim\/","title":{"rendered":"SUCIU, Maxim"},"content":{"rendered":"<p>? \u2020 Gal\u00f3nya, 1965.: fafarag\u00f3. \u2013 N\u00e9pi fafarag\u00f3 mester Gal\u00f3ny\u00e1ban, aki t\u00f6bbek k\u00f6z\u00f6tt egy t\u00f6lgyfa harangl\u00e1bat faragott n\u00e9pi mot\u00edvumokkal d\u00edsz\u00edtve. A harangl\u00e1bat restaur\u00e1lt\u00e1k (2002). <br \/><strong>Irod.:<\/strong> Reghin, Protopopiat.<\/br><\/p>\n","protected":false},"excerpt":{"rendered":"<p>? \u2020 Gal\u00f3nya, 1965.: fafarag\u00f3. \u2013 N\u00e9pi fafarag\u00f3 mester Gal\u00f3ny\u00e1ban, aki t\u00f6bbek k\u00f6z\u00f6tt egy t\u00f6lgyfa harangl\u00e1bat faragott n\u00e9pi mot\u00edvumokkal d\u00edsz\u00edtve. A harangl\u00e1bat restaur\u00e1lt\u00e1k (2002). Irod.: Reghin, Protopopiat.<\/p>\n","protected":false},"featured_media":0,"comment_status":"open","ping_status":"closed","template":"","meta":[],"product_brand":[],"product_cat":[137],"product_tag":[],"class_list":{"0":"post-20933","1":"product","2":"type-product","3":"status-publish","5":"product_cat-maros-megyei-eletrajzi-lexikon","7":"first","8":"instock","9":"shipping-taxable","10":"product-type-simple"},"_links":{"self":[{"href":"https:\/\/uj.adatbank.ro\/lexikon\/wp-json\/wp\/v2\/product\/20933","targetHints":{"allow":["GET"]}}],"collection":[{"href":"https:\/\/uj.adatbank.ro\/lexikon\/wp-json\/wp\/v2\/product"}],"about":[{"href":"https:\/\/uj.adatbank.ro\/lexikon\/wp-json\/wp\/v2\/types\/product"}],"replies":[{"embeddable":true,"href":"https:\/\/uj.adatbank.ro\/lexikon\/wp-json\/wp\/v2\/comments?post=20933"}],"wp:attachment":[{"href":"https:\/\/uj.adatbank.ro\/lexikon\/wp-json\/wp\/v2\/media?parent=20933"}],"wp:term":[{"taxonomy":"product_brand","embeddable":true,"href":"https:\/\/uj.adatbank.ro\/lexikon\/wp-json\/wp\/v2\/product_brand?post=20933"},{"taxonomy":"product_cat","embeddable":true,"href":"https:\/\/uj.adatbank.ro\/lexikon\/wp-json\/wp\/v2\/product_cat?post=20933"},{"taxonomy":"product_tag","embeddable":true,"href":"https:\/\/uj.adatbank.ro\/lexikon\/wp-json\/wp\/v2\/product_tag?post=20933"}],"curies":[{"name":"wp","href":"https:\/\/api.w.org\/{rel}","templated":true}]}}