{"id":20937,"date":"2025-07-22T19:07:16","date_gmt":"2025-07-22T17:07:16","guid":{"rendered":"https:\/\/uj.adatbank.ro\/lexikon\/termek\/suciu-pavel-2\/"},"modified":"2025-07-22T19:07:16","modified_gmt":"2025-07-22T17:07:16","slug":"suciu-pavel-2","status":"publish","type":"product","link":"https:\/\/uj.adatbank.ro\/lexikon\/termek\/suciu-pavel-2\/","title":{"rendered":"SUCIU, Pavel"},"content":{"rendered":"<p>? \u2020?: g. kat. pap. \u2013 Gernyeszegen (1913. okt. 27\u2013), azut\u00e1n D\u00e9d\u00e1ban v\u00e1lasztott\u00e1k lelk\u00e9ssz\u00e9 Vasile Duma, esperes szentelte fel (1914. febr. 23.\u20131926). <br \/><strong>Irod.:<\/strong> Reghin, Protopopiat.<\/br><\/p>\n","protected":false},"excerpt":{"rendered":"<p>? \u2020?: g. kat. pap. \u2013 Gernyeszegen (1913. okt. 27\u2013), azut\u00e1n D\u00e9d\u00e1ban v\u00e1lasztott\u00e1k lelk\u00e9ssz\u00e9 Vasile Duma, esperes szentelte fel (1914. febr. 23.\u20131926). Irod.: Reghin, Protopopiat.<\/p>\n","protected":false},"featured_media":0,"comment_status":"open","ping_status":"closed","template":"","meta":[],"product_brand":[],"product_cat":[137],"product_tag":[],"class_list":{"0":"post-20937","1":"product","2":"type-product","3":"status-publish","5":"product_cat-maros-megyei-eletrajzi-lexikon","7":"first","8":"instock","9":"shipping-taxable","10":"product-type-simple"},"_links":{"self":[{"href":"https:\/\/uj.adatbank.ro\/lexikon\/wp-json\/wp\/v2\/product\/20937","targetHints":{"allow":["GET"]}}],"collection":[{"href":"https:\/\/uj.adatbank.ro\/lexikon\/wp-json\/wp\/v2\/product"}],"about":[{"href":"https:\/\/uj.adatbank.ro\/lexikon\/wp-json\/wp\/v2\/types\/product"}],"replies":[{"embeddable":true,"href":"https:\/\/uj.adatbank.ro\/lexikon\/wp-json\/wp\/v2\/comments?post=20937"}],"wp:attachment":[{"href":"https:\/\/uj.adatbank.ro\/lexikon\/wp-json\/wp\/v2\/media?parent=20937"}],"wp:term":[{"taxonomy":"product_brand","embeddable":true,"href":"https:\/\/uj.adatbank.ro\/lexikon\/wp-json\/wp\/v2\/product_brand?post=20937"},{"taxonomy":"product_cat","embeddable":true,"href":"https:\/\/uj.adatbank.ro\/lexikon\/wp-json\/wp\/v2\/product_cat?post=20937"},{"taxonomy":"product_tag","embeddable":true,"href":"https:\/\/uj.adatbank.ro\/lexikon\/wp-json\/wp\/v2\/product_tag?post=20937"}],"curies":[{"name":"wp","href":"https:\/\/api.w.org\/{rel}","templated":true}]}}