{"id":2094,"date":"2025-06-28T12:03:38","date_gmt":"2025-06-28T10:03:38","guid":{"rendered":"https:\/\/uj.adatbank.ro\/lexikon\/termek\/balogh-miklos-kendoi\/"},"modified":"2025-06-28T12:03:38","modified_gmt":"2025-06-28T10:03:38","slug":"balogh-miklos-kendoi","status":"publish","type":"product","link":"https:\/\/uj.adatbank.ro\/lexikon\/termek\/balogh-miklos-kendoi\/","title":{"rendered":"BALOGH Mikl\u00f3s, kend\u0151i"},"content":{"rendered":"<p>? \u2020\u00a0? : nemes. \u2013 B. Mikl\u00f3s, M\u00e1ty\u00e1s, J\u00f3zsef \u00e9s \u00c1belnek megegyez\u0151 c\u00edmerpecs\u00e9tje volt (Marostorda vm. lt. 1791.). <br \/><strong>Irod.:<\/strong> MCK<\/br><\/p>\n","protected":false},"excerpt":{"rendered":"<p>? \u2020\u00a0? : nemes. \u2013 B. Mikl\u00f3s, M\u00e1ty\u00e1s, J\u00f3zsef \u00e9s \u00c1belnek megegyez\u0151 c\u00edmerpecs\u00e9tje volt (Marostorda vm. lt. 1791.). Irod.: MCK<\/p>\n","protected":false},"featured_media":0,"comment_status":"open","ping_status":"closed","template":"","meta":[],"product_brand":[],"product_cat":[137],"product_tag":[],"class_list":{"0":"post-2094","1":"product","2":"type-product","3":"status-publish","5":"product_cat-maros-megyei-eletrajzi-lexikon","7":"first","8":"instock","9":"shipping-taxable","10":"product-type-simple"},"_links":{"self":[{"href":"https:\/\/uj.adatbank.ro\/lexikon\/wp-json\/wp\/v2\/product\/2094","targetHints":{"allow":["GET"]}}],"collection":[{"href":"https:\/\/uj.adatbank.ro\/lexikon\/wp-json\/wp\/v2\/product"}],"about":[{"href":"https:\/\/uj.adatbank.ro\/lexikon\/wp-json\/wp\/v2\/types\/product"}],"replies":[{"embeddable":true,"href":"https:\/\/uj.adatbank.ro\/lexikon\/wp-json\/wp\/v2\/comments?post=2094"}],"wp:attachment":[{"href":"https:\/\/uj.adatbank.ro\/lexikon\/wp-json\/wp\/v2\/media?parent=2094"}],"wp:term":[{"taxonomy":"product_brand","embeddable":true,"href":"https:\/\/uj.adatbank.ro\/lexikon\/wp-json\/wp\/v2\/product_brand?post=2094"},{"taxonomy":"product_cat","embeddable":true,"href":"https:\/\/uj.adatbank.ro\/lexikon\/wp-json\/wp\/v2\/product_cat?post=2094"},{"taxonomy":"product_tag","embeddable":true,"href":"https:\/\/uj.adatbank.ro\/lexikon\/wp-json\/wp\/v2\/product_tag?post=2094"}],"curies":[{"name":"wp","href":"https:\/\/api.w.org\/{rel}","templated":true}]}}