{"id":20940,"date":"2025-07-22T19:07:21","date_gmt":"2025-07-22T17:07:21","guid":{"rendered":"https:\/\/uj.adatbank.ro\/lexikon\/termek\/suciu-simeon\/"},"modified":"2025-07-22T19:07:21","modified_gmt":"2025-07-22T17:07:21","slug":"suciu-simeon","status":"publish","type":"product","link":"https:\/\/uj.adatbank.ro\/lexikon\/termek\/suciu-simeon\/","title":{"rendered":"SUCIU, Simeon"},"content":{"rendered":"<p>? \u2020?: ort. pap, tan\u00edt\u00f3. \u2013 Maroskereszt\u00faron az isk.-ban a tan\u00edt\u00f3i munk\u00e1t is elv\u00e9gezte (1778). K\u00e1rolyv\u00e1rosban rom. Carlovi\u0163 (Horv\u00e1torsz.) szentelt\u00e9k papp\u00e1 (1781). Maroskereszt\u00faron szolg\u00e1lt (1800 \u2013?). <br \/><strong>Irod.:<\/strong> Criste\u015fti \u2013 Mure\u015f; \u015eincan 2006.<\/br><\/p>\n","protected":false},"excerpt":{"rendered":"<p>? \u2020?: ort. pap, tan\u00edt\u00f3. \u2013 Maroskereszt\u00faron az isk.-ban a tan\u00edt\u00f3i munk\u00e1t is elv\u00e9gezte (1778). K\u00e1rolyv\u00e1rosban rom. Carlovi\u0163 (Horv\u00e1torsz.) szentelt\u00e9k papp\u00e1 (1781). Maroskereszt\u00faron szolg\u00e1lt (1800 \u2013?). Irod.: Criste\u015fti \u2013 Mure\u015f; \u015eincan 2006.<\/p>\n","protected":false},"featured_media":0,"comment_status":"open","ping_status":"closed","template":"","meta":[],"product_brand":[],"product_cat":[137],"product_tag":[],"class_list":{"0":"post-20940","1":"product","2":"type-product","3":"status-publish","5":"product_cat-maros-megyei-eletrajzi-lexikon","7":"first","8":"instock","9":"shipping-taxable","10":"product-type-simple"},"_links":{"self":[{"href":"https:\/\/uj.adatbank.ro\/lexikon\/wp-json\/wp\/v2\/product\/20940","targetHints":{"allow":["GET"]}}],"collection":[{"href":"https:\/\/uj.adatbank.ro\/lexikon\/wp-json\/wp\/v2\/product"}],"about":[{"href":"https:\/\/uj.adatbank.ro\/lexikon\/wp-json\/wp\/v2\/types\/product"}],"replies":[{"embeddable":true,"href":"https:\/\/uj.adatbank.ro\/lexikon\/wp-json\/wp\/v2\/comments?post=20940"}],"wp:attachment":[{"href":"https:\/\/uj.adatbank.ro\/lexikon\/wp-json\/wp\/v2\/media?parent=20940"}],"wp:term":[{"taxonomy":"product_brand","embeddable":true,"href":"https:\/\/uj.adatbank.ro\/lexikon\/wp-json\/wp\/v2\/product_brand?post=20940"},{"taxonomy":"product_cat","embeddable":true,"href":"https:\/\/uj.adatbank.ro\/lexikon\/wp-json\/wp\/v2\/product_cat?post=20940"},{"taxonomy":"product_tag","embeddable":true,"href":"https:\/\/uj.adatbank.ro\/lexikon\/wp-json\/wp\/v2\/product_tag?post=20940"}],"curies":[{"name":"wp","href":"https:\/\/api.w.org\/{rel}","templated":true}]}}