{"id":20943,"date":"2025-07-22T19:07:29","date_gmt":"2025-07-22T17:07:29","guid":{"rendered":"https:\/\/uj.adatbank.ro\/lexikon\/termek\/suciu-vasile-%c2%a7\/"},"modified":"2025-07-22T19:07:29","modified_gmt":"2025-07-22T17:07:29","slug":"suciu-vasile-%c2%a7","status":"publish","type":"product","link":"https:\/\/uj.adatbank.ro\/lexikon\/termek\/suciu-vasile-%c2%a7\/","title":{"rendered":"SUCIU, Vasile \u00a7"},"content":{"rendered":"<p>Torock\u00f3gyerty\u00e1nos, 1857. dec. 21., \u2020 Mez\u0151kapus, 1937. nov.: g. kat. pap, mitropolita. \u2013 Tanult sz\u00fcl\u0151faluj\u00e1ban; Torock\u00f3szentgy\u00f6rgy\u00f6n a r. k. iskol\u00e1ban (1864\u201365); a l\u00edc.-ban Bal\u00e1zsfalv\u00e1n; Bp.-en a K\u00f6zponti Teol\u00f3giai Szemin\u00e1riumban (1875\u2013); B\u00e9csben a Szent \u00c1goston Int\u00e9zetben, ahol teol\u00f3giai diplom\u00e1t szerzett \u00e9s doktor\u00e1lt is (1881). Papp\u00e1 szentelt\u00e9k (1883). Mez\u0151kapuson volt g\u00f6r. kat. pap. Az ASTRA alap\u00edt\u00f3 tagja (1889\u2013). K\u00f6z\u00e9leti tev\u00e9kenys\u00e9ge jelent\u0151s. Marosludason a Rom\u00e1n Nemzeti P\u00e1rt eln\u00f6k\u00e9v\u00e9 v\u00e1lasztott\u00e1k (1892. jan. 8.). a Nemzeti Konferencia k\u00fcld\u00f6tte Szebenbe (1892. jan.19\u201320.), amin elhat\u00e1rozt\u00e1k a Memorandum k\u00fcld\u00e9s\u00e9t B\u00e9csbe \u00e9s a deleg\u00e1ci\u00f3 tagja volt (1892. m\u00e1j.); a Nemzeti P\u00e1rt k\u00f6zponti bizotts\u00e1g\u00e1nak helyettes tagja; r\u00e9szt vett a Nemzetis\u00e9gek Kongresszus\u00e1n Bp.-en (1895. aug. 10\u201322.). Az Astra alap\u00edt\u00f3 tagja \u00e9s igazgat\u00f3ja a XX szakoszt\u00e1ly\u00e1nak. Megv\u00e1lasztott\u00e1k az ASTRA XXV. ker\u00fclet\u00e9nek igazgat\u00f3j\u00e1v\u00e1 (1895\u20131901), aleln\u00f6ke (1911). Lelk\u00e9szk\u00e9nt r\u00e9szt vett minden szin\u00f3duson, ahol titk\u00e1ri tiszts\u00e9get is bet\u00f6lt\u00f6tt (1904\u201306). Marosludas k\u00f6rzet esperes\u00e9v\u00e9 v\u00e1lasztott\u00e1k (1913. \u00e1pr. 1.\u2013). Gyulafeh\u00e9rv\u00e1ron r\u00e9szt vett a nagy egyh\u00e1zi gy\u0171l\u00e9sen, amelyen tiltakoztak n\u00e9h\u00e1ny g. kat. esperess\u00e9g Hajd\u00fadoroghoz val\u00f3 csatlakoz\u00e1sa ellen. Saj\u00e1t k\u00e9r\u00e9s\u00e9re visszahelyezt\u00e9k Mez\u0151kapusra lelk\u00e9sznek (1913. szept. 1.). Az I. vh. idej\u00e9n seg\u00edtette az \u00e1rv\u00e1n maradt gyermekeket. Megv\u00e1lasztott\u00e1k a R. Nemzeti Tan\u00e1cs mez\u0151kapusi eln\u00f6k\u00e9v\u00e9 (1918. nov. \u2013), majd Erked hivatalos k\u00fcld\u00f6ttjek\u00e9nt r\u00e9szt vett gyulafeh\u00e9rv\u00e1ri egyes\u00fcl\u00e9si gy\u0171l\u00e9sen (1918. dec. 1.). A NPP tagjak\u00e9nt szen\u00e1tora az egyes\u00fclt Rom\u00e1nia els\u0151 parlamentj\u00e9nek (1919). Mez\u0151kapuson l\u00e9trehozta a C\u0103pu\u015fana fogyaszt\u00e1si sz\u00f6vetkezetet, amelynek eln\u00f6ke is lett (1920. szept.\u2013), majd az azonos nev\u0171 bankot is (1927\u2013). Javaslat\u00e1r Mez\u0151kapus, Ikland Maros megy\u00e9hez val\u00f3 csatol\u00e1s\u00e1t (1930). \u2013 <strong><strong>F. m.<\/strong><\/strong>: Hipnotism \u015fi spiritism (Blaj, 1906); Teologia dogmatic\u0103 fundamental\u0103 1\u20132. (Blaj, 1908); Teologia dogmatic\u0103 special\u0103 1\u20132.. (Blaj, 1908); Principiile morale sau etice ale religiunii cre\u015ftine (Blaj, 1909); Principiile fundamentale sau generale ale religiunii cre\u015ftine (Blaj, 1909); Raportul dintre religie, \u015ftiin\u0163\u0103 \u015fi societate (Blaj, 1910). <br \/><strong>Irod.:<\/strong> Bosoanc\u0103, C.l. (1993. m\u00e1rc. 16); C\u0103pu\u015ful de C\u00e2mpie; Figuri politice \u015fi administrative din epoca consolid\u0103rii (Buc., 1941); Fola; Jurnalul de Mures (1995\/40\u201341) \u2013 Gr. Ploe\u015fteanu: C\u0103rturari mure\u015feni: V. S. (St. r., 15. ian. 1989); Serb\u0103rile [ASTREI] dela Blaj 1911 (Blaj, 1911); T\u0103ureni; Todea 2013.<\/br><\/p>\n","protected":false},"excerpt":{"rendered":"<p>Torock\u00f3gyerty\u00e1nos, 1857. dec. 21., \u2020 Mez\u0151kapus, 1937. nov.: g. kat. pap, mitropolita. \u2013 Tanult sz\u00fcl\u0151faluj\u00e1ban; Torock\u00f3szentgy\u00f6rgy\u00f6n a r. k. iskol\u00e1ban (1864\u201365); a l\u00edc.-ban Bal\u00e1zsfalv\u00e1n; Bp.-en a K\u00f6zponti Teol\u00f3giai Szemin\u00e1riumban (1875\u2013); B\u00e9csben a Szent \u00c1goston Int\u00e9zetben, ahol teol\u00f3giai diplom\u00e1t szerzett \u00e9s doktor\u00e1lt is (1881). Papp\u00e1 szentelt\u00e9k (1883). Mez\u0151kapuson volt g\u00f6r. kat. pap. Az ASTRA alap\u00edt\u00f3 tagja [&hellip;]<\/p>\n","protected":false},"featured_media":0,"comment_status":"open","ping_status":"closed","template":"","meta":[],"product_brand":[],"product_cat":[137],"product_tag":[],"class_list":{"0":"post-20943","1":"product","2":"type-product","3":"status-publish","5":"product_cat-maros-megyei-eletrajzi-lexikon","7":"first","8":"instock","9":"shipping-taxable","10":"product-type-simple"},"_links":{"self":[{"href":"https:\/\/uj.adatbank.ro\/lexikon\/wp-json\/wp\/v2\/product\/20943","targetHints":{"allow":["GET"]}}],"collection":[{"href":"https:\/\/uj.adatbank.ro\/lexikon\/wp-json\/wp\/v2\/product"}],"about":[{"href":"https:\/\/uj.adatbank.ro\/lexikon\/wp-json\/wp\/v2\/types\/product"}],"replies":[{"embeddable":true,"href":"https:\/\/uj.adatbank.ro\/lexikon\/wp-json\/wp\/v2\/comments?post=20943"}],"wp:attachment":[{"href":"https:\/\/uj.adatbank.ro\/lexikon\/wp-json\/wp\/v2\/media?parent=20943"}],"wp:term":[{"taxonomy":"product_brand","embeddable":true,"href":"https:\/\/uj.adatbank.ro\/lexikon\/wp-json\/wp\/v2\/product_brand?post=20943"},{"taxonomy":"product_cat","embeddable":true,"href":"https:\/\/uj.adatbank.ro\/lexikon\/wp-json\/wp\/v2\/product_cat?post=20943"},{"taxonomy":"product_tag","embeddable":true,"href":"https:\/\/uj.adatbank.ro\/lexikon\/wp-json\/wp\/v2\/product_tag?post=20943"}],"curies":[{"name":"wp","href":"https:\/\/api.w.org\/{rel}","templated":true}]}}