{"id":20944,"date":"2025-07-22T19:07:31","date_gmt":"2025-07-22T17:07:31","guid":{"rendered":"https:\/\/uj.adatbank.ro\/lexikon\/termek\/suciu-vasile-t\/"},"modified":"2025-07-22T19:07:31","modified_gmt":"2025-07-22T17:07:31","slug":"suciu-vasile-t","status":"publish","type":"product","link":"https:\/\/uj.adatbank.ro\/lexikon\/termek\/suciu-vasile-t\/","title":{"rendered":"SUCIU, Vasile T."},"content":{"rendered":"<p>Mez\u0151m\u00e9hes, 1861., \u2020 Mez\u0151m\u00e9hes?: f\u00f6ldm\u0171ves. \u2013 Az osztr.\u2013magyar hadsereg keret\u00e9ben r\u00e9szt vett az I.vh.-ban, ahol orosz fogs\u00e1gba esett, \u00e9s m\u00e1s 10.000 t\u00e1rs\u00e1val egy\u00fctt a Kiev (Ukrajna) melletti Darnyic\u00e1ban l\u00e1gerbe ker\u00fclt. \u00d6nk\u00e9ntesk\u00e9nt be\u00e1llt a rom. hadsereg Erd\u00e9lyi Szakasz\u00e1ba, \u00e9s h\u0151siesen harcolt M\u0103r\u0103sesti-n\u00e9l a n\u00e9met, osztr.\u2013magyar ellen (1917 nyara). <br \/><strong>Irod.:<\/strong> F\u0103r\u0103g\u0103u.<\/br><\/p>\n","protected":false},"excerpt":{"rendered":"<p>Mez\u0151m\u00e9hes, 1861., \u2020 Mez\u0151m\u00e9hes?: f\u00f6ldm\u0171ves. \u2013 Az osztr.\u2013magyar hadsereg keret\u00e9ben r\u00e9szt vett az I.vh.-ban, ahol orosz fogs\u00e1gba esett, \u00e9s m\u00e1s 10.000 t\u00e1rs\u00e1val egy\u00fctt a Kiev (Ukrajna) melletti Darnyic\u00e1ban l\u00e1gerbe ker\u00fclt. \u00d6nk\u00e9ntesk\u00e9nt be\u00e1llt a rom. hadsereg Erd\u00e9lyi Szakasz\u00e1ba, \u00e9s h\u0151siesen harcolt M\u0103r\u0103sesti-n\u00e9l a n\u00e9met, osztr.\u2013magyar ellen (1917 nyara). Irod.: F\u0103r\u0103g\u0103u.<\/p>\n","protected":false},"featured_media":0,"comment_status":"open","ping_status":"closed","template":"","meta":[],"product_brand":[],"product_cat":[137],"product_tag":[],"class_list":{"0":"post-20944","1":"product","2":"type-product","3":"status-publish","5":"product_cat-maros-megyei-eletrajzi-lexikon","7":"first","8":"instock","9":"shipping-taxable","10":"product-type-simple"},"_links":{"self":[{"href":"https:\/\/uj.adatbank.ro\/lexikon\/wp-json\/wp\/v2\/product\/20944","targetHints":{"allow":["GET"]}}],"collection":[{"href":"https:\/\/uj.adatbank.ro\/lexikon\/wp-json\/wp\/v2\/product"}],"about":[{"href":"https:\/\/uj.adatbank.ro\/lexikon\/wp-json\/wp\/v2\/types\/product"}],"replies":[{"embeddable":true,"href":"https:\/\/uj.adatbank.ro\/lexikon\/wp-json\/wp\/v2\/comments?post=20944"}],"wp:attachment":[{"href":"https:\/\/uj.adatbank.ro\/lexikon\/wp-json\/wp\/v2\/media?parent=20944"}],"wp:term":[{"taxonomy":"product_brand","embeddable":true,"href":"https:\/\/uj.adatbank.ro\/lexikon\/wp-json\/wp\/v2\/product_brand?post=20944"},{"taxonomy":"product_cat","embeddable":true,"href":"https:\/\/uj.adatbank.ro\/lexikon\/wp-json\/wp\/v2\/product_cat?post=20944"},{"taxonomy":"product_tag","embeddable":true,"href":"https:\/\/uj.adatbank.ro\/lexikon\/wp-json\/wp\/v2\/product_tag?post=20944"}],"curies":[{"name":"wp","href":"https:\/\/api.w.org\/{rel}","templated":true}]}}