{"id":20945,"date":"2025-07-22T19:07:34","date_gmt":"2025-07-22T17:07:34","guid":{"rendered":"https:\/\/uj.adatbank.ro\/lexikon\/termek\/suciu-vasile-t-suciu-t-vasilei\/"},"modified":"2025-07-22T19:07:34","modified_gmt":"2025-07-22T17:07:34","slug":"suciu-vasile-t-suciu-t-vasilei","status":"publish","type":"product","link":"https:\/\/uj.adatbank.ro\/lexikon\/termek\/suciu-vasile-t-suciu-t-vasilei\/","title":{"rendered":"SUCIU, Vasile T., Suciu, T. Vasile,I."},"content":{"rendered":"<p>Mez\u0151m\u00e9hes, 1930. febr. 21., \u2020\u00a0Mv., 2008. dec. 6.: katonatiszt, t\u00f6rt\u00e9n\u00e9sz. \u2013 Elemi isk. \u00e9s gimn\u00e1zium a sz\u00fcl\u0151faluban (1937\u201344), rend\u0151rtiszti iskol\u00e1t hadnagyi rangban v\u00e9gzett C\u00e2mpin\u00e1ban (Prahova) (1951\u201353), tov\u00e1bbk\u00e9pz\u00e9ssel Nagyv\u00e1radon kapit\u00e1nyi rangot kapott (1954\u201355). A l\u00edc. Stejvaspatakon (Hunyad, 1954\u201358), 3 \u00e9ves Ped. F\u0151isk. Mv.-en, t\u00f6rt\u00e9nelem szak (1966\u201370), Kv.-on a BBTE T\u00f6rt.-Filoz\u00f3fia szak l\u00e1togat\u00e1s n\u00e9lk\u00fcl (1970\u201376). Katonai karriert futott be, a Bel\u00fcgyminiszt\u00e9rium alkalmazottja volt 35 \u00e9ven kereszt\u00fcl: Stejvaspatkon szakasz- \u00e9s sz\u00e1zadparancsnok (1953\u201354), Kv.-on rend\u0151rszakaszvezet\u0151 (1955\u201363), Maros Megye Mil\u00edci\u00e1j\u00e1nak rend\u0151rtisztje (1963\u201380), \u0151rnagyi rangban saj\u00e1t k\u00e9r\u00e9s\u00e9re vonult nyugd\u00edjba (1980. m\u00e1j.20.), el\u0151l\u00e9ptett\u00e9k alezredesi (1991), majd ezredesi rangba (1995). A Maros Megyei R.K P. politikai iskol\u00e1j\u00e1ban tan\u00edtott. Eln\u00f6ke volt a Maros Megyei Cultul Eroilor \u015fi Martirilor Nemzeti Sz\u00f6vets\u00e9gnek (1990\u2013), titk\u00e1ra az Avram Iancu Maros Megyei Egyes\u00fclet\u00e9nek, amely a Bel\u00fcgyminiszt\u00e9rium tartal\u00e9kos katonai k\u00e1derjeit t\u00f6m\u00f6r\u00edti mag\u00e1ba. Irodalmi tev\u00e9kenys\u00e9get is fejtett ki, essz\u00e9ket k\u00f6z\u00f6lt a Pentru patrie \u00e9s a Revista Trupelor de Gr\u0103niceri c. foly\u00f3iratokban (1950\u201360). T\u00f6bb mint 1000 cikke, tanulm\u00e1nya, memo\u00e1rja \u00e9s essz\u00e9je jelent meg helyi, k\u00f6zponti, civil \u00e9s katonai sajt\u00f3term\u00e9kekben. Tagja volt a Liviu Rebreanu Irodalmi K\u00f6rnek Mv.-en (1978\u201389) \u00e9s a Vatra foly\u00f3irat irodalmi k\u00f6r\u00e9nek (1980\u2013). Eml\u00e9kiratokkal jelentkezett az Ambasador, Aurora (Mv.), Felix Militaria (Kv.), Flac\u0103ra (Buk.), Vatra, Vatra Rom\u00e2neasc\u0103 (Kv.), Vatra sr\u0103bun\u0103 (Gyulafeh\u00e9rv\u00e1r), Revista Jandarmeriei (Buk.), Revista de istorie militar\u0103 (Buk.), Rom\u00e2nia Mare, Voci Transilvane (Mv.), Veteranul, Steaua, Tribuna, \u0162ara noastr\u0103, Cuv\u00e2ntul liber, Poli\u0163ia rom\u00e2n\u0103, Observatorul militar, Steaua ro\u015fie, Unitatea Na\u0163ional\u0103 \u00e9s m\u00e1s sajt\u00f3term\u00e9kekben. A rom\u00e1n nemzet \u00e9rt\u00e9keinek megv\u00e9d\u00e9se \u00e9rdek\u00e9ben kifejtett tev\u00e9kenys\u00e9g\u00e9\u00e9rt megkapta az Ambasador foly\u00f3irat d\u00edj\u00e1t (1999). \u2013 <strong>F. m.<\/strong>: Eroi \u015fi martiri ai re\u00eentregirii Rom\u00e2niei mari (1940 \u2013 1945); Lumina din ad\u00e2ncuri (memorial.; Tg.M., 1996); Transilvania 1848\u20131849 (Tg.M., 2000); De unde at\u00e2tea ur\u0103? (Tg. M., 2004); <strong>t\u00e1rssz.:<\/strong> \u201eMure\u015ful\u201d. Gazet\u0103 rom\u00e2neasc\u0103 \u00een jude\u0163ul Mure\u015f = Pagini mure\u015fene (Tg.M., 1980); Arhanghelii cruzimii (Gheorghe I. Bodea-val; Tg.M., 1982); Moisei (Gheorghe I. Bodea-val; Tg.M., 1982); Epopeea de pe Mure\u015f (Grigore Ploe\u015fteanu, Laz\u0103r L\u0103dariu-val; Tg. M., 1985); Administra\u0163ia militar\u0103 horthyst\u0103 \u00een nord-vestul Transilvaniei (Gheorghe I.Bodea, Ilie I.Pu\u015fac\u015f-sal (Cluj-N., 1988); Crucea p\u0103m\u00e2ntului: (memo\u00e1r; Gheorghe I. Bodea-val; Tg.M., 1993); Monografie F\u0103r\u0103g\u0103u 2004 la 647 de ani de la prima atestare dovumentar\u0103 a localit\u0103\u0163ii (Anca, Corneliuval; Tg. M., 2004). <br \/><strong>Irod.:<\/strong> Cosma; F\u0103r\u0103g\u0103u.<\/br><\/p>\n","protected":false},"excerpt":{"rendered":"<p>Mez\u0151m\u00e9hes, 1930. febr. 21., \u2020\u00a0Mv., 2008. dec. 6.: katonatiszt, t\u00f6rt\u00e9n\u00e9sz. \u2013 Elemi isk. \u00e9s gimn\u00e1zium a sz\u00fcl\u0151faluban (1937\u201344), rend\u0151rtiszti iskol\u00e1t hadnagyi rangban v\u00e9gzett C\u00e2mpin\u00e1ban (Prahova) (1951\u201353), tov\u00e1bbk\u00e9pz\u00e9ssel Nagyv\u00e1radon kapit\u00e1nyi rangot kapott (1954\u201355). A l\u00edc. Stejvaspatakon (Hunyad, 1954\u201358), 3 \u00e9ves Ped. F\u0151isk. Mv.-en, t\u00f6rt\u00e9nelem szak (1966\u201370), Kv.-on a BBTE T\u00f6rt.-Filoz\u00f3fia szak l\u00e1togat\u00e1s n\u00e9lk\u00fcl (1970\u201376). Katonai karriert [&hellip;]<\/p>\n","protected":false},"featured_media":0,"comment_status":"open","ping_status":"closed","template":"","meta":[],"product_brand":[],"product_cat":[137],"product_tag":[],"class_list":{"0":"post-20945","1":"product","2":"type-product","3":"status-publish","5":"product_cat-maros-megyei-eletrajzi-lexikon","7":"first","8":"instock","9":"shipping-taxable","10":"product-type-simple"},"_links":{"self":[{"href":"https:\/\/uj.adatbank.ro\/lexikon\/wp-json\/wp\/v2\/product\/20945","targetHints":{"allow":["GET"]}}],"collection":[{"href":"https:\/\/uj.adatbank.ro\/lexikon\/wp-json\/wp\/v2\/product"}],"about":[{"href":"https:\/\/uj.adatbank.ro\/lexikon\/wp-json\/wp\/v2\/types\/product"}],"replies":[{"embeddable":true,"href":"https:\/\/uj.adatbank.ro\/lexikon\/wp-json\/wp\/v2\/comments?post=20945"}],"wp:attachment":[{"href":"https:\/\/uj.adatbank.ro\/lexikon\/wp-json\/wp\/v2\/media?parent=20945"}],"wp:term":[{"taxonomy":"product_brand","embeddable":true,"href":"https:\/\/uj.adatbank.ro\/lexikon\/wp-json\/wp\/v2\/product_brand?post=20945"},{"taxonomy":"product_cat","embeddable":true,"href":"https:\/\/uj.adatbank.ro\/lexikon\/wp-json\/wp\/v2\/product_cat?post=20945"},{"taxonomy":"product_tag","embeddable":true,"href":"https:\/\/uj.adatbank.ro\/lexikon\/wp-json\/wp\/v2\/product_tag?post=20945"}],"curies":[{"name":"wp","href":"https:\/\/api.w.org\/{rel}","templated":true}]}}