{"id":20946,"date":"2025-07-22T19:07:36","date_gmt":"2025-07-22T17:07:36","guid":{"rendered":"https:\/\/uj.adatbank.ro\/lexikon\/termek\/suciu-victor\/"},"modified":"2025-07-22T19:07:36","modified_gmt":"2025-07-22T17:07:36","slug":"suciu-victor","status":"publish","type":"product","link":"https:\/\/uj.adatbank.ro\/lexikon\/termek\/suciu-victor\/","title":{"rendered":"SUCIU, Victor"},"content":{"rendered":"<p>Mez\u0151kapus, 1885., \u2020?: \u00fcgyv\u00e9d, politikus. \u2013 Apja g. kat. esperes volt. \u2013 Kv.-on v\u00e9gezte az egyetem jogi fakult\u00e1s\u00e1t. Segesv\u00e1ron \u00fcgyv\u00e9djel\u00f6lt, majd \u00f6n\u00e1ll\u00f3 \u00fcgyv\u00e9d Mv.-en (1912\u2013). Jelent\u0151s politikai \u00e9s t\u00e1rsadalmi poz\u00edci\u00f3t t\u00f6lt\u00f6tt be. A mv.-i Nemzeti G\u00e1rda parancsnoka, majd v\u00e1rmegyei alisp\u00e1n (1919\u201322), a megyei k\u00f6zigazgat\u00e1si bizotts\u00e1g tagja (1919\u2013), a v\u00e1rosi k\u00f6zigazgat\u00e1si bizotts\u00e1g tagja, alprefektus (1920), a Nemzeti Parasztp\u00e1rt sz\u00e1zas bizotts\u00e1g\u00e1nak tagja, szen\u00e1tor (1928\u2013), helyettes v\u00e1rosi f\u0151\u00fcgy\u00e9sz (1939). Az Astra \u00f6r\u00f6k\u00f6s tagja, a Geografia Rom\u00e1n Kir. T\u00e1rsulat \u00e9s az Agru alap\u00edt\u00f3 tagja, sz\u00e1mos t\u00e1rsadalmi \u00e9s kultur\u00e1lis egyes\u00fcletn\u00e9l vezet\u0151 szerepet t\u00f6lt\u00f6tt be. A Prima Ardeleana biztos\u00edt\u00f3 int\u00e9zet \u00fcgy\u00e9sze, v\u00e1rosi tan\u00e1csos \u00e9s mint ilyen a v\u00e1ros \u00e9p\u00edt\u00e9szeti fejleszt\u00e9s\u00e9n \u00e9s sz\u00e9p\u00edt\u00e9s\u00e9n f\u00e1radozott. A rom\u00e1n Csillagrend tiszti keresztj\u00e9nek tulajdonosa. <br \/><strong>Irod.:<\/strong> Almanah Tg.M.; Bern\u00e1dy; Id\u0151t\u00e1r 3; Ki kicsoda?; Todea 2013 S.<\/br><\/p>\n","protected":false},"excerpt":{"rendered":"<p>Mez\u0151kapus, 1885., \u2020?: \u00fcgyv\u00e9d, politikus. \u2013 Apja g. kat. esperes volt. \u2013 Kv.-on v\u00e9gezte az egyetem jogi fakult\u00e1s\u00e1t. Segesv\u00e1ron \u00fcgyv\u00e9djel\u00f6lt, majd \u00f6n\u00e1ll\u00f3 \u00fcgyv\u00e9d Mv.-en (1912\u2013). Jelent\u0151s politikai \u00e9s t\u00e1rsadalmi poz\u00edci\u00f3t t\u00f6lt\u00f6tt be. A mv.-i Nemzeti G\u00e1rda parancsnoka, majd v\u00e1rmegyei alisp\u00e1n (1919\u201322), a megyei k\u00f6zigazgat\u00e1si bizotts\u00e1g tagja (1919\u2013), a v\u00e1rosi k\u00f6zigazgat\u00e1si bizotts\u00e1g tagja, alprefektus (1920), a [&hellip;]<\/p>\n","protected":false},"featured_media":0,"comment_status":"open","ping_status":"closed","template":"","meta":[],"product_brand":[],"product_cat":[137],"product_tag":[],"class_list":{"0":"post-20946","1":"product","2":"type-product","3":"status-publish","5":"product_cat-maros-megyei-eletrajzi-lexikon","7":"first","8":"instock","9":"shipping-taxable","10":"product-type-simple"},"_links":{"self":[{"href":"https:\/\/uj.adatbank.ro\/lexikon\/wp-json\/wp\/v2\/product\/20946","targetHints":{"allow":["GET"]}}],"collection":[{"href":"https:\/\/uj.adatbank.ro\/lexikon\/wp-json\/wp\/v2\/product"}],"about":[{"href":"https:\/\/uj.adatbank.ro\/lexikon\/wp-json\/wp\/v2\/types\/product"}],"replies":[{"embeddable":true,"href":"https:\/\/uj.adatbank.ro\/lexikon\/wp-json\/wp\/v2\/comments?post=20946"}],"wp:attachment":[{"href":"https:\/\/uj.adatbank.ro\/lexikon\/wp-json\/wp\/v2\/media?parent=20946"}],"wp:term":[{"taxonomy":"product_brand","embeddable":true,"href":"https:\/\/uj.adatbank.ro\/lexikon\/wp-json\/wp\/v2\/product_brand?post=20946"},{"taxonomy":"product_cat","embeddable":true,"href":"https:\/\/uj.adatbank.ro\/lexikon\/wp-json\/wp\/v2\/product_cat?post=20946"},{"taxonomy":"product_tag","embeddable":true,"href":"https:\/\/uj.adatbank.ro\/lexikon\/wp-json\/wp\/v2\/product_tag?post=20946"}],"curies":[{"name":"wp","href":"https:\/\/api.w.org\/{rel}","templated":true}]}}