{"id":20951,"date":"2025-07-22T19:07:46","date_gmt":"2025-07-22T17:07:46","guid":{"rendered":"https:\/\/uj.adatbank.ro\/lexikon\/termek\/sugar-jeno-salgo\/"},"modified":"2025-07-22T19:07:46","modified_gmt":"2025-07-22T17:07:46","slug":"sugar-jeno-salgo","status":"publish","type":"product","link":"https:\/\/uj.adatbank.ro\/lexikon\/termek\/sugar-jeno-salgo\/","title":{"rendered":"SUG\u00c1R Jen\u0151; Salg\u00f3"},"content":{"rendered":"<p>Mv., 1907. m\u00e1rc. 21., \u2020 Ramat Gan, 1979. okt. 12.: sz\u00edn\u00e9sz. \u2013 P\u00e1ly\u00e1ja kezdet\u00e9n (1925\u2013) els\u0151 sikereit dr. Ferenczi Gyula sz\u00e9kelyf\u00f6ldi t\u00e1rs.-\u00e1nak t\u00e1ncoskomikusak\u00e9nt aratta. Fell\u00e9pett a Mih\u00e1ly K\u00e1roly t\u00e1rsulat\u00e1ban Szatm\u00e1rn\u00e9metiben (1938\u201340). Kellemes megjelen\u00e9s\u0171, j\u00f3 humor\u00fa sz\u00edn\u00e9sz volt. A negyvenes \u00e9vek elej\u00e9n munkaszolg\u00e1latra vitt\u00e9k. K\u00f6zben azonban m\u00f3dja volt fell\u00e9pni a kv.-i Zsid\u00f3 Sz\u00ednh\u00e1zban. A kv.-i Magyar Sz\u00ednh\u00e1z tagja volt (1948 tavasz\u00e1ig), a nagyv\u00e1radi sz\u00ednh\u00e1zban j\u00e1tszott (1949\u201371). Izraelben telepedett le (1971\u2013), ahol hal\u00e1l\u00e1ig az izraeli m. sz\u00ednt\u00e1rs. tagja volt \u00e9s sz\u00e1mos darabot rendezett. P\u00e1ly\u00e1ja sor\u00e1n t\u00f6bb sz\u00ednh\u00e1zi cikket \u00edrt az izraeli m. nyelv\u0171 sajt\u00f3ban. \u2013 <strong>F. sz.:<\/strong> Miska (Szirmai A.: M\u00e1gn\u00e1s Miska); Harrison (Jacobi V.: Le\u00e1nyv\u00e1s\u00e1r); Dragotin P\u00e9ter (Leh\u00e1r F.: Cig\u00e1nyszerelem); Mujk\u00f3 (Huszka J.: G\u00fcl Baba); Miska f\u0151pinc\u00e9r (K\u00e1lm\u00e1n I.: A cs\u00e1rd\u00e1skir\u00e1lyn\u0151); Gardner tiszteletes (Shaw: Warrenn\u00e9 mesters\u00e9ge). <br \/><strong>Irod.:<\/strong> K\u00f6t\u0151; MSZL.<\/br><\/p>\n","protected":false},"excerpt":{"rendered":"<p>Mv., 1907. m\u00e1rc. 21., \u2020 Ramat Gan, 1979. okt. 12.: sz\u00edn\u00e9sz. \u2013 P\u00e1ly\u00e1ja kezdet\u00e9n (1925\u2013) els\u0151 sikereit dr. Ferenczi Gyula sz\u00e9kelyf\u00f6ldi t\u00e1rs.-\u00e1nak t\u00e1ncoskomikusak\u00e9nt aratta. Fell\u00e9pett a Mih\u00e1ly K\u00e1roly t\u00e1rsulat\u00e1ban Szatm\u00e1rn\u00e9metiben (1938\u201340). Kellemes megjelen\u00e9s\u0171, j\u00f3 humor\u00fa sz\u00edn\u00e9sz volt. A negyvenes \u00e9vek elej\u00e9n munkaszolg\u00e1latra vitt\u00e9k. K\u00f6zben azonban m\u00f3dja volt fell\u00e9pni a kv.-i Zsid\u00f3 Sz\u00ednh\u00e1zban. A kv.-i Magyar [&hellip;]<\/p>\n","protected":false},"featured_media":0,"comment_status":"open","ping_status":"closed","template":"","meta":[],"product_brand":[],"product_cat":[137],"product_tag":[],"class_list":{"0":"post-20951","1":"product","2":"type-product","3":"status-publish","5":"product_cat-maros-megyei-eletrajzi-lexikon","7":"first","8":"instock","9":"shipping-taxable","10":"product-type-simple"},"_links":{"self":[{"href":"https:\/\/uj.adatbank.ro\/lexikon\/wp-json\/wp\/v2\/product\/20951","targetHints":{"allow":["GET"]}}],"collection":[{"href":"https:\/\/uj.adatbank.ro\/lexikon\/wp-json\/wp\/v2\/product"}],"about":[{"href":"https:\/\/uj.adatbank.ro\/lexikon\/wp-json\/wp\/v2\/types\/product"}],"replies":[{"embeddable":true,"href":"https:\/\/uj.adatbank.ro\/lexikon\/wp-json\/wp\/v2\/comments?post=20951"}],"wp:attachment":[{"href":"https:\/\/uj.adatbank.ro\/lexikon\/wp-json\/wp\/v2\/media?parent=20951"}],"wp:term":[{"taxonomy":"product_brand","embeddable":true,"href":"https:\/\/uj.adatbank.ro\/lexikon\/wp-json\/wp\/v2\/product_brand?post=20951"},{"taxonomy":"product_cat","embeddable":true,"href":"https:\/\/uj.adatbank.ro\/lexikon\/wp-json\/wp\/v2\/product_cat?post=20951"},{"taxonomy":"product_tag","embeddable":true,"href":"https:\/\/uj.adatbank.ro\/lexikon\/wp-json\/wp\/v2\/product_tag?post=20951"}],"curies":[{"name":"wp","href":"https:\/\/api.w.org\/{rel}","templated":true}]}}