{"id":20952,"date":"2025-07-22T19:07:49","date_gmt":"2025-07-22T17:07:49","guid":{"rendered":"https:\/\/uj.adatbank.ro\/lexikon\/termek\/suger-janos\/"},"modified":"2025-07-22T19:07:49","modified_gmt":"2025-07-22T17:07:49","slug":"suger-janos","status":"publish","type":"product","link":"https:\/\/uj.adatbank.ro\/lexikon\/termek\/suger-janos\/","title":{"rendered":"S\u00dcG\u00c9R J\u00e1nos"},"content":{"rendered":"<p>? \u2020?: Ny\u00e1r\u00e1dszentl\u00e1szl\u00f3i f\u00f6ldbirtokos. \u2013 A szentl\u00e1szl\u00f3i templomtorony alj\u00e1ban van a konzerv\u00e1lt s\u00edrk\u00f6ve, amelynek lapja k\u00f6rirattal ell\u00e1tott, c\u00edmeres, k\u00e9s\u0151 renesz\u00e1nszkori. <br \/><strong>Irod.:<\/strong> Sebesty\u00e9n J\u00f3zsef: S\u00fcg\u00e9r J\u00e1nos s\u00edrja (Magyar Nemzet, 2007. j\u00fan. 9.).<\/br><\/p>\n","protected":false},"excerpt":{"rendered":"<p>? \u2020?: Ny\u00e1r\u00e1dszentl\u00e1szl\u00f3i f\u00f6ldbirtokos. \u2013 A szentl\u00e1szl\u00f3i templomtorony alj\u00e1ban van a konzerv\u00e1lt s\u00edrk\u00f6ve, amelynek lapja k\u00f6rirattal ell\u00e1tott, c\u00edmeres, k\u00e9s\u0151 renesz\u00e1nszkori. Irod.: Sebesty\u00e9n J\u00f3zsef: S\u00fcg\u00e9r J\u00e1nos s\u00edrja (Magyar Nemzet, 2007. j\u00fan. 9.).<\/p>\n","protected":false},"featured_media":0,"comment_status":"open","ping_status":"closed","template":"","meta":[],"product_brand":[],"product_cat":[137],"product_tag":[],"class_list":{"0":"post-20952","1":"product","2":"type-product","3":"status-publish","5":"product_cat-maros-megyei-eletrajzi-lexikon","7":"first","8":"instock","9":"shipping-taxable","10":"product-type-simple"},"_links":{"self":[{"href":"https:\/\/uj.adatbank.ro\/lexikon\/wp-json\/wp\/v2\/product\/20952","targetHints":{"allow":["GET"]}}],"collection":[{"href":"https:\/\/uj.adatbank.ro\/lexikon\/wp-json\/wp\/v2\/product"}],"about":[{"href":"https:\/\/uj.adatbank.ro\/lexikon\/wp-json\/wp\/v2\/types\/product"}],"replies":[{"embeddable":true,"href":"https:\/\/uj.adatbank.ro\/lexikon\/wp-json\/wp\/v2\/comments?post=20952"}],"wp:attachment":[{"href":"https:\/\/uj.adatbank.ro\/lexikon\/wp-json\/wp\/v2\/media?parent=20952"}],"wp:term":[{"taxonomy":"product_brand","embeddable":true,"href":"https:\/\/uj.adatbank.ro\/lexikon\/wp-json\/wp\/v2\/product_brand?post=20952"},{"taxonomy":"product_cat","embeddable":true,"href":"https:\/\/uj.adatbank.ro\/lexikon\/wp-json\/wp\/v2\/product_cat?post=20952"},{"taxonomy":"product_tag","embeddable":true,"href":"https:\/\/uj.adatbank.ro\/lexikon\/wp-json\/wp\/v2\/product_tag?post=20952"}],"curies":[{"name":"wp","href":"https:\/\/api.w.org\/{rel}","templated":true}]}}