{"id":20953,"date":"2025-07-22T19:07:51","date_gmt":"2025-07-22T17:07:51","guid":{"rendered":"https:\/\/uj.adatbank.ro\/lexikon\/termek\/suger-matyas-sygher-siger\/"},"modified":"2025-07-22T19:07:51","modified_gmt":"2025-07-22T17:07:51","slug":"suger-matyas-sygher-siger","status":"publish","type":"product","link":"https:\/\/uj.adatbank.ro\/lexikon\/termek\/suger-matyas-sygher-siger\/","title":{"rendered":"S\u00dcG\u00c9R M\u00e1ty\u00e1s, Sygher, Siger"},"content":{"rendered":"<p>? \u2020?: Ny\u00e1r\u00e1dszentl\u00e1szl\u00f3i f\u00f6ldbirtokos. \u2013 Nagy h\u00e1za palot\u00e1ja volt Ny\u00e1r\u00e1dszentl\u00e1szl\u00f3n. A n\u00e9p S\u00fcg\u00e9r kir\u00e1lynak h\u00edvta. A falu templom\u00e1nak a tornya alj\u00e1ban van a s\u00edrk\u00f6ve, amely 2 m hossz\u00fa \u00e9s 1 m. sz\u00e9les lapos s\u00edrk\u0151 (1586-b\u00f3l). <br \/><strong>Irod.:<\/strong> Kelemen Lajos 2009.<\/br><\/p>\n","protected":false},"excerpt":{"rendered":"<p>? \u2020?: Ny\u00e1r\u00e1dszentl\u00e1szl\u00f3i f\u00f6ldbirtokos. \u2013 Nagy h\u00e1za palot\u00e1ja volt Ny\u00e1r\u00e1dszentl\u00e1szl\u00f3n. A n\u00e9p S\u00fcg\u00e9r kir\u00e1lynak h\u00edvta. A falu templom\u00e1nak a tornya alj\u00e1ban van a s\u00edrk\u00f6ve, amely 2 m hossz\u00fa \u00e9s 1 m. sz\u00e9les lapos s\u00edrk\u0151 (1586-b\u00f3l). Irod.: Kelemen Lajos 2009.<\/p>\n","protected":false},"featured_media":0,"comment_status":"open","ping_status":"closed","template":"","meta":[],"product_brand":[],"product_cat":[137],"product_tag":[],"class_list":{"0":"post-20953","1":"product","2":"type-product","3":"status-publish","5":"product_cat-maros-megyei-eletrajzi-lexikon","7":"first","8":"instock","9":"shipping-taxable","10":"product-type-simple"},"_links":{"self":[{"href":"https:\/\/uj.adatbank.ro\/lexikon\/wp-json\/wp\/v2\/product\/20953","targetHints":{"allow":["GET"]}}],"collection":[{"href":"https:\/\/uj.adatbank.ro\/lexikon\/wp-json\/wp\/v2\/product"}],"about":[{"href":"https:\/\/uj.adatbank.ro\/lexikon\/wp-json\/wp\/v2\/types\/product"}],"replies":[{"embeddable":true,"href":"https:\/\/uj.adatbank.ro\/lexikon\/wp-json\/wp\/v2\/comments?post=20953"}],"wp:attachment":[{"href":"https:\/\/uj.adatbank.ro\/lexikon\/wp-json\/wp\/v2\/media?parent=20953"}],"wp:term":[{"taxonomy":"product_brand","embeddable":true,"href":"https:\/\/uj.adatbank.ro\/lexikon\/wp-json\/wp\/v2\/product_brand?post=20953"},{"taxonomy":"product_cat","embeddable":true,"href":"https:\/\/uj.adatbank.ro\/lexikon\/wp-json\/wp\/v2\/product_cat?post=20953"},{"taxonomy":"product_tag","embeddable":true,"href":"https:\/\/uj.adatbank.ro\/lexikon\/wp-json\/wp\/v2\/product_tag?post=20953"}],"curies":[{"name":"wp","href":"https:\/\/api.w.org\/{rel}","templated":true}]}}