{"id":20954,"date":"2025-07-22T19:07:53","date_gmt":"2025-07-22T17:07:53","guid":{"rendered":"https:\/\/uj.adatbank.ro\/lexikon\/termek\/sugo-jozsef\/"},"modified":"2025-07-22T19:07:53","modified_gmt":"2025-07-22T17:07:53","slug":"sugo-jozsef","status":"publish","type":"product","link":"https:\/\/uj.adatbank.ro\/lexikon\/termek\/sugo-jozsef\/","title":{"rendered":"SUG\u00d3 J\u00f3zsef"},"content":{"rendered":"<p>Maross\u00e1rpatak, 1901., \u2020?: k\u00f6rjegyz\u0151. \u2013 Mv.-en \u00e9s Nagyenyeden v\u00e9gezte tanulm\u00e1nyait, Fogarason szerzett jegyz\u0151i oklevelet. G\u00f6rg\u00e9nys\u00f3akna k\u00f6rjegyz\u0151je (1930\u2013). A kultur\u00e1lis, szoci\u00e1lis egyes\u00fcletek m\u0171k\u00f6d\u00e9s\u00e9ben r\u00e9szt vett. <br \/><strong>Irod.:<\/strong> Sz\u00e9kelyf\u00f6ld \u00ed. k.<\/br><\/p>\n","protected":false},"excerpt":{"rendered":"<p>Maross\u00e1rpatak, 1901., \u2020?: k\u00f6rjegyz\u0151. \u2013 Mv.-en \u00e9s Nagyenyeden v\u00e9gezte tanulm\u00e1nyait, Fogarason szerzett jegyz\u0151i oklevelet. G\u00f6rg\u00e9nys\u00f3akna k\u00f6rjegyz\u0151je (1930\u2013). A kultur\u00e1lis, szoci\u00e1lis egyes\u00fcletek m\u0171k\u00f6d\u00e9s\u00e9ben r\u00e9szt vett. Irod.: Sz\u00e9kelyf\u00f6ld \u00ed. k.<\/p>\n","protected":false},"featured_media":0,"comment_status":"open","ping_status":"closed","template":"","meta":[],"product_brand":[],"product_cat":[137],"product_tag":[],"class_list":{"0":"post-20954","1":"product","2":"type-product","3":"status-publish","5":"product_cat-maros-megyei-eletrajzi-lexikon","7":"first","8":"instock","9":"shipping-taxable","10":"product-type-simple"},"_links":{"self":[{"href":"https:\/\/uj.adatbank.ro\/lexikon\/wp-json\/wp\/v2\/product\/20954","targetHints":{"allow":["GET"]}}],"collection":[{"href":"https:\/\/uj.adatbank.ro\/lexikon\/wp-json\/wp\/v2\/product"}],"about":[{"href":"https:\/\/uj.adatbank.ro\/lexikon\/wp-json\/wp\/v2\/types\/product"}],"replies":[{"embeddable":true,"href":"https:\/\/uj.adatbank.ro\/lexikon\/wp-json\/wp\/v2\/comments?post=20954"}],"wp:attachment":[{"href":"https:\/\/uj.adatbank.ro\/lexikon\/wp-json\/wp\/v2\/media?parent=20954"}],"wp:term":[{"taxonomy":"product_brand","embeddable":true,"href":"https:\/\/uj.adatbank.ro\/lexikon\/wp-json\/wp\/v2\/product_brand?post=20954"},{"taxonomy":"product_cat","embeddable":true,"href":"https:\/\/uj.adatbank.ro\/lexikon\/wp-json\/wp\/v2\/product_cat?post=20954"},{"taxonomy":"product_tag","embeddable":true,"href":"https:\/\/uj.adatbank.ro\/lexikon\/wp-json\/wp\/v2\/product_tag?post=20954"}],"curies":[{"name":"wp","href":"https:\/\/api.w.org\/{rel}","templated":true}]}}