{"id":20956,"date":"2025-07-22T19:07:57","date_gmt":"2025-07-22T17:07:57","guid":{"rendered":"https:\/\/uj.adatbank.ro\/lexikon\/termek\/sukei-imre-sukei-suto-imre-szokefalvi\/"},"modified":"2025-07-22T19:07:57","modified_gmt":"2025-07-22T17:07:57","slug":"sukei-imre-sukei-suto-imre-szokefalvi","status":"publish","type":"product","link":"https:\/\/uj.adatbank.ro\/lexikon\/termek\/sukei-imre-sukei-suto-imre-szokefalvi\/","title":{"rendered":"S\u00dcKEI Imre, S\u00fckei S\u00fct\u0151 Imre, sz\u0151kefalvi"},"content":{"rendered":"<p>Sz\u0151kefalva, 1780 k., \u2020 Buk., 1848. jan. 18.: ref. lelk\u00e9sz, szuperintendens. \u2013 Sz\u00e9kelyudvarhelyen \u00e9s a kv.-i ref. koll.-ban tanult. Megalap\u00edtotta a buk.-i m. ref. egyh\u00e1zk\u00f6zs\u00e9get (1815. m\u00e1j. 14. \u2013). M. tannyelv\u0171 iskol\u00e1t alap\u00edtott (1815). Mo.-on \u00e9s Isztambulban gy\u0171jt\u00f6tt p\u00e9nzb\u0151l kijav\u00edttatta a paplakot, telket v\u00e1s\u00e1rolt, amelyen fatemplomot \u00e9s tornyot \u00e9p\u00edttetett (1820), ahol m\u00e1r istentiszteletet tartott (1821\u2013). Mo.-r\u00f3l seg\u00e9dlelk\u00e9szt kapott, akit \u0151 fizetett (1835). Havasalf\u00f6ld\u00f6n (Pite\u015fti-en, Ploie\u015fti-en, Galacon, Br\u0103il\u00e1n) \u00e9s T\u00f6r\u00f6ko. eur\u00f3pai r\u00e9sz\u00e9n is igyekezett az ott \u00e9l\u0151 magyarokat \u00f6sszefogni. Fia, K\u00e1roly a pesti forradalom egyik vez\u00e9re volt (1848. m\u00e1rc. 15.). \u2013 <strong><strong>F. m.<\/strong><\/strong>: A kereszty\u00e9n vall\u00e1s terjed\u00e9se az evang\u00e9lium pr\u00e9dik\u00e1ltat\u00e1sa \u00e1ltal (Szeben, 1831; n\u00e9met\u00fcl, 1832); Hitvall\u00e1sa az ottom\u00e1na-porta egyik birtok\u00e1ban Ol\u00e1h-orsz\u00e1gban meg\u00e1llapodott ref. ecclesi\u00e1nak hirdetve&#8230; (Pest, 1832); Ueber die Verbreitung des christlichen Glaubens durch Predigen des Evangeliums (Pest, 1832); A bukaresti magyar gy\u00fclekezet alap\u00edt\u00e1sa (Erd\u00e9lyi H\u00edrad\u00f3, 1834. febr. 23.); Trauerrede bei der Todesfeier weiland Sr. k. k. apost. Majest\u00e4t Franz I. vorgetragen zu Bukarest in der evang. reform. Kirche (Nagyszeben, 1835). <br \/><strong>Irod.:<\/strong> Ko\u00f3s Ferenc: \u00c9letem \u00e9s eml\u00e9keim, I. (Brass\u00f3, 1880; \u00faj kiad. bev., jegyz. Bek\u00e9 Gy\u00f6rgy. Buk., 1971); Magyar \u00e9let a r\u00e9gi Bukarestben. Kiad., bev., jegyz. Kov\u00e1ch G\u00e9za (Bp., 1996); Dem\u00e9ny Lajos: S. I. lelkip\u00e1sztor gy\u0171jt\u00e9sei a bukaresti reform\u00e1tus templom \u00e9s iskola \u00e9p\u00edt\u00e9s\u00e9re (Debr. Szle, 1998); M\u00c9L; Nagy L\u00e1szl\u00f3; RNL; Rugonfalvi Kiss; \u00daM\u00c9L.<\/br><\/p>\n","protected":false},"excerpt":{"rendered":"<p>Sz\u0151kefalva, 1780 k., \u2020 Buk., 1848. jan. 18.: ref. lelk\u00e9sz, szuperintendens. \u2013 Sz\u00e9kelyudvarhelyen \u00e9s a kv.-i ref. koll.-ban tanult. Megalap\u00edtotta a buk.-i m. ref. egyh\u00e1zk\u00f6zs\u00e9get (1815. m\u00e1j. 14. \u2013). M. tannyelv\u0171 iskol\u00e1t alap\u00edtott (1815). Mo.-on \u00e9s Isztambulban gy\u0171jt\u00f6tt p\u00e9nzb\u0151l kijav\u00edttatta a paplakot, telket v\u00e1s\u00e1rolt, amelyen fatemplomot \u00e9s tornyot \u00e9p\u00edttetett (1820), ahol m\u00e1r istentiszteletet tartott (1821\u2013). [&hellip;]<\/p>\n","protected":false},"featured_media":0,"comment_status":"open","ping_status":"closed","template":"","meta":[],"product_brand":[],"product_cat":[137],"product_tag":[],"class_list":{"0":"post-20956","1":"product","2":"type-product","3":"status-publish","5":"product_cat-maros-megyei-eletrajzi-lexikon","7":"first","8":"instock","9":"shipping-taxable","10":"product-type-simple"},"_links":{"self":[{"href":"https:\/\/uj.adatbank.ro\/lexikon\/wp-json\/wp\/v2\/product\/20956","targetHints":{"allow":["GET"]}}],"collection":[{"href":"https:\/\/uj.adatbank.ro\/lexikon\/wp-json\/wp\/v2\/product"}],"about":[{"href":"https:\/\/uj.adatbank.ro\/lexikon\/wp-json\/wp\/v2\/types\/product"}],"replies":[{"embeddable":true,"href":"https:\/\/uj.adatbank.ro\/lexikon\/wp-json\/wp\/v2\/comments?post=20956"}],"wp:attachment":[{"href":"https:\/\/uj.adatbank.ro\/lexikon\/wp-json\/wp\/v2\/media?parent=20956"}],"wp:term":[{"taxonomy":"product_brand","embeddable":true,"href":"https:\/\/uj.adatbank.ro\/lexikon\/wp-json\/wp\/v2\/product_brand?post=20956"},{"taxonomy":"product_cat","embeddable":true,"href":"https:\/\/uj.adatbank.ro\/lexikon\/wp-json\/wp\/v2\/product_cat?post=20956"},{"taxonomy":"product_tag","embeddable":true,"href":"https:\/\/uj.adatbank.ro\/lexikon\/wp-json\/wp\/v2\/product_tag?post=20956"}],"curies":[{"name":"wp","href":"https:\/\/api.w.org\/{rel}","templated":true}]}}