{"id":20959,"date":"2025-07-22T19:08:04","date_gmt":"2025-07-22T17:08:04","guid":{"rendered":"https:\/\/uj.adatbank.ro\/lexikon\/termek\/sukosd-nagyteremi-i-nemes-csalad\/"},"modified":"2025-07-22T19:08:04","modified_gmt":"2025-07-22T17:08:04","slug":"sukosd-nagyteremi-i-nemes-csalad","status":"publish","type":"product","link":"https:\/\/uj.adatbank.ro\/lexikon\/termek\/sukosd-nagyteremi-i-nemes-csalad\/","title":{"rendered":"S\u00dcK\u00d6SD, nagyteremi-i nemes csal\u00e1d"},"content":{"rendered":"<p>Erd\u00e9ly kihalt csal\u00e1djai k\u00f6z\u00e9 tartozik, S\u00fck\u00f6sd G\u00e1sp\u00e1rr\u00f3l az 1500-as \u00e9vek elej\u00e9r\u0151l van feljegyz\u00e9s. Tal\u00e1n ennek fiai Mikl\u00f3s \u00e9s G\u00e1sp\u00e1r 1579-ben m\u00e1r \u201eteremi\u201d el\u0151n\u00e9vvel. Ez id\u0151 t\u00e1jban egy S\u00fck\u00f6sd Anna B\u00e9ldi Ferencn\u00e9, k\u00e9s\u0151bb egy m\u00e1sik S\u00fck\u00f6sd Anna Bethlen J\u00e1nosn\u00e9. S\u00fck\u00f6sd Erzs\u00e9bet L\u00e1z\u00e1r Andr\u00e1s cs\u00edki f\u0151kir\u00e1lyb\u00edr\u00f3 neje a XVI. sz\u00e1zad v\u00e9g\u00e9n. S\u00fck\u00f6sd J\u00e1nos neje 1607. k\u00f6r\u00fcl L\u00e1z\u00e1r Katalin. S\u00fck\u00f6sd Istv\u00e1n 1603-ban Sz\u00e9kely M\u00f3zes mellett harcolva elesett. S\u00fck\u00f6sd Mikl\u00f3st B\u00e1thori G\u00e1bor sz\u00e1m\u0171zette. Gy\u00f6rgy, harmad\u00edzen ut\u00f3da \u00d6rd\u00f6gh M\u00e1rt\u00e1nak, birt. Doboka megy\u00e9ben, 1628-ban Bethlen G\u00e1bor k\u00fcldi a m. kir. k\u00f6vete K\u00e9ry J\u00e1nos el\u00e9be. Neje Borzovai Erzs\u00e9bet volt. T\u00e1n fia Gy\u00f6rgy, ki \u00e9rszentkir\u00e1lyi Zsigmond le\u00e1ny\u00e1t vette n\u0151\u00fcl. Ut\u00f3dait nem ismerj\u00fck. Erzs\u00e9bet 1660 t\u00e1j\u00e1n Petky Istv\u00e1nn\u00e9 volt. <br \/><strong>Irod.:<\/strong> Kelemen Lajos 2006; K\u00e9nosi\u2013Uzoni 1.; Nagy Iv\u00e1n.<\/br><\/p>\n","protected":false},"excerpt":{"rendered":"<p>Erd\u00e9ly kihalt csal\u00e1djai k\u00f6z\u00e9 tartozik, S\u00fck\u00f6sd G\u00e1sp\u00e1rr\u00f3l az 1500-as \u00e9vek elej\u00e9r\u0151l van feljegyz\u00e9s. Tal\u00e1n ennek fiai Mikl\u00f3s \u00e9s G\u00e1sp\u00e1r 1579-ben m\u00e1r \u201eteremi\u201d el\u0151n\u00e9vvel. Ez id\u0151 t\u00e1jban egy S\u00fck\u00f6sd Anna B\u00e9ldi Ferencn\u00e9, k\u00e9s\u0151bb egy m\u00e1sik S\u00fck\u00f6sd Anna Bethlen J\u00e1nosn\u00e9. S\u00fck\u00f6sd Erzs\u00e9bet L\u00e1z\u00e1r Andr\u00e1s cs\u00edki f\u0151kir\u00e1lyb\u00edr\u00f3 neje a XVI. sz\u00e1zad v\u00e9g\u00e9n. S\u00fck\u00f6sd J\u00e1nos neje 1607. k\u00f6r\u00fcl L\u00e1z\u00e1r [&hellip;]<\/p>\n","protected":false},"featured_media":0,"comment_status":"open","ping_status":"closed","template":"","meta":[],"product_brand":[],"product_cat":[137],"product_tag":[],"class_list":{"0":"post-20959","1":"product","2":"type-product","3":"status-publish","5":"product_cat-maros-megyei-eletrajzi-lexikon","7":"first","8":"instock","9":"shipping-taxable","10":"product-type-simple"},"_links":{"self":[{"href":"https:\/\/uj.adatbank.ro\/lexikon\/wp-json\/wp\/v2\/product\/20959","targetHints":{"allow":["GET"]}}],"collection":[{"href":"https:\/\/uj.adatbank.ro\/lexikon\/wp-json\/wp\/v2\/product"}],"about":[{"href":"https:\/\/uj.adatbank.ro\/lexikon\/wp-json\/wp\/v2\/types\/product"}],"replies":[{"embeddable":true,"href":"https:\/\/uj.adatbank.ro\/lexikon\/wp-json\/wp\/v2\/comments?post=20959"}],"wp:attachment":[{"href":"https:\/\/uj.adatbank.ro\/lexikon\/wp-json\/wp\/v2\/media?parent=20959"}],"wp:term":[{"taxonomy":"product_brand","embeddable":true,"href":"https:\/\/uj.adatbank.ro\/lexikon\/wp-json\/wp\/v2\/product_brand?post=20959"},{"taxonomy":"product_cat","embeddable":true,"href":"https:\/\/uj.adatbank.ro\/lexikon\/wp-json\/wp\/v2\/product_cat?post=20959"},{"taxonomy":"product_tag","embeddable":true,"href":"https:\/\/uj.adatbank.ro\/lexikon\/wp-json\/wp\/v2\/product_tag?post=20959"}],"curies":[{"name":"wp","href":"https:\/\/api.w.org\/{rel}","templated":true}]}}