{"id":20964,"date":"2025-07-22T19:08:14","date_gmt":"2025-07-22T17:08:14","guid":{"rendered":"https:\/\/uj.adatbank.ro\/lexikon\/termek\/sukosd-ferenc\/"},"modified":"2025-07-22T19:08:14","modified_gmt":"2025-07-22T17:08:14","slug":"sukosd-ferenc","status":"publish","type":"product","link":"https:\/\/uj.adatbank.ro\/lexikon\/termek\/sukosd-ferenc\/","title":{"rendered":"S\u00dcK\u00d6SD Ferenc"},"content":{"rendered":"<p>K\u00f3r\u00f3dszentm\u00e1rton, 1892. m\u00e1rc. 26., \u2020?: k\u00f6lt\u0151. \u2013 Tan\u00edt\u00f3k\u00e9pz\u0151t v\u00e9gzett. \u2013 A K\u00f6zoktat\u00e1s\u00fcgyi N\u00e9pbiztoss\u00e1g munkat\u00e1rsa volt (1919). Tan\u00e1r Izs\u00e1kon (1932\u2013), Balmaz\u00fajv\u00e1rosban (1932\u2013), Hajd\u00fab\u00f6sz\u00f6rm\u00e9nyben (1950\u2013), igazgat\u00f3 is; a Tisz\u00e1nt\u00fali Figyel\u0151 f\u0151munkat\u00e1rsa (1934\u2013). \u2013 <strong>F. m.<\/strong>: A mi orsz\u00e1gunk (1925). <br \/><strong>Irod.:<\/strong> \u00daMIL.<\/br><\/p>\n","protected":false},"excerpt":{"rendered":"<p>K\u00f3r\u00f3dszentm\u00e1rton, 1892. m\u00e1rc. 26., \u2020?: k\u00f6lt\u0151. \u2013 Tan\u00edt\u00f3k\u00e9pz\u0151t v\u00e9gzett. \u2013 A K\u00f6zoktat\u00e1s\u00fcgyi N\u00e9pbiztoss\u00e1g munkat\u00e1rsa volt (1919). Tan\u00e1r Izs\u00e1kon (1932\u2013), Balmaz\u00fajv\u00e1rosban (1932\u2013), Hajd\u00fab\u00f6sz\u00f6rm\u00e9nyben (1950\u2013), igazgat\u00f3 is; a Tisz\u00e1nt\u00fali Figyel\u0151 f\u0151munkat\u00e1rsa (1934\u2013). \u2013 F. m.: A mi orsz\u00e1gunk (1925). Irod.: \u00daMIL.<\/p>\n","protected":false},"featured_media":0,"comment_status":"open","ping_status":"closed","template":"","meta":[],"product_brand":[],"product_cat":[137],"product_tag":[],"class_list":{"0":"post-20964","1":"product","2":"type-product","3":"status-publish","5":"product_cat-maros-megyei-eletrajzi-lexikon","7":"first","8":"instock","9":"shipping-taxable","10":"product-type-simple"},"_links":{"self":[{"href":"https:\/\/uj.adatbank.ro\/lexikon\/wp-json\/wp\/v2\/product\/20964","targetHints":{"allow":["GET"]}}],"collection":[{"href":"https:\/\/uj.adatbank.ro\/lexikon\/wp-json\/wp\/v2\/product"}],"about":[{"href":"https:\/\/uj.adatbank.ro\/lexikon\/wp-json\/wp\/v2\/types\/product"}],"replies":[{"embeddable":true,"href":"https:\/\/uj.adatbank.ro\/lexikon\/wp-json\/wp\/v2\/comments?post=20964"}],"wp:attachment":[{"href":"https:\/\/uj.adatbank.ro\/lexikon\/wp-json\/wp\/v2\/media?parent=20964"}],"wp:term":[{"taxonomy":"product_brand","embeddable":true,"href":"https:\/\/uj.adatbank.ro\/lexikon\/wp-json\/wp\/v2\/product_brand?post=20964"},{"taxonomy":"product_cat","embeddable":true,"href":"https:\/\/uj.adatbank.ro\/lexikon\/wp-json\/wp\/v2\/product_cat?post=20964"},{"taxonomy":"product_tag","embeddable":true,"href":"https:\/\/uj.adatbank.ro\/lexikon\/wp-json\/wp\/v2\/product_tag?post=20964"}],"curies":[{"name":"wp","href":"https:\/\/api.w.org\/{rel}","templated":true}]}}