{"id":20965,"date":"2025-07-22T19:08:16","date_gmt":"2025-07-22T17:08:16","guid":{"rendered":"https:\/\/uj.adatbank.ro\/lexikon\/termek\/sukosd-ferenc-%c2%a7\/"},"modified":"2025-07-22T19:08:16","modified_gmt":"2025-07-22T17:08:16","slug":"sukosd-ferenc-%c2%a7","status":"publish","type":"product","link":"https:\/\/uj.adatbank.ro\/lexikon\/termek\/sukosd-ferenc-%c2%a7\/","title":{"rendered":"S\u00dcK\u00d6SD Ferenc, \u00a7"},"content":{"rendered":"<p>Als\u00f3s\u00f3falva, 1933. m\u00e1rc. 3., \u2020 Mv., 1972. dec. 24. s\u00edrja a mv.-i Ref.temet\u0151ben: fest\u0151m\u0171v\u00e9sz. \u2013 A mv.-i Zene- \u00e9s K\u00e9pz\u0151m\u0171v.-i L\u00edc.-ban, Bordi Andr\u00e1s tan\u00edtv\u00e1nya (1949\u201353), majd a kv.-i Ion Andreescu K\u00e9pz\u0151m\u0171v.-i F\u0151iskol\u00e1n (1953\u201359) tanult, K\u00e1d\u00e1r Tibor \u00e9s Mikl\u00f3ssy G\u00e1bor n\u00f6vend\u00e9kek\u00e9nt szerzett oklevelet. A Mv.-i K\u00e9pt\u00e1r munkat\u00e1rsa, muzeol\u00f3gusa hal\u00e1l\u00e1ig (1960\u201372). Hozz\u00e1j\u00e1rult a k\u00e9pt\u00e1r gy\u0171jtem\u00e9ny\u00e9nek a gazdag\u00edt\u00e1s\u00e1hoz (Nagy Istv\u00e1n, Vida G\u00e9za, Grigorescu etc. m\u0171vek beszerz\u00e9s\u00e9vel), egyidej\u0171leg a v\u00e1ros m\u0171v. \u00e9let\u00e9nek egyik vezet\u0151je, s a helyi m\u0171v\u00e9sztelep alkot\u00f3ja. Vida \u00c1rp\u00e1d mv.-i gy\u0171jtem\u00e9nyes ki\u00e1ll\u00edt\u00e1s\u00e1nak szervez\u0151je (1970). \u00d6ssze\u00e1ll\u00edtotta Vida \u00c1rp\u00e1d retrospekt\u00edv ki\u00e1ll\u00edt\u00e1s\u00e1nak katal\u00f3gus\u00e1t (Mv., 1970). Az Igaz Sz\u00f3, a kort\u00e1rs erd\u00e9lyi k\u00e9pz\u0151m\u0171v\u00e9szetet \u00f6sszegz\u0151 sz\u00e1m\u00e1nak egyik szerkeszt\u0151je (1972. nov.). Mo.-on (1965), a Szovjetuni\u00f3ban (1969) j\u00e1rt tanulm\u00e1ny\u00faton. T\u00e1jk\u00e9peket, kompoz\u00edci\u00f3s m\u0171veket, portr\u00e9kat festett, k\u00e9peiben t\u00e1j \u00e9s ember, f\u00f6ld \u00e9s l\u00e9lek \u00f6sszetartoz\u00e1s\u00e1t igyekezett kifejezni. Fest\u00e9szete a klasszikus hagyom\u00e1nyok \u00e9s a kort\u00e1rs eur\u00f3pai ir\u00e1nyzatok egy\u00e9ni st\u00edlus\u00fa \u00f6tv\u00f6zete; t\u00f6m\u00f6ren fogalmazott grafik\u00e1i \u00e9s nagy sz\u00ednfoltokb\u00f3l konstru\u00e1lt festm\u00e9nyei az absztrakci\u00f3 hat\u00e1r\u00e1n mozognak. A K\u00e9pz\u0151m\u0171v. Sz\u00f6vets\u00e9g mv.-i fi\u00f3kj\u00e1nak tagja, r\u00e9szt vett minden megyei t\u00e1rlaton, valamint t\u00f6bb csoportos vid\u00e9ki \u00e9s f\u0151v\u00e1rosi ki\u00e1ll\u00edt\u00e1son. M\u0171veit erd\u00e9lyi k\u00f6zgy\u0171jtem\u00e9nyek \u0151rzik. Sz\u00fcl\u0151faluj\u00e1ban az \u00e1ltal\u00e1nos iskola felvette a nev\u00e9t (1990) \u00e9s S. F. eml\u00e9kh\u00e1zat avattak Als\u00f3s\u00f3falv\u00e1n (1995). \u2013 <strong>F. m.<\/strong>: Expozi\u0163ia retrospectiv\u0103 Vida \u00c1rp\u00e1d. ( Catalog. A sz\u00f6veg rom\u00e1n \u00e9s magyar nyelven (Mv., 1970). \u2013 <strong>F. ki\u00e1ll.:<\/strong> egy\u00e9ni ki\u00e1ll.: Mv. (1968, 1972, 1973, 1978; Kult\u00farpalota, gy\u0171jtem\u00e9nyes eml\u00e9kki\u00e1ll\u00edt\u00e1s, kat., 1986, 1989; eml\u00e9kki\u00e1ll\u00edt\u00e1s 2003, 2004); Buk. (1968, 1970); Sz\u00e9kelyudvarhely (1970; gy\u0171jtem\u00e9nyes eml\u00e9kki\u00e1ll\u00edt\u00e1s, 1972; 1973; 1983); Sz\u00e1szr\u00e9gen (1970); Cs\u00edkszereda (1970); Kv. (Korunk Gal\u00e9ria, 1981); Kv. (Gy. Szab\u00f3 B. Gal\u00e9ria, 1996); Bp., (Vm. Gal\u00e9ria, eml\u00e9kki\u00e1ll\u00edt\u00e1s, kat.1997); csoportos ki\u00e1ll.: Mv. (Maros M. Auton\u00f3m Tartom\u00e1nyi ki\u00e1ll\u00edt\u00e1s, 1959\u20131967); Maros Megyei t\u00e1rlatok (1968\u20131972), Buk. (Fest\u00e9szeti \u00e9s Szobr\u00e1szati Bienn\u00e1l\u00e9 Dalles T. 1968), Mv.-i m\u0171v\u00e9szek ki\u00e1ll\u00edt\u00e1sa, Dalles T., 1970); Hatvan (Hatvanas \u00e9vek, Mv. A rom\u00e1niai Maros-Magyar Auton\u00f3m Tartom\u00e1ny k\u00e9pz\u0151m\u0171v\u00e9szete 1960\u20131968, Hatvany Lajos M\u00fazeum, 1999); Bp. (Mikl\u00f3ssy G\u00e1bor \u00e9s n\u00f6vend\u00e9kei, Vigad\u00f3 Gal\u00e9ria, 2000); k\u00f6zt\u00e9ri m\u0171vei: N\u00e9pi kult\u00fara (fresk\u00f3, 1960, Kov\u00e1szna, M\u0171vel\u0151d\u00e9si H\u00e1z, lebontva); m\u0171vek k\u00f6zgy\u0171jt.: Kov\u00e1sznai k\u00e9pt\u00e1r; Maros Megyei M\u00fazeum, Mv.; Sepsiszentgy\u00f6rgyi M\u00fazeum. <br \/><strong>Irod.:<\/strong> 100 \u00e9v; 20. sz.-i k\u00e9pz\u0151m\u0171v\u00e9szet; artportal; Bal\u00e1zs L: A S\u00f3vid\u00e9k fest\u0151je (S. F. [Katal\u00f3gus]. Kv., 1981); Csekme; F\u00fcl\u00f6p D.: S. F. eml\u00e9k\u00e9re (A H\u00e9t, 1973); F\u00fcl\u00f6p D\u00e9nes S. F. \u201e preludiuma\u201d (V. Z., 1973. m\u00e1rc. 11.); In memoriam S. F. (N\u00fa., M\u00fazsa, 288. sz., 1997. m\u00e1rc. 28.); J. A.: Ifj\u00fa k\u00e9pz\u0151m\u0171v\u00e9szek aj\u00e1nd\u00e9ka (V. Z., 1960. szept. 15.); Jakobovits Mikl\u00f3s: Gondolatok az erd\u00e9lyi k\u00e9pz\u0151m\u0171v\u00e9szetr\u0151l (Kv., 1986; Sepsiszentgy\u00f6rgy, 2012); Jakabovits M: A sz\u00ednek \u00fczenete; Kedei Zolt\u00e1n: Vigy\u00e1zz a h\u0171s\u00e9gre! (N\u00fa., M\u00fazsa, 199. sz., 1995. j\u00fan. 9.); Korunk gal\u00e9ria; Marosi Ildik\u00f3: Kih\u00edvtak a sorb\u00f3l (\u00daj \u00c9let, 1962. szept); Marosi Ildik\u00f3: S. F. (S. F. [Katal\u00f3gus]. Mv., 1989); Marosi Ildik\u00f3: S. F. (\u00daj \u00c9let, 19. sz., 1986); Moln\u00e1r;; Mv.-i ref. temet\u0151; Nagy Mikl\u00f3s Kund: A sz\u00fcl\u0151f\u00f6ld fest\u0151i var\u00e1zsa (V. Z., 1986. j\u00fal. 12.); Nagy Z., V\u00e9csi: Mv.-i besz\u00e9lget\u00e9s S. F. m\u0171v\u00e9szet\u00e9r\u0151l (Szabadelv\u0171 Uni\u00f3, 1990); Nagy Z.: S. F. helye k\u00e9pz\u0151m\u0171v\u00e9szet\u00fcnkben (A H\u00e9t, 1982); Nagy Zolt\u00e1n: \u00dajabb csendes \u00e9vfordul\u00f3 (N\u00fa., M\u00fazsa, 97. sz., 1993. m\u00e1j. 20.); Nagy Zsuzsa: S. F. az \u00daj \u00c9let Gal\u00e9ri\u00e1ban (\u00daj \u00c9let, 7. sz., 1978); N\u00fa. (2003., m\u00e1rc 15; 2004. m\u00e1rc. 18, 20); Pers. mure\u015fene; S. F. [Katal\u00f3gus] (Sz\u00e9kelyudvarhely, 1983); RMIL; Szab\u00f3 Zolt\u00e1n: A fest\u0151 k\u00fcldet\u00e9studata: 70 \u00e9ve sz\u00fcletett S.F. (N\u00fa., 2003., dec. 13); Szab\u00f3\u2013K\u00e1llai; Sz\u00e9pr\u00e9ti L.: K\u00e9pben elbesz\u00e9lve (\u00daj \u00c9let, 1989); Sz\u0171cs Gy\u00f6rgy: Az \u00e9let-hal\u00e1l k\u00e9pei (\u00daj M\u0171v\u00e9szet, 1997); T\u00f3falvi Z.: A S\u00f3vid\u00e9k fest\u0151je visszat\u00e9rt! (Kelet-Nyugat, 1990, 19. sz.); Todea 2013; T\u00f6r\u00f6k P\u00e1l: Munkat\u00e1rst\u00f3l b\u00facs\u00fazunk [Nekrol\u00f3g] (Igaz Sz\u00f3, 12. sz., 1972.); \u00daM\u00c9L.<\/br><\/p>\n","protected":false},"excerpt":{"rendered":"<p>Als\u00f3s\u00f3falva, 1933. m\u00e1rc. 3., \u2020 Mv., 1972. dec. 24. s\u00edrja a mv.-i Ref.temet\u0151ben: fest\u0151m\u0171v\u00e9sz. \u2013 A mv.-i Zene- \u00e9s K\u00e9pz\u0151m\u0171v.-i L\u00edc.-ban, Bordi Andr\u00e1s tan\u00edtv\u00e1nya (1949\u201353), majd a kv.-i Ion Andreescu K\u00e9pz\u0151m\u0171v.-i F\u0151iskol\u00e1n (1953\u201359) tanult, K\u00e1d\u00e1r Tibor \u00e9s Mikl\u00f3ssy G\u00e1bor n\u00f6vend\u00e9kek\u00e9nt szerzett oklevelet. A Mv.-i K\u00e9pt\u00e1r munkat\u00e1rsa, muzeol\u00f3gusa hal\u00e1l\u00e1ig (1960\u201372). Hozz\u00e1j\u00e1rult a k\u00e9pt\u00e1r gy\u0171jtem\u00e9ny\u00e9nek a gazdag\u00edt\u00e1s\u00e1hoz [&hellip;]<\/p>\n","protected":false},"featured_media":0,"comment_status":"open","ping_status":"closed","template":"","meta":[],"product_brand":[],"product_cat":[137],"product_tag":[],"class_list":{"0":"post-20965","1":"product","2":"type-product","3":"status-publish","5":"product_cat-maros-megyei-eletrajzi-lexikon","7":"first","8":"instock","9":"shipping-taxable","10":"product-type-simple"},"_links":{"self":[{"href":"https:\/\/uj.adatbank.ro\/lexikon\/wp-json\/wp\/v2\/product\/20965","targetHints":{"allow":["GET"]}}],"collection":[{"href":"https:\/\/uj.adatbank.ro\/lexikon\/wp-json\/wp\/v2\/product"}],"about":[{"href":"https:\/\/uj.adatbank.ro\/lexikon\/wp-json\/wp\/v2\/types\/product"}],"replies":[{"embeddable":true,"href":"https:\/\/uj.adatbank.ro\/lexikon\/wp-json\/wp\/v2\/comments?post=20965"}],"wp:attachment":[{"href":"https:\/\/uj.adatbank.ro\/lexikon\/wp-json\/wp\/v2\/media?parent=20965"}],"wp:term":[{"taxonomy":"product_brand","embeddable":true,"href":"https:\/\/uj.adatbank.ro\/lexikon\/wp-json\/wp\/v2\/product_brand?post=20965"},{"taxonomy":"product_cat","embeddable":true,"href":"https:\/\/uj.adatbank.ro\/lexikon\/wp-json\/wp\/v2\/product_cat?post=20965"},{"taxonomy":"product_tag","embeddable":true,"href":"https:\/\/uj.adatbank.ro\/lexikon\/wp-json\/wp\/v2\/product_tag?post=20965"}],"curies":[{"name":"wp","href":"https:\/\/api.w.org\/{rel}","templated":true}]}}