{"id":20966,"date":"2025-07-22T19:08:18","date_gmt":"2025-07-22T17:08:18","guid":{"rendered":"https:\/\/uj.adatbank.ro\/lexikon\/termek\/sukosd-gaspar-nagyteremi\/"},"modified":"2025-07-22T19:08:18","modified_gmt":"2025-07-22T17:08:18","slug":"sukosd-gaspar-nagyteremi","status":"publish","type":"product","link":"https:\/\/uj.adatbank.ro\/lexikon\/termek\/sukosd-gaspar-nagyteremi\/","title":{"rendered":"S\u00dcK\u00d6SD G\u00e1sp\u00e1r, nagyteremi"},"content":{"rendered":"<p>? \u2020 1589\u20131592 k\u00f6z\u00f6tt, temetve Nagyteremi-i templom: f\u00f6ldbirtokos nemes. \u2013 Benedek \u00e9s Petky&#8230; fia. Feles\u00e9ge Wessel\u00e9nyi Katalin. Gyermekei: Mikl\u00f3s, Gy\u00f6rgy, Erzs\u00e9bet-Petky Istv\u00e1nn\u00e9. Nev\u00e9vel 1502\u20131518 k\u00f6z\u00f6tt tal\u00e1lkozunk peres \u00fcgyek kapcs\u00e1n. <br \/><strong>Irod.:<\/strong> Kelemen Lajos 2006.<\/br><\/p>\n","protected":false},"excerpt":{"rendered":"<p>? \u2020 1589\u20131592 k\u00f6z\u00f6tt, temetve Nagyteremi-i templom: f\u00f6ldbirtokos nemes. \u2013 Benedek \u00e9s Petky&#8230; fia. Feles\u00e9ge Wessel\u00e9nyi Katalin. Gyermekei: Mikl\u00f3s, Gy\u00f6rgy, Erzs\u00e9bet-Petky Istv\u00e1nn\u00e9. Nev\u00e9vel 1502\u20131518 k\u00f6z\u00f6tt tal\u00e1lkozunk peres \u00fcgyek kapcs\u00e1n. Irod.: Kelemen Lajos 2006.<\/p>\n","protected":false},"featured_media":0,"comment_status":"open","ping_status":"closed","template":"","meta":[],"product_brand":[],"product_cat":[137],"product_tag":[],"class_list":{"0":"post-20966","1":"product","2":"type-product","3":"status-publish","5":"product_cat-maros-megyei-eletrajzi-lexikon","7":"first","8":"instock","9":"shipping-taxable","10":"product-type-simple"},"_links":{"self":[{"href":"https:\/\/uj.adatbank.ro\/lexikon\/wp-json\/wp\/v2\/product\/20966","targetHints":{"allow":["GET"]}}],"collection":[{"href":"https:\/\/uj.adatbank.ro\/lexikon\/wp-json\/wp\/v2\/product"}],"about":[{"href":"https:\/\/uj.adatbank.ro\/lexikon\/wp-json\/wp\/v2\/types\/product"}],"replies":[{"embeddable":true,"href":"https:\/\/uj.adatbank.ro\/lexikon\/wp-json\/wp\/v2\/comments?post=20966"}],"wp:attachment":[{"href":"https:\/\/uj.adatbank.ro\/lexikon\/wp-json\/wp\/v2\/media?parent=20966"}],"wp:term":[{"taxonomy":"product_brand","embeddable":true,"href":"https:\/\/uj.adatbank.ro\/lexikon\/wp-json\/wp\/v2\/product_brand?post=20966"},{"taxonomy":"product_cat","embeddable":true,"href":"https:\/\/uj.adatbank.ro\/lexikon\/wp-json\/wp\/v2\/product_cat?post=20966"},{"taxonomy":"product_tag","embeddable":true,"href":"https:\/\/uj.adatbank.ro\/lexikon\/wp-json\/wp\/v2\/product_tag?post=20966"}],"curies":[{"name":"wp","href":"https:\/\/api.w.org\/{rel}","templated":true}]}}