{"id":20967,"date":"2025-07-22T19:08:20","date_gmt":"2025-07-22T17:08:20","guid":{"rendered":"https:\/\/uj.adatbank.ro\/lexikon\/termek\/sukosd-gyorgy-nagyteremi\/"},"modified":"2025-07-22T19:08:20","modified_gmt":"2025-07-22T17:08:20","slug":"sukosd-gyorgy-nagyteremi","status":"publish","type":"product","link":"https:\/\/uj.adatbank.ro\/lexikon\/termek\/sukosd-gyorgy-nagyteremi\/","title":{"rendered":"S\u00dcK\u00d6SD Gy\u00f6rgy, nagyteremi"},"content":{"rendered":"<p>1589, \u2020 Nagyteremi, 1631. m\u00e1rc. 24., temetve a nagyteremi unit. templomban: fejedelmi k\u00f6vet, gener\u00e1lis, als\u00f3r\u00e1kosi \u00e9s nagyteremii birtokos. \u2013 Testv\u00e9rei: S. Mikl\u00f3s, Borb\u00e1ra \u2013 Petkin\u00e9; S. Erzs\u00e9bet \u2013 Petki Istv\u00e1nn\u00e9. Feles\u00e9ge: Borsovai Erzs\u00e9bet. Neveltl\u00e1nyuk Petky Kata-Petky Istv\u00e1n \u00e9s S\u00fck\u00f6sd Erzs\u00e9bet l\u00e1nya. J\u00e1nos Zsigmond idej\u00e9ben \u00f6r\u00f6k\u00f6lte Nagyteremiben a nagyobb udvarh\u00e1zat, majd b\u00e1tyja Mikl\u00f3s hal\u00e1la ut\u00e1n a r\u00e9gi S\u00fck\u00f6sd birtokot \u00fajra egyes\u00edtette. Unit\u00e1rius volt. A teremiek nagyr\u00e9sz\u00e9t az unit\u00e1rius vall\u00e1sra t\u00e9r\u00edtette, k\u00e9nyszer\u00edtette \u00e9s elfoglalta az \u0151si r. k. templomot (1625 k.). Gener\u00e1lis c\u00edmet kapott az osztr\u00e1k cs\u00e1sz\u00e1rt\u00f3l vit\u00e9zs\u00e9g\u00e9\u00e9rt. Bethlen G\u00e1bor fejedelem idej\u00e9n diplom\u00e1ciai feladatot teljes\u00edtett-. \u0150 fogadta Gyulafeh\u00e9rv\u00e1ron a magyar kir. k\u00f6vet\u00e9t, K\u00e9ry J\u00e1nost. (1629). Brandenburgi Katalin megb\u00edzott f\u0151embere udvarhelysz\u00e9ki \u00e9s h\u00e1romsz\u00e9ki vit\u00e1s templom\u00fcgyek kivizsg\u00e1l\u00e1s\u00e1ban (1630), majd szabad rendelkez\u00e9si jogot nyert az \u00f6sszes birtokaira (1630). Az als\u00f3r\u00e1kosi udvarh\u00e1z \u00e9p\u00edttet\u0151je (1624) egy meglev\u0151 \u00e9p\u00edtm\u00e9nyt \u00e9p\u00edttetett \u00e1t n\u00e9gy sarokb\u00e1sty\u00e1s renesz\u00e1nsz v\u00e1rkast\u00e9lly\u00e1. Az \u00e9p\u00edtkez\u00e9s hal\u00e1la ut\u00e1n fejez\u0151d\u00f6tt be (1637). Nagyteremi falut birtokolta. A Nagyteremiben \u00edrt v\u00e9grendelete: Nagyteremi S\u00fck\u00f6sd Gy\u00f6rgy v\u00e9grendelete (1631. m\u00e1rcius 20.). V\u00e9grendelet\u00e9ben a Nagyteremiben lev\u0151 \u0151si birtok\u00e1t \u00e9s a hozz\u00e1tartoz\u00f3 \u00f6t falut feles\u00e9g\u00e9re hagyta. Als\u00f3r\u00e1kosi, m\u00e1t\u00e9falvi, \u00fcrm\u00f6si \u00e9s datki birtokait a rokonaira Wessel\u00e9nyi Boldizs\u00e1rra \u00e9s b\u00fani Bethlen Ferencre, azzal a kik\u00f6t\u00e9ssel, hogy a Kv.-on tanul\u00f3 unit\u00e1rius di\u00e1kok 100\u2013100 m. forintot \u00e9s 50 k\u00f6b\u00f6l b\u00faz\u00e1t kapjanak bel\u0151le. A nagyobb udvarh\u00e1zat feles\u00e9g\u00e9re hagyta (1630). Hal\u00e1la ut\u00e1n a nagyteremi-i uradalom visszasz\u00e1llt a fejedelemre, II. R\u00e1k\u00f3czi Gy\u00f6rgy idej\u00e9ben a Petki, majd a Kassai csal\u00e1d birta. Apafi a nagyteremii uradalmat Bethlen J\u00e1nosnak adom\u00e1nyozta (1662). A falu papja, Szentiv\u00e1ni J\u00e1nos temette. \u00d6zvegye Di\u00f3szegi P\u00e9ter kv.-i k\u0151farag\u00f3val d\u00edszes szarkof\u00e1got \u00e9s eml\u00e9kt\u00e1bl\u00e1t k\u00e9sz\u00edttetett az unit. templomban (1632), amely az Erd\u00e9lyi M\u00fazeum k\u0151r\u00e9gis\u00e9gt\u00e1r\u00e1ba ker\u00fclt. Anyaga feh\u00e9r m\u00e9szk\u0151. Fed\u0151lapj\u00e1n \u00e9letnagys\u00e1g\u00fa fekv\u0151 p\u00e1nc\u00e9los alakja l\u00e1that\u00f3, mellv\u00e9rtj\u00e9n a pelik\u00e1nos c\u00edmerrel, jobbj\u00e1n kardja \u00e9s buzog\u00e1nya. Az el\u0151lapon az Igazs\u00e1g, K\u00f6ny\u00f6r\u00fcletess\u00e9g, M\u00e9rt\u00e9kletess\u00e9g, Rem\u00e9ny allegorikus alakjai vannak. A szarkof\u00e1g f\u00f6l\u00e9 helyezett feliratos t\u00e1bl\u00e1t (eredetileg epit\u00e1fiumk\u00e9nt k\u00fcl\u00f6n \u00e1llott a templom fal\u00e1ba illesztve) k\u00e9t alab\u00e1rdos vit\u00e9z tartja, a csal\u00e1di c\u00edmer a h\u00e1romsz\u00f6g\u0171 oromzatba van foglalva. <br \/><strong>Irod.:<\/strong> Bicsok\u2013Orb\u00e1n; B\u00edr\u00f3 J\u00f3zsef 1941; Erd\u00e9lyi testamentumok, 3.; Fekete; K.L. M\u0171v. t\u00f6rt. tan. 1.; Kakasy M\u00e1rton: Naplemente (Mv., 1931); Kelemen; Kelemen Lajos 2006; Kelemen Lajos 2009; K\u00e9nosi\u2013Uzoni 2.; Keresztes Gyula: \u00d6r\u00f6ks\u00e9g\u00fcnk 40.: A nagyteremi udvarh\u00e1z \u00e9s a kast\u00e9ly (N\u00fa., 1993. okt. 8.); Kov\u00e1cs Andr\u00e1s; L\u00e9sty\u00e1n \u2013 templomok 1.; Nagy Iv\u00e1n; Nagy-Bod\u00f3 Tibor: Egy elt\u0171nt kast\u00e9ly nyom\u00e1ban (N\u00fa., 2022. j\u00fan. 17.); Ny\u00e1r\u00e1d mente; Nagy-Bod\u00f3 Tibor: Egy elt\u0171nt kast\u00e9ly nyom\u00e1ban (N\u00fa.,2022. j\u00fan. 17.); Orb\u00e1n Bal\u00e1zs; A nagyteremi S\u00fck\u00f6sd Gy\u00f6rgy temet\u00e9si megh\u00edv\u00f3ja = Kelemen Lajos 2006.<\/br><\/p>\n","protected":false},"excerpt":{"rendered":"<p>1589, \u2020 Nagyteremi, 1631. m\u00e1rc. 24., temetve a nagyteremi unit. templomban: fejedelmi k\u00f6vet, gener\u00e1lis, als\u00f3r\u00e1kosi \u00e9s nagyteremii birtokos. \u2013 Testv\u00e9rei: S. Mikl\u00f3s, Borb\u00e1ra \u2013 Petkin\u00e9; S. Erzs\u00e9bet \u2013 Petki Istv\u00e1nn\u00e9. Feles\u00e9ge: Borsovai Erzs\u00e9bet. Neveltl\u00e1nyuk Petky Kata-Petky Istv\u00e1n \u00e9s S\u00fck\u00f6sd Erzs\u00e9bet l\u00e1nya. J\u00e1nos Zsigmond idej\u00e9ben \u00f6r\u00f6k\u00f6lte Nagyteremiben a nagyobb udvarh\u00e1zat, majd b\u00e1tyja Mikl\u00f3s hal\u00e1la ut\u00e1n a [&hellip;]<\/p>\n","protected":false},"featured_media":0,"comment_status":"open","ping_status":"closed","template":"","meta":[],"product_brand":[],"product_cat":[137],"product_tag":[],"class_list":{"0":"post-20967","1":"product","2":"type-product","3":"status-publish","5":"product_cat-maros-megyei-eletrajzi-lexikon","7":"first","8":"instock","9":"shipping-taxable","10":"product-type-simple"},"_links":{"self":[{"href":"https:\/\/uj.adatbank.ro\/lexikon\/wp-json\/wp\/v2\/product\/20967","targetHints":{"allow":["GET"]}}],"collection":[{"href":"https:\/\/uj.adatbank.ro\/lexikon\/wp-json\/wp\/v2\/product"}],"about":[{"href":"https:\/\/uj.adatbank.ro\/lexikon\/wp-json\/wp\/v2\/types\/product"}],"replies":[{"embeddable":true,"href":"https:\/\/uj.adatbank.ro\/lexikon\/wp-json\/wp\/v2\/comments?post=20967"}],"wp:attachment":[{"href":"https:\/\/uj.adatbank.ro\/lexikon\/wp-json\/wp\/v2\/media?parent=20967"}],"wp:term":[{"taxonomy":"product_brand","embeddable":true,"href":"https:\/\/uj.adatbank.ro\/lexikon\/wp-json\/wp\/v2\/product_brand?post=20967"},{"taxonomy":"product_cat","embeddable":true,"href":"https:\/\/uj.adatbank.ro\/lexikon\/wp-json\/wp\/v2\/product_cat?post=20967"},{"taxonomy":"product_tag","embeddable":true,"href":"https:\/\/uj.adatbank.ro\/lexikon\/wp-json\/wp\/v2\/product_tag?post=20967"}],"curies":[{"name":"wp","href":"https:\/\/api.w.org\/{rel}","templated":true}]}}