{"id":2097,"date":"2025-06-28T12:03:45","date_gmt":"2025-06-28T10:03:45","guid":{"rendered":"https:\/\/uj.adatbank.ro\/lexikon\/termek\/balogh-odon\/"},"modified":"2025-06-28T12:03:45","modified_gmt":"2025-06-28T10:03:45","slug":"balogh-odon","status":"publish","type":"product","link":"https:\/\/uj.adatbank.ro\/lexikon\/termek\/balogh-odon\/","title":{"rendered":"BALOGH \u00d6d\u00f6n"},"content":{"rendered":"<p>1918., \u2020 Mv., 1968. nov. 17.: orvos, sportvezet\u0151. \u2013 Feles\u00e9ge: L\u0151rinczy \u00c9va (1924\u20132001). \u2013 Kv.-on v\u00e9gzett (1946), az utols\u00f3 \u00e9vfolyammal a Bolyai Tudom\u00e1nyegyetem neve alatt. Belgy\u00f3gy\u00e1sz, a mv.-i sportorvosi rendel\u0151 megalap\u00edt\u00f3ja, a Sportorvosi Int\u00e9zet igazgat\u00f3 f\u0151orvosa, az eg\u00e9szs\u00e9g\u00fcgyi iskola tan\u00e1ra. Mint a Maros megyei sportm\u00f3dszertani \u00e9s tudom\u00e1nyos kabinet eln\u00f6ke munk\u00e1lkodott a testnevel\u00e9si \u00e9s sporttev\u00e9kenys\u00e9g fejleszt\u00e9s\u00e9\u00e9rt. <br \/><strong>Irod.:<\/strong> Dr. B. \u00d6. [Nekrol\u00f3g] (V. Z., 1968. nov. 19.); Id\u0151t\u00e1r 4.; Kiss\u2013P\u00e9terffy\u2013P\u00e9terffy<\/br><\/p>\n","protected":false},"excerpt":{"rendered":"<p>1918., \u2020 Mv., 1968. nov. 17.: orvos, sportvezet\u0151. \u2013 Feles\u00e9ge: L\u0151rinczy \u00c9va (1924\u20132001). \u2013 Kv.-on v\u00e9gzett (1946), az utols\u00f3 \u00e9vfolyammal a Bolyai Tudom\u00e1nyegyetem neve alatt. Belgy\u00f3gy\u00e1sz, a mv.-i sportorvosi rendel\u0151 megalap\u00edt\u00f3ja, a Sportorvosi Int\u00e9zet igazgat\u00f3 f\u0151orvosa, az eg\u00e9szs\u00e9g\u00fcgyi iskola tan\u00e1ra. Mint a Maros megyei sportm\u00f3dszertani \u00e9s tudom\u00e1nyos kabinet eln\u00f6ke munk\u00e1lkodott a testnevel\u00e9si \u00e9s sporttev\u00e9kenys\u00e9g fejleszt\u00e9s\u00e9\u00e9rt. [&hellip;]<\/p>\n","protected":false},"featured_media":0,"comment_status":"open","ping_status":"closed","template":"","meta":[],"product_brand":[],"product_cat":[137],"product_tag":[],"class_list":{"0":"post-2097","1":"product","2":"type-product","3":"status-publish","5":"product_cat-maros-megyei-eletrajzi-lexikon","7":"first","8":"instock","9":"shipping-taxable","10":"product-type-simple"},"_links":{"self":[{"href":"https:\/\/uj.adatbank.ro\/lexikon\/wp-json\/wp\/v2\/product\/2097","targetHints":{"allow":["GET"]}}],"collection":[{"href":"https:\/\/uj.adatbank.ro\/lexikon\/wp-json\/wp\/v2\/product"}],"about":[{"href":"https:\/\/uj.adatbank.ro\/lexikon\/wp-json\/wp\/v2\/types\/product"}],"replies":[{"embeddable":true,"href":"https:\/\/uj.adatbank.ro\/lexikon\/wp-json\/wp\/v2\/comments?post=2097"}],"wp:attachment":[{"href":"https:\/\/uj.adatbank.ro\/lexikon\/wp-json\/wp\/v2\/media?parent=2097"}],"wp:term":[{"taxonomy":"product_brand","embeddable":true,"href":"https:\/\/uj.adatbank.ro\/lexikon\/wp-json\/wp\/v2\/product_brand?post=2097"},{"taxonomy":"product_cat","embeddable":true,"href":"https:\/\/uj.adatbank.ro\/lexikon\/wp-json\/wp\/v2\/product_cat?post=2097"},{"taxonomy":"product_tag","embeddable":true,"href":"https:\/\/uj.adatbank.ro\/lexikon\/wp-json\/wp\/v2\/product_tag?post=2097"}],"curies":[{"name":"wp","href":"https:\/\/api.w.org\/{rel}","templated":true}]}}