{"id":20970,"date":"2025-07-22T19:08:25","date_gmt":"2025-07-22T17:08:25","guid":{"rendered":"https:\/\/uj.adatbank.ro\/lexikon\/termek\/sukosd-janos-majai\/"},"modified":"2025-07-22T19:08:25","modified_gmt":"2025-07-22T17:08:25","slug":"sukosd-janos-majai","status":"publish","type":"product","link":"https:\/\/uj.adatbank.ro\/lexikon\/termek\/sukosd-janos-majai\/","title":{"rendered":"S\u00dcK\u00d6SD J\u00e1nos, m\u00e1jai"},"content":{"rendered":"<p>M\u00e1rkod, 1897., \u2020?: gazd\u00e1lkod\u00f3. \u2013 K\u00f6z\u00e9piskol\u00e1it Mv.-en v\u00e9gezte, majd az \u00e9desapj\u00e1t\u00f3l tanult gazd\u00e1lkodni. \u00d6n\u00e1ll\u00f3 gazda lett sz\u00fcl\u0151hely\u00e9n. A k\u00f6zs\u00e9g k\u00e9pvisel\u0151test\u00fclet\u00e9nek \u00e9s a MP tagja, k\u00f6zs\u00e9gi p\u00e9nzt\u00e1ros, a Hangya sz\u00f6vetkezet eln\u00f6ke, \u00fajj\u00e1szervez\u0151je \u00e9s adminisztr\u00e1tora, b\u00edr\u00f3 volt. Az els\u0151 vh.-ban az orosz, olasz \u00e9s a francia fronton harcolt. a II. o. ez\u00fcst, a bronz v. \u00e9rem \u00e9s a K\u00e1roly Csapatkereszt kit\u00fcntet\u00e9seket szerezte. <br \/><strong>Irod.:<\/strong> Sz\u00e9kelyf\u00f6ld \u00ed. k.<\/br><\/p>\n","protected":false},"excerpt":{"rendered":"<p>M\u00e1rkod, 1897., \u2020?: gazd\u00e1lkod\u00f3. \u2013 K\u00f6z\u00e9piskol\u00e1it Mv.-en v\u00e9gezte, majd az \u00e9desapj\u00e1t\u00f3l tanult gazd\u00e1lkodni. \u00d6n\u00e1ll\u00f3 gazda lett sz\u00fcl\u0151hely\u00e9n. A k\u00f6zs\u00e9g k\u00e9pvisel\u0151test\u00fclet\u00e9nek \u00e9s a MP tagja, k\u00f6zs\u00e9gi p\u00e9nzt\u00e1ros, a Hangya sz\u00f6vetkezet eln\u00f6ke, \u00fajj\u00e1szervez\u0151je \u00e9s adminisztr\u00e1tora, b\u00edr\u00f3 volt. Az els\u0151 vh.-ban az orosz, olasz \u00e9s a francia fronton harcolt. a II. o. ez\u00fcst, a bronz v. \u00e9rem \u00e9s [&hellip;]<\/p>\n","protected":false},"featured_media":0,"comment_status":"open","ping_status":"closed","template":"","meta":[],"product_brand":[],"product_cat":[137],"product_tag":[],"class_list":{"0":"post-20970","1":"product","2":"type-product","3":"status-publish","5":"product_cat-maros-megyei-eletrajzi-lexikon","7":"first","8":"instock","9":"shipping-taxable","10":"product-type-simple"},"_links":{"self":[{"href":"https:\/\/uj.adatbank.ro\/lexikon\/wp-json\/wp\/v2\/product\/20970","targetHints":{"allow":["GET"]}}],"collection":[{"href":"https:\/\/uj.adatbank.ro\/lexikon\/wp-json\/wp\/v2\/product"}],"about":[{"href":"https:\/\/uj.adatbank.ro\/lexikon\/wp-json\/wp\/v2\/types\/product"}],"replies":[{"embeddable":true,"href":"https:\/\/uj.adatbank.ro\/lexikon\/wp-json\/wp\/v2\/comments?post=20970"}],"wp:attachment":[{"href":"https:\/\/uj.adatbank.ro\/lexikon\/wp-json\/wp\/v2\/media?parent=20970"}],"wp:term":[{"taxonomy":"product_brand","embeddable":true,"href":"https:\/\/uj.adatbank.ro\/lexikon\/wp-json\/wp\/v2\/product_brand?post=20970"},{"taxonomy":"product_cat","embeddable":true,"href":"https:\/\/uj.adatbank.ro\/lexikon\/wp-json\/wp\/v2\/product_cat?post=20970"},{"taxonomy":"product_tag","embeddable":true,"href":"https:\/\/uj.adatbank.ro\/lexikon\/wp-json\/wp\/v2\/product_tag?post=20970"}],"curies":[{"name":"wp","href":"https:\/\/api.w.org\/{rel}","templated":true}]}}