{"id":20972,"date":"2025-07-22T19:08:30","date_gmt":"2025-07-22T17:08:30","guid":{"rendered":"https:\/\/uj.adatbank.ro\/lexikon\/termek\/sukosd-katalin-bethlen-janosne\/"},"modified":"2025-07-22T19:08:30","modified_gmt":"2025-07-22T17:08:30","slug":"sukosd-katalin-bethlen-janosne","status":"publish","type":"product","link":"https:\/\/uj.adatbank.ro\/lexikon\/termek\/sukosd-katalin-bethlen-janosne\/","title":{"rendered":"S\u00dcK\u00d6SD Katalin, Bethlen J\u00e1nosn\u00e9"},"content":{"rendered":"<p>?\u00a0\u2020?: f\u00f6ldbirtokos. \u2013 Mikl\u00f3s \u00e9s Bal\u00e1sffy Anna le\u00e1nya. F\u00e9rje Bethlen J\u00e1nos (\u2020\u00a01589. k.). Gyermekei: Farkas (1560\u20131618), S\u00e1ra, J\u00e1nos, Erzs\u00e9bet. <br \/><strong>Irod.:<\/strong> Kelemen Lajos 2006; Lukinich.<\/br><\/p>\n","protected":false},"excerpt":{"rendered":"<p>?\u00a0\u2020?: f\u00f6ldbirtokos. \u2013 Mikl\u00f3s \u00e9s Bal\u00e1sffy Anna le\u00e1nya. F\u00e9rje Bethlen J\u00e1nos (\u2020\u00a01589. k.). Gyermekei: Farkas (1560\u20131618), S\u00e1ra, J\u00e1nos, Erzs\u00e9bet. Irod.: Kelemen Lajos 2006; Lukinich.<\/p>\n","protected":false},"featured_media":0,"comment_status":"open","ping_status":"closed","template":"","meta":[],"product_brand":[],"product_cat":[137],"product_tag":[],"class_list":{"0":"post-20972","1":"product","2":"type-product","3":"status-publish","5":"product_cat-maros-megyei-eletrajzi-lexikon","7":"first","8":"instock","9":"shipping-taxable","10":"product-type-simple"},"_links":{"self":[{"href":"https:\/\/uj.adatbank.ro\/lexikon\/wp-json\/wp\/v2\/product\/20972","targetHints":{"allow":["GET"]}}],"collection":[{"href":"https:\/\/uj.adatbank.ro\/lexikon\/wp-json\/wp\/v2\/product"}],"about":[{"href":"https:\/\/uj.adatbank.ro\/lexikon\/wp-json\/wp\/v2\/types\/product"}],"replies":[{"embeddable":true,"href":"https:\/\/uj.adatbank.ro\/lexikon\/wp-json\/wp\/v2\/comments?post=20972"}],"wp:attachment":[{"href":"https:\/\/uj.adatbank.ro\/lexikon\/wp-json\/wp\/v2\/media?parent=20972"}],"wp:term":[{"taxonomy":"product_brand","embeddable":true,"href":"https:\/\/uj.adatbank.ro\/lexikon\/wp-json\/wp\/v2\/product_brand?post=20972"},{"taxonomy":"product_cat","embeddable":true,"href":"https:\/\/uj.adatbank.ro\/lexikon\/wp-json\/wp\/v2\/product_cat?post=20972"},{"taxonomy":"product_tag","embeddable":true,"href":"https:\/\/uj.adatbank.ro\/lexikon\/wp-json\/wp\/v2\/product_tag?post=20972"}],"curies":[{"name":"wp","href":"https:\/\/api.w.org\/{rel}","templated":true}]}}