{"id":20974,"date":"2025-07-22T19:08:35","date_gmt":"2025-07-22T17:08:35","guid":{"rendered":"https:\/\/uj.adatbank.ro\/lexikon\/termek\/sukosd-mihaly\/"},"modified":"2025-07-22T19:08:35","modified_gmt":"2025-07-22T17:08:35","slug":"sukosd-mihaly","status":"publish","type":"product","link":"https:\/\/uj.adatbank.ro\/lexikon\/termek\/sukosd-mihaly\/","title":{"rendered":"S\u00dcK\u00d6SD Mih\u00e1ly"},"content":{"rendered":"<p>M\u00e1rkod, 1869. \u00e1pr., \u2020 Mv., 1965. m\u00e1rc.: ref. lelk\u00e9sz. \u2013 A mv.-i ref. f\u0151tanod\u00e1ban \u00e9retts\u00e9gizett, Nagyenyeden v\u00e9gezte a teol\u00f3gi\u00e1t, ahol k\u00e1pl\u00e1n Nagy K\u00e1roly lp. mellett. Marosj\u00e1r\u00e1ba h\u00edvt\u00e1k meg lelk\u00e9sznek (1896. nov.) \u00e9s tan\u00edt\u00f3 is (1911\u201312, 1915\u201317, 191\u201319). \u00daj iskol\u00e1t \u00e9p\u00edtettek (1909). Lemondott (1919. nov.) Tev\u00e9kenys\u00e9ge idej\u00e9n m\u0171k\u00f6d\u00f6tt a gazdak\u00f6r, fogyaszt\u00e1si sz\u00f6vetkezeti \u00fczlet, tejsz\u00f6vetkezeti feldolgoz\u00f3\u00fczem l\u00e9tes\u00fclt, amelyek l\u00e9trehoz\u00e1s\u00e1ban szerepe volt. <br \/><strong>Irod.:<\/strong> B\u00f6jthe Andor: A G\u00f6rg\u00e9nyi ev. ref. egyh\u00e1zmegye t\u00f6rt\u00e9nete [k\u00e9zirat]; Cs\u00e1ky.<\/br><\/p>\n","protected":false},"excerpt":{"rendered":"<p>M\u00e1rkod, 1869. \u00e1pr., \u2020 Mv., 1965. m\u00e1rc.: ref. lelk\u00e9sz. \u2013 A mv.-i ref. f\u0151tanod\u00e1ban \u00e9retts\u00e9gizett, Nagyenyeden v\u00e9gezte a teol\u00f3gi\u00e1t, ahol k\u00e1pl\u00e1n Nagy K\u00e1roly lp. mellett. Marosj\u00e1r\u00e1ba h\u00edvt\u00e1k meg lelk\u00e9sznek (1896. nov.) \u00e9s tan\u00edt\u00f3 is (1911\u201312, 1915\u201317, 191\u201319). \u00daj iskol\u00e1t \u00e9p\u00edtettek (1909). Lemondott (1919. nov.) Tev\u00e9kenys\u00e9ge idej\u00e9n m\u0171k\u00f6d\u00f6tt a gazdak\u00f6r, fogyaszt\u00e1si sz\u00f6vetkezeti \u00fczlet, tejsz\u00f6vetkezeti feldolgoz\u00f3\u00fczem l\u00e9tes\u00fclt, [&hellip;]<\/p>\n","protected":false},"featured_media":0,"comment_status":"open","ping_status":"closed","template":"","meta":[],"product_brand":[],"product_cat":[137],"product_tag":[],"class_list":{"0":"post-20974","1":"product","2":"type-product","3":"status-publish","5":"product_cat-maros-megyei-eletrajzi-lexikon","7":"first","8":"instock","9":"shipping-taxable","10":"product-type-simple"},"_links":{"self":[{"href":"https:\/\/uj.adatbank.ro\/lexikon\/wp-json\/wp\/v2\/product\/20974","targetHints":{"allow":["GET"]}}],"collection":[{"href":"https:\/\/uj.adatbank.ro\/lexikon\/wp-json\/wp\/v2\/product"}],"about":[{"href":"https:\/\/uj.adatbank.ro\/lexikon\/wp-json\/wp\/v2\/types\/product"}],"replies":[{"embeddable":true,"href":"https:\/\/uj.adatbank.ro\/lexikon\/wp-json\/wp\/v2\/comments?post=20974"}],"wp:attachment":[{"href":"https:\/\/uj.adatbank.ro\/lexikon\/wp-json\/wp\/v2\/media?parent=20974"}],"wp:term":[{"taxonomy":"product_brand","embeddable":true,"href":"https:\/\/uj.adatbank.ro\/lexikon\/wp-json\/wp\/v2\/product_brand?post=20974"},{"taxonomy":"product_cat","embeddable":true,"href":"https:\/\/uj.adatbank.ro\/lexikon\/wp-json\/wp\/v2\/product_cat?post=20974"},{"taxonomy":"product_tag","embeddable":true,"href":"https:\/\/uj.adatbank.ro\/lexikon\/wp-json\/wp\/v2\/product_tag?post=20974"}],"curies":[{"name":"wp","href":"https:\/\/api.w.org\/{rel}","templated":true}]}}