{"id":20975,"date":"2025-07-22T19:08:37","date_gmt":"2025-07-22T17:08:37","guid":{"rendered":"https:\/\/uj.adatbank.ro\/lexikon\/termek\/sukosd-miklos-nagyteremi\/"},"modified":"2025-07-22T19:08:37","modified_gmt":"2025-07-22T17:08:37","slug":"sukosd-miklos-nagyteremi","status":"publish","type":"product","link":"https:\/\/uj.adatbank.ro\/lexikon\/termek\/sukosd-miklos-nagyteremi\/","title":{"rendered":"S\u00dcK\u00d6SD Mikl\u00f3s, nagyteremi"},"content":{"rendered":"<p>? \u2020?: f\u00f6ldbirtokos. \u2013 Feles\u00e9ge Bal\u00e1sffy Anna. L\u00e1nyai: Katalin-Bethlen J\u00e1nosn\u00e9, Anna-B\u00e9ldy Ferencn\u00e9, Margit-Kem\u00e9ny Istv\u00e1nn\u00e9. <br \/><strong>Irod.:<\/strong> Kelemen Lajos 2006.<\/br><\/p>\n","protected":false},"excerpt":{"rendered":"<p>? \u2020?: f\u00f6ldbirtokos. \u2013 Feles\u00e9ge Bal\u00e1sffy Anna. L\u00e1nyai: Katalin-Bethlen J\u00e1nosn\u00e9, Anna-B\u00e9ldy Ferencn\u00e9, Margit-Kem\u00e9ny Istv\u00e1nn\u00e9. Irod.: Kelemen Lajos 2006.<\/p>\n","protected":false},"featured_media":0,"comment_status":"open","ping_status":"closed","template":"","meta":[],"product_brand":[],"product_cat":[137],"product_tag":[],"class_list":{"0":"post-20975","1":"product","2":"type-product","3":"status-publish","5":"product_cat-maros-megyei-eletrajzi-lexikon","7":"first","8":"instock","9":"shipping-taxable","10":"product-type-simple"},"_links":{"self":[{"href":"https:\/\/uj.adatbank.ro\/lexikon\/wp-json\/wp\/v2\/product\/20975","targetHints":{"allow":["GET"]}}],"collection":[{"href":"https:\/\/uj.adatbank.ro\/lexikon\/wp-json\/wp\/v2\/product"}],"about":[{"href":"https:\/\/uj.adatbank.ro\/lexikon\/wp-json\/wp\/v2\/types\/product"}],"replies":[{"embeddable":true,"href":"https:\/\/uj.adatbank.ro\/lexikon\/wp-json\/wp\/v2\/comments?post=20975"}],"wp:attachment":[{"href":"https:\/\/uj.adatbank.ro\/lexikon\/wp-json\/wp\/v2\/media?parent=20975"}],"wp:term":[{"taxonomy":"product_brand","embeddable":true,"href":"https:\/\/uj.adatbank.ro\/lexikon\/wp-json\/wp\/v2\/product_brand?post=20975"},{"taxonomy":"product_cat","embeddable":true,"href":"https:\/\/uj.adatbank.ro\/lexikon\/wp-json\/wp\/v2\/product_cat?post=20975"},{"taxonomy":"product_tag","embeddable":true,"href":"https:\/\/uj.adatbank.ro\/lexikon\/wp-json\/wp\/v2\/product_tag?post=20975"}],"curies":[{"name":"wp","href":"https:\/\/api.w.org\/{rel}","templated":true}]}}