{"id":20978,"date":"2025-07-22T19:08:43","date_gmt":"2025-07-22T17:08:43","guid":{"rendered":"https:\/\/uj.adatbank.ro\/lexikon\/termek\/suky-de\/"},"modified":"2025-07-22T19:08:43","modified_gmt":"2025-07-22T17:08:43","slug":"suky-de","status":"publish","type":"product","link":"https:\/\/uj.adatbank.ro\/lexikon\/termek\/suky-de\/","title":{"rendered":"SUKY, de."},"content":{"rendered":"<p>K\u00f6vesden S. Ann\u00e1nak kuri\u00e1t \u00e9s birtokot adott B\u00e1thory Zsigmond (1585. m\u00e1rc. 9.) <br \/><strong>Irod.:<\/strong> P\u00e1lmay.<\/br><\/p>\n","protected":false},"excerpt":{"rendered":"<p>K\u00f6vesden S. Ann\u00e1nak kuri\u00e1t \u00e9s birtokot adott B\u00e1thory Zsigmond (1585. m\u00e1rc. 9.) Irod.: P\u00e1lmay.<\/p>\n","protected":false},"featured_media":0,"comment_status":"open","ping_status":"closed","template":"","meta":[],"product_brand":[],"product_cat":[137],"product_tag":[],"class_list":{"0":"post-20978","1":"product","2":"type-product","3":"status-publish","5":"product_cat-maros-megyei-eletrajzi-lexikon","7":"first","8":"instock","9":"shipping-taxable","10":"product-type-simple"},"_links":{"self":[{"href":"https:\/\/uj.adatbank.ro\/lexikon\/wp-json\/wp\/v2\/product\/20978","targetHints":{"allow":["GET"]}}],"collection":[{"href":"https:\/\/uj.adatbank.ro\/lexikon\/wp-json\/wp\/v2\/product"}],"about":[{"href":"https:\/\/uj.adatbank.ro\/lexikon\/wp-json\/wp\/v2\/types\/product"}],"replies":[{"embeddable":true,"href":"https:\/\/uj.adatbank.ro\/lexikon\/wp-json\/wp\/v2\/comments?post=20978"}],"wp:attachment":[{"href":"https:\/\/uj.adatbank.ro\/lexikon\/wp-json\/wp\/v2\/media?parent=20978"}],"wp:term":[{"taxonomy":"product_brand","embeddable":true,"href":"https:\/\/uj.adatbank.ro\/lexikon\/wp-json\/wp\/v2\/product_brand?post=20978"},{"taxonomy":"product_cat","embeddable":true,"href":"https:\/\/uj.adatbank.ro\/lexikon\/wp-json\/wp\/v2\/product_cat?post=20978"},{"taxonomy":"product_tag","embeddable":true,"href":"https:\/\/uj.adatbank.ro\/lexikon\/wp-json\/wp\/v2\/product_tag?post=20978"}],"curies":[{"name":"wp","href":"https:\/\/api.w.org\/{rel}","templated":true}]}}