{"id":20979,"date":"2025-07-22T19:08:45","date_gmt":"2025-07-22T17:08:45","guid":{"rendered":"https:\/\/uj.adatbank.ro\/lexikon\/termek\/suky-felsomagyarzsuki\/"},"modified":"2025-07-22T19:08:45","modified_gmt":"2025-07-22T17:08:45","slug":"suky-felsomagyarzsuki","status":"publish","type":"product","link":"https:\/\/uj.adatbank.ro\/lexikon\/termek\/suky-felsomagyarzsuki\/","title":{"rendered":"SUKY, fels\u0151magyarzsuki"},"content":{"rendered":"<p>Unit\u00e1rius csal\u00e1d. \u2013 El\u0151bb orsz\u00e1gos szerepet v\u00e1llaltak, majd elvonult nemesekk\u00e9nt \u00e9ltek. Birtoka volt S\u00e1rm\u00e1son. Le\u00e1ny\u00e1gi \u00f6r\u00f6k\u00f6sei a Petrichevich Horv\u00e1thok. Birtokai oklevelei a Suky lev\u00e9lt\u00e1rral egy\u00fctt Fels\u0151zsukr\u00f3l az EME lev\u00e9lt\u00e1r\u00e1ba jutottak. Sok \u00e9rt\u00e9kes XVII-XVIII. sz\u00e1zadi monografikus anyag van benn\u00fck kiv\u00e1lt Kisk\u00fck\u00fcll\u0151 \u00e9s Maros-Torda megye sok faluj\u00e1ra. <br \/><strong>Irod.:<\/strong> Kelemen Lajos 2006.<\/br><\/p>\n","protected":false},"excerpt":{"rendered":"<p>Unit\u00e1rius csal\u00e1d. \u2013 El\u0151bb orsz\u00e1gos szerepet v\u00e1llaltak, majd elvonult nemesekk\u00e9nt \u00e9ltek. Birtoka volt S\u00e1rm\u00e1son. Le\u00e1ny\u00e1gi \u00f6r\u00f6k\u00f6sei a Petrichevich Horv\u00e1thok. Birtokai oklevelei a Suky lev\u00e9lt\u00e1rral egy\u00fctt Fels\u0151zsukr\u00f3l az EME lev\u00e9lt\u00e1r\u00e1ba jutottak. Sok \u00e9rt\u00e9kes XVII-XVIII. sz\u00e1zadi monografikus anyag van benn\u00fck kiv\u00e1lt Kisk\u00fck\u00fcll\u0151 \u00e9s Maros-Torda megye sok faluj\u00e1ra. Irod.: Kelemen Lajos 2006.<\/p>\n","protected":false},"featured_media":0,"comment_status":"open","ping_status":"closed","template":"","meta":[],"product_brand":[],"product_cat":[137],"product_tag":[],"class_list":{"0":"post-20979","1":"product","2":"type-product","3":"status-publish","5":"product_cat-maros-megyei-eletrajzi-lexikon","7":"first","8":"instock","9":"shipping-taxable","10":"product-type-simple"},"_links":{"self":[{"href":"https:\/\/uj.adatbank.ro\/lexikon\/wp-json\/wp\/v2\/product\/20979","targetHints":{"allow":["GET"]}}],"collection":[{"href":"https:\/\/uj.adatbank.ro\/lexikon\/wp-json\/wp\/v2\/product"}],"about":[{"href":"https:\/\/uj.adatbank.ro\/lexikon\/wp-json\/wp\/v2\/types\/product"}],"replies":[{"embeddable":true,"href":"https:\/\/uj.adatbank.ro\/lexikon\/wp-json\/wp\/v2\/comments?post=20979"}],"wp:attachment":[{"href":"https:\/\/uj.adatbank.ro\/lexikon\/wp-json\/wp\/v2\/media?parent=20979"}],"wp:term":[{"taxonomy":"product_brand","embeddable":true,"href":"https:\/\/uj.adatbank.ro\/lexikon\/wp-json\/wp\/v2\/product_brand?post=20979"},{"taxonomy":"product_cat","embeddable":true,"href":"https:\/\/uj.adatbank.ro\/lexikon\/wp-json\/wp\/v2\/product_cat?post=20979"},{"taxonomy":"product_tag","embeddable":true,"href":"https:\/\/uj.adatbank.ro\/lexikon\/wp-json\/wp\/v2\/product_tag?post=20979"}],"curies":[{"name":"wp","href":"https:\/\/api.w.org\/{rel}","templated":true}]}}