{"id":20980,"date":"2025-07-22T19:08:47","date_gmt":"2025-07-22T17:08:47","guid":{"rendered":"https:\/\/uj.adatbank.ro\/lexikon\/termek\/suky-benedek\/"},"modified":"2025-07-22T19:08:47","modified_gmt":"2025-07-22T17:08:47","slug":"suky-benedek","status":"publish","type":"product","link":"https:\/\/uj.adatbank.ro\/lexikon\/termek\/suky-benedek\/","title":{"rendered":"SUKY Benedek"},"content":{"rendered":"<p>? \u2020?: zom\u00e1nc m\u0171v\u00e9sz. \u2013 Sopdronyzom\u00e1ncos gy\u00f6ny\u00f6r\u0171 kelyh\u00e9t az esztergomi kincst\u00e1rban \u0151rzik. Kelemen Lajos felfedez\u00e9se szerint a szov\u00e1tai templom fresk\u00f3it is \u0151 k\u00e9sz\u00edtette. <br \/><strong>Irod.:<\/strong> Sikl\u00f3ssy L\u00e1szl\u00f3.<\/br><\/p>\n","protected":false},"excerpt":{"rendered":"<p>? \u2020?: zom\u00e1nc m\u0171v\u00e9sz. \u2013 Sopdronyzom\u00e1ncos gy\u00f6ny\u00f6r\u0171 kelyh\u00e9t az esztergomi kincst\u00e1rban \u0151rzik. Kelemen Lajos felfedez\u00e9se szerint a szov\u00e1tai templom fresk\u00f3it is \u0151 k\u00e9sz\u00edtette. Irod.: Sikl\u00f3ssy L\u00e1szl\u00f3.<\/p>\n","protected":false},"featured_media":0,"comment_status":"open","ping_status":"closed","template":"","meta":[],"product_brand":[],"product_cat":[137],"product_tag":[],"class_list":{"0":"post-20980","1":"product","2":"type-product","3":"status-publish","5":"product_cat-maros-megyei-eletrajzi-lexikon","7":"first","8":"instock","9":"shipping-taxable","10":"product-type-simple"},"_links":{"self":[{"href":"https:\/\/uj.adatbank.ro\/lexikon\/wp-json\/wp\/v2\/product\/20980","targetHints":{"allow":["GET"]}}],"collection":[{"href":"https:\/\/uj.adatbank.ro\/lexikon\/wp-json\/wp\/v2\/product"}],"about":[{"href":"https:\/\/uj.adatbank.ro\/lexikon\/wp-json\/wp\/v2\/types\/product"}],"replies":[{"embeddable":true,"href":"https:\/\/uj.adatbank.ro\/lexikon\/wp-json\/wp\/v2\/comments?post=20980"}],"wp:attachment":[{"href":"https:\/\/uj.adatbank.ro\/lexikon\/wp-json\/wp\/v2\/media?parent=20980"}],"wp:term":[{"taxonomy":"product_brand","embeddable":true,"href":"https:\/\/uj.adatbank.ro\/lexikon\/wp-json\/wp\/v2\/product_brand?post=20980"},{"taxonomy":"product_cat","embeddable":true,"href":"https:\/\/uj.adatbank.ro\/lexikon\/wp-json\/wp\/v2\/product_cat?post=20980"},{"taxonomy":"product_tag","embeddable":true,"href":"https:\/\/uj.adatbank.ro\/lexikon\/wp-json\/wp\/v2\/product_tag?post=20980"}],"curies":[{"name":"wp","href":"https:\/\/api.w.org\/{rel}","templated":true}]}}