{"id":20982,"date":"2025-07-22T19:08:52","date_gmt":"2025-07-22T17:08:52","guid":{"rendered":"https:\/\/uj.adatbank.ro\/lexikon\/termek\/suky-laszlo\/"},"modified":"2025-07-22T19:08:52","modified_gmt":"2025-07-22T17:08:52","slug":"suky-laszlo","status":"publish","type":"product","link":"https:\/\/uj.adatbank.ro\/lexikon\/termek\/suky-laszlo\/","title":{"rendered":"SUKY L\u00e1szl\u00f3"},"content":{"rendered":"<p>1688. m\u00e1rc. 6., \u2020?: kiss\u00e1rosi birtokos. \u2013 Feles\u00e9ge S\u00e1rosi Krisztina (Esk\u00fcv\u0151 Kiss\u00e1ros (K\u00fck\u00fcll\u0151 megye: 1713), Szentm\u00e1rtoni P\u00e1l pr\u00e9dik\u00e1tor eskette. Ott is \u00e9lt \u00e9s t\u00f6bb gyermeke sz\u00fcletett, t\u00f6bbet el is temetett. Melegf\u00f6ldv\u00e1ron Fels\u0151 Sukon is \u00e9lt sz\u00fclettek \u00e9s haltak meg gyermekei. <br \/><strong>Irod.:<\/strong> Kelemen Lajos 2006.<\/br><\/p>\n","protected":false},"excerpt":{"rendered":"<p>1688. m\u00e1rc. 6., \u2020?: kiss\u00e1rosi birtokos. \u2013 Feles\u00e9ge S\u00e1rosi Krisztina (Esk\u00fcv\u0151 Kiss\u00e1ros (K\u00fck\u00fcll\u0151 megye: 1713), Szentm\u00e1rtoni P\u00e1l pr\u00e9dik\u00e1tor eskette. Ott is \u00e9lt \u00e9s t\u00f6bb gyermeke sz\u00fcletett, t\u00f6bbet el is temetett. Melegf\u00f6ldv\u00e1ron Fels\u0151 Sukon is \u00e9lt sz\u00fclettek \u00e9s haltak meg gyermekei. Irod.: Kelemen Lajos 2006.<\/p>\n","protected":false},"featured_media":0,"comment_status":"open","ping_status":"closed","template":"","meta":[],"product_brand":[],"product_cat":[137],"product_tag":[],"class_list":{"0":"post-20982","1":"product","2":"type-product","3":"status-publish","5":"product_cat-maros-megyei-eletrajzi-lexikon","7":"first","8":"instock","9":"shipping-taxable","10":"product-type-simple"},"_links":{"self":[{"href":"https:\/\/uj.adatbank.ro\/lexikon\/wp-json\/wp\/v2\/product\/20982","targetHints":{"allow":["GET"]}}],"collection":[{"href":"https:\/\/uj.adatbank.ro\/lexikon\/wp-json\/wp\/v2\/product"}],"about":[{"href":"https:\/\/uj.adatbank.ro\/lexikon\/wp-json\/wp\/v2\/types\/product"}],"replies":[{"embeddable":true,"href":"https:\/\/uj.adatbank.ro\/lexikon\/wp-json\/wp\/v2\/comments?post=20982"}],"wp:attachment":[{"href":"https:\/\/uj.adatbank.ro\/lexikon\/wp-json\/wp\/v2\/media?parent=20982"}],"wp:term":[{"taxonomy":"product_brand","embeddable":true,"href":"https:\/\/uj.adatbank.ro\/lexikon\/wp-json\/wp\/v2\/product_brand?post=20982"},{"taxonomy":"product_cat","embeddable":true,"href":"https:\/\/uj.adatbank.ro\/lexikon\/wp-json\/wp\/v2\/product_cat?post=20982"},{"taxonomy":"product_tag","embeddable":true,"href":"https:\/\/uj.adatbank.ro\/lexikon\/wp-json\/wp\/v2\/product_tag?post=20982"}],"curies":[{"name":"wp","href":"https:\/\/api.w.org\/{rel}","templated":true}]}}