{"id":20983,"date":"2025-07-22T19:08:55","date_gmt":"2025-07-22T17:08:55","guid":{"rendered":"https:\/\/uj.adatbank.ro\/lexikon\/termek\/suky-laszlo-suki-laszlo\/"},"modified":"2025-07-22T19:08:55","modified_gmt":"2025-07-22T17:08:55","slug":"suky-laszlo-suki-laszlo","status":"publish","type":"product","link":"https:\/\/uj.adatbank.ro\/lexikon\/termek\/suky-laszlo-suki-laszlo\/","title":{"rendered":"SUKY L\u00e1szl\u00f3, Suki L\u00e1szl\u00f3"},"content":{"rendered":"<p>1741? \u2020 L\u0151rincfalva, 1792. j\u00fan. 11.: nemes. <br \/><strong>Irod.:<\/strong> Bi\u00e1s.<\/br><\/p>\n","protected":false},"excerpt":{"rendered":"<p>1741? \u2020 L\u0151rincfalva, 1792. j\u00fan. 11.: nemes. Irod.: Bi\u00e1s.<\/p>\n","protected":false},"featured_media":0,"comment_status":"open","ping_status":"closed","template":"","meta":[],"product_brand":[],"product_cat":[137],"product_tag":[],"class_list":{"0":"post-20983","1":"product","2":"type-product","3":"status-publish","5":"product_cat-maros-megyei-eletrajzi-lexikon","7":"first","8":"instock","9":"shipping-taxable","10":"product-type-simple"},"_links":{"self":[{"href":"https:\/\/uj.adatbank.ro\/lexikon\/wp-json\/wp\/v2\/product\/20983","targetHints":{"allow":["GET"]}}],"collection":[{"href":"https:\/\/uj.adatbank.ro\/lexikon\/wp-json\/wp\/v2\/product"}],"about":[{"href":"https:\/\/uj.adatbank.ro\/lexikon\/wp-json\/wp\/v2\/types\/product"}],"replies":[{"embeddable":true,"href":"https:\/\/uj.adatbank.ro\/lexikon\/wp-json\/wp\/v2\/comments?post=20983"}],"wp:attachment":[{"href":"https:\/\/uj.adatbank.ro\/lexikon\/wp-json\/wp\/v2\/media?parent=20983"}],"wp:term":[{"taxonomy":"product_brand","embeddable":true,"href":"https:\/\/uj.adatbank.ro\/lexikon\/wp-json\/wp\/v2\/product_brand?post=20983"},{"taxonomy":"product_cat","embeddable":true,"href":"https:\/\/uj.adatbank.ro\/lexikon\/wp-json\/wp\/v2\/product_cat?post=20983"},{"taxonomy":"product_tag","embeddable":true,"href":"https:\/\/uj.adatbank.ro\/lexikon\/wp-json\/wp\/v2\/product_tag?post=20983"}],"curies":[{"name":"wp","href":"https:\/\/api.w.org\/{rel}","templated":true}]}}