{"id":20985,"date":"2025-07-22T19:09:00","date_gmt":"2025-07-22T17:09:00","guid":{"rendered":"https:\/\/uj.adatbank.ro\/lexikon\/termek\/sulica-marius\/"},"modified":"2025-07-22T19:09:00","modified_gmt":"2025-07-22T17:09:00","slug":"sulica-marius","status":"publish","type":"product","link":"https:\/\/uj.adatbank.ro\/lexikon\/termek\/sulica-marius\/","title":{"rendered":"SULIC\u0102, Marius"},"content":{"rendered":"<p>? \u2020?: orvos, egyetemi tan\u00e1r. \u2013 Nicolae.Sulic\u0103 fia. A Papiu Ilarian L\u00edc.-ban v\u00e9gzett (1932). Tanulm\u00e1nyt k\u00f6z\u00f6lt Papiu Ilarian -r\u00f3l az Anuar.. \u2013ban (1930\u201331). M\u00e9g a kv.-i Orvosi Egyetemi \u00e9veiben t\u00f6bb mv.-i sajt\u00f3term\u00e9k munkat\u00e1rsa. A Progres \u015fi cultur\u0103 c. lapban k\u00f6zz\u00e9tette a Contribu\u0163ii la bibliografia operelor lui Al. Papiu Ilarian c. tanulm\u00e1ny\u00e1t, amelyben sok addig ismeretlen \u00e9letrajzi adatot t\u00e1rt fel, f\u0151leg Papiu kv.-i egyetemista \u00e9veib\u0151l. Tan\u00e1r a kv.-i Orvosi \u00e9s Gy\u00f3gyszer\u00e9szeti Egyetemen. <br \/><strong>Irod.:<\/strong> Ciortea, Grigore: Anuarul Lic. de B\u0103ie\u0163i Papiu Ilarian din Tg. M.1930\u201331 (Tg.M., 1932); \u015eerban 2006.<\/br><\/p>\n","protected":false},"excerpt":{"rendered":"<p>? \u2020?: orvos, egyetemi tan\u00e1r. \u2013 Nicolae.Sulic\u0103 fia. A Papiu Ilarian L\u00edc.-ban v\u00e9gzett (1932). Tanulm\u00e1nyt k\u00f6z\u00f6lt Papiu Ilarian -r\u00f3l az Anuar.. \u2013ban (1930\u201331). M\u00e9g a kv.-i Orvosi Egyetemi \u00e9veiben t\u00f6bb mv.-i sajt\u00f3term\u00e9k munkat\u00e1rsa. A Progres \u015fi cultur\u0103 c. lapban k\u00f6zz\u00e9tette a Contribu\u0163ii la bibliografia operelor lui Al. Papiu Ilarian c. tanulm\u00e1ny\u00e1t, amelyben sok addig ismeretlen [&hellip;]<\/p>\n","protected":false},"featured_media":0,"comment_status":"open","ping_status":"closed","template":"","meta":[],"product_brand":[],"product_cat":[137],"product_tag":[],"class_list":{"0":"post-20985","1":"product","2":"type-product","3":"status-publish","5":"product_cat-maros-megyei-eletrajzi-lexikon","7":"first","8":"instock","9":"shipping-taxable","10":"product-type-simple"},"_links":{"self":[{"href":"https:\/\/uj.adatbank.ro\/lexikon\/wp-json\/wp\/v2\/product\/20985","targetHints":{"allow":["GET"]}}],"collection":[{"href":"https:\/\/uj.adatbank.ro\/lexikon\/wp-json\/wp\/v2\/product"}],"about":[{"href":"https:\/\/uj.adatbank.ro\/lexikon\/wp-json\/wp\/v2\/types\/product"}],"replies":[{"embeddable":true,"href":"https:\/\/uj.adatbank.ro\/lexikon\/wp-json\/wp\/v2\/comments?post=20985"}],"wp:attachment":[{"href":"https:\/\/uj.adatbank.ro\/lexikon\/wp-json\/wp\/v2\/media?parent=20985"}],"wp:term":[{"taxonomy":"product_brand","embeddable":true,"href":"https:\/\/uj.adatbank.ro\/lexikon\/wp-json\/wp\/v2\/product_brand?post=20985"},{"taxonomy":"product_cat","embeddable":true,"href":"https:\/\/uj.adatbank.ro\/lexikon\/wp-json\/wp\/v2\/product_cat?post=20985"},{"taxonomy":"product_tag","embeddable":true,"href":"https:\/\/uj.adatbank.ro\/lexikon\/wp-json\/wp\/v2\/product_tag?post=20985"}],"curies":[{"name":"wp","href":"https:\/\/api.w.org\/{rel}","templated":true}]}}