{"id":20987,"date":"2025-07-22T19:09:03","date_gmt":"2025-07-22T17:09:03","guid":{"rendered":"https:\/\/uj.adatbank.ro\/lexikon\/termek\/sulica-valeria-gavrus\/"},"modified":"2025-07-22T19:09:03","modified_gmt":"2025-07-22T17:09:03","slug":"sulica-valeria-gavrus","status":"publish","type":"product","link":"https:\/\/uj.adatbank.ro\/lexikon\/termek\/sulica-valeria-gavrus\/","title":{"rendered":"SULIC\u0102, Valeria; G\u0103vru\u015f"},"content":{"rendered":"<p>Mv., 1940 \u2020?: ? <br \/><strong>Irod.:<\/strong> Dumbrav\u0103 \u015et.: Valeria Sulic\u0103 n\u0103sc. G\u0103vru\u015f: c\u00e2teva note cu prilejul mor\u0163ii sale dinpteun\u0103 cu panegiricul rostit de c\u0103tre protopopul stavrofor \u015etefan Rusu (Tg.N., 1940).<\/br><\/p>\n","protected":false},"excerpt":{"rendered":"<p>Mv., 1940 \u2020?: ? Irod.: Dumbrav\u0103 \u015et.: Valeria Sulic\u0103 n\u0103sc. G\u0103vru\u015f: c\u00e2teva note cu prilejul mor\u0163ii sale dinpteun\u0103 cu panegiricul rostit de c\u0103tre protopopul stavrofor \u015etefan Rusu (Tg.N., 1940).<\/p>\n","protected":false},"featured_media":0,"comment_status":"open","ping_status":"closed","template":"","meta":[],"product_brand":[],"product_cat":[137],"product_tag":[],"class_list":{"0":"post-20987","1":"product","2":"type-product","3":"status-publish","5":"product_cat-maros-megyei-eletrajzi-lexikon","7":"first","8":"instock","9":"shipping-taxable","10":"product-type-simple"},"_links":{"self":[{"href":"https:\/\/uj.adatbank.ro\/lexikon\/wp-json\/wp\/v2\/product\/20987","targetHints":{"allow":["GET"]}}],"collection":[{"href":"https:\/\/uj.adatbank.ro\/lexikon\/wp-json\/wp\/v2\/product"}],"about":[{"href":"https:\/\/uj.adatbank.ro\/lexikon\/wp-json\/wp\/v2\/types\/product"}],"replies":[{"embeddable":true,"href":"https:\/\/uj.adatbank.ro\/lexikon\/wp-json\/wp\/v2\/comments?post=20987"}],"wp:attachment":[{"href":"https:\/\/uj.adatbank.ro\/lexikon\/wp-json\/wp\/v2\/media?parent=20987"}],"wp:term":[{"taxonomy":"product_brand","embeddable":true,"href":"https:\/\/uj.adatbank.ro\/lexikon\/wp-json\/wp\/v2\/product_brand?post=20987"},{"taxonomy":"product_cat","embeddable":true,"href":"https:\/\/uj.adatbank.ro\/lexikon\/wp-json\/wp\/v2\/product_cat?post=20987"},{"taxonomy":"product_tag","embeddable":true,"href":"https:\/\/uj.adatbank.ro\/lexikon\/wp-json\/wp\/v2\/product_tag?post=20987"}],"curies":[{"name":"wp","href":"https:\/\/api.w.org\/{rel}","templated":true}]}}