{"id":20988,"date":"2025-07-22T19:09:06","date_gmt":"2025-07-22T17:09:06","guid":{"rendered":"https:\/\/uj.adatbank.ro\/lexikon\/termek\/sulyok-istvan-szopori-adamosi\/"},"modified":"2025-07-22T19:09:06","modified_gmt":"2025-07-22T17:09:06","slug":"sulyok-istvan-szopori-adamosi","status":"publish","type":"product","link":"https:\/\/uj.adatbank.ro\/lexikon\/termek\/sulyok-istvan-szopori-adamosi\/","title":{"rendered":"SULYOK Istv\u00e1n, szopori, \u00e1d\u00e1mosi"},"content":{"rendered":"<p>? \u2020?: f\u0151isp\u00e1n, \u00fcln\u00f6k, tan\u00e1csos. \u2013 S. J\u00e1nos \u00e9s Alm\u00e1di Anna fia. \u2013 \u00c1d\u00e1mos az unit. S. csal\u00e1d birtoka volt, kihal\u00e1suk ut\u00e1n Mikes gr\u00f3fok birtoka lett. Kolozs vm.-i (1638\u201349), majd Kis-k\u00fck\u00fcll\u0151 vm.-i f\u0151isp\u00e1n (1649\u201356). II. R\u00e1k\u00f3czi Gy\u00f6rgy kincst\u00e1rnoka. Kir. megh\u00edvott, f\u00e9kezte R\u00e1k\u00f3czinak a t\u00f6r\u00f6k porta ellen ir\u00e1nyul\u00f3 mozgol\u00f3d\u00e1s\u00e1t. Egy rigmus szerint: \u201eSulyok Istv\u00e1n az m\u00edg \u00e9le, R\u00e1k\u00f3czi Gy\u00f6rgy veszteg \u00fcle\u201d. II R\u00e1k\u00f3czi Gy\u00f6rgy Apaffi Gy\u00f6rgy eln\u00f6klete alatt bizotts\u00e1got k\u00fcld\u00f6tt B\u00f6z\u00f6d \u00e9s Monyasd falvakba, hogy a vall\u00e1si szakad\u00e1s miatt keletkezett villong\u00e1st lecsendes\u00edts\u00e9k \u00e9s a k\u00e9t felekezet h\u00edveit \u00f6sszesz\u00e1molj\u00e1k \u00e9s a nagyobb r\u00e9sznek adj\u00e1k \u00e1t a templomot \u00e9s az egyh\u00e1zi h\u00e1zakat \u00e9s f\u00f6ldeket (1634). <br \/><strong>Irod.:<\/strong> K\u00e9nosi\u2013Uzoni 1., 2.; Mo. f\u0151isp\u00e1njai; SzOkl, 6.<\/br><\/p>\n","protected":false},"excerpt":{"rendered":"<p>? \u2020?: f\u0151isp\u00e1n, \u00fcln\u00f6k, tan\u00e1csos. \u2013 S. J\u00e1nos \u00e9s Alm\u00e1di Anna fia. \u2013 \u00c1d\u00e1mos az unit. S. csal\u00e1d birtoka volt, kihal\u00e1suk ut\u00e1n Mikes gr\u00f3fok birtoka lett. Kolozs vm.-i (1638\u201349), majd Kis-k\u00fck\u00fcll\u0151 vm.-i f\u0151isp\u00e1n (1649\u201356). II. R\u00e1k\u00f3czi Gy\u00f6rgy kincst\u00e1rnoka. Kir. megh\u00edvott, f\u00e9kezte R\u00e1k\u00f3czinak a t\u00f6r\u00f6k porta ellen ir\u00e1nyul\u00f3 mozgol\u00f3d\u00e1s\u00e1t. Egy rigmus szerint: \u201eSulyok Istv\u00e1n az m\u00edg [&hellip;]<\/p>\n","protected":false},"featured_media":0,"comment_status":"open","ping_status":"closed","template":"","meta":[],"product_brand":[],"product_cat":[137],"product_tag":[],"class_list":{"0":"post-20988","1":"product","2":"type-product","3":"status-publish","5":"product_cat-maros-megyei-eletrajzi-lexikon","7":"first","8":"instock","9":"shipping-taxable","10":"product-type-simple"},"_links":{"self":[{"href":"https:\/\/uj.adatbank.ro\/lexikon\/wp-json\/wp\/v2\/product\/20988","targetHints":{"allow":["GET"]}}],"collection":[{"href":"https:\/\/uj.adatbank.ro\/lexikon\/wp-json\/wp\/v2\/product"}],"about":[{"href":"https:\/\/uj.adatbank.ro\/lexikon\/wp-json\/wp\/v2\/types\/product"}],"replies":[{"embeddable":true,"href":"https:\/\/uj.adatbank.ro\/lexikon\/wp-json\/wp\/v2\/comments?post=20988"}],"wp:attachment":[{"href":"https:\/\/uj.adatbank.ro\/lexikon\/wp-json\/wp\/v2\/media?parent=20988"}],"wp:term":[{"taxonomy":"product_brand","embeddable":true,"href":"https:\/\/uj.adatbank.ro\/lexikon\/wp-json\/wp\/v2\/product_brand?post=20988"},{"taxonomy":"product_cat","embeddable":true,"href":"https:\/\/uj.adatbank.ro\/lexikon\/wp-json\/wp\/v2\/product_cat?post=20988"},{"taxonomy":"product_tag","embeddable":true,"href":"https:\/\/uj.adatbank.ro\/lexikon\/wp-json\/wp\/v2\/product_tag?post=20988"}],"curies":[{"name":"wp","href":"https:\/\/api.w.org\/{rel}","templated":true}]}}